{"id":14109,"date":"2023-01-02T17:37:06","date_gmt":"2023-01-02T16:37:06","guid":{"rendered":"https:\/\/www.elephant-vert.com\/gtu\/"},"modified":"2023-04-04T16:58:21","modified_gmt":"2023-04-04T14:58:21","slug":"gtu","status":"publish","type":"page","link":"https:\/\/www.elephant-vert.com\/en\/gtu\/","title":{"rendered":"GTU"},"content":{"rendered":"\t\t<div data-elementor-type=\"wp-page\" data-elementor-id=\"14109\" class=\"elementor elementor-14109 elementor-3529\" data-elementor-post-type=\"page\">\n\t\t\t\t\t\t<section class=\"elementor-section elementor-top-section elementor-element elementor-element-46c2df2 elementor-section-height-min-height elementor-section-content-middle elementor-section-stretched elementor-section-items-top elementor-section-boxed elementor-section-height-default\" data-id=\"46c2df2\" data-element_type=\"section\" data-e-type=\"section\" data-settings=\"{&quot;stretch_section&quot;:&quot;section-stretched&quot;,&quot;background_background&quot;:&quot;classic&quot;}\">\n\t\t\t\t\t\t\t<div class=\"elementor-background-overlay\"><\/div>\n\t\t\t\t\t\t\t<div class=\"elementor-container elementor-column-gap-no\">\n\t\t\t\t\t<div class=\"elementor-column elementor-col-100 elementor-top-column elementor-element elementor-element-a560afe\" data-id=\"a560afe\" data-element_type=\"column\" data-e-type=\"column\">\n\t\t\t<div class=\"elementor-widget-wrap elementor-element-populated\">\n\t\t\t\t\t\t<div class=\"elementor-element elementor-element-3d9a0e9 elementor-align-left elementor-widget elementor-widget-breadcrumbs\" data-id=\"3d9a0e9\" data-element_type=\"widget\" data-e-type=\"widget\" data-widget_type=\"breadcrumbs.default\">\n\t\t\t\t<div class=\"elementor-widget-container\">\n\t\t\t\t\t<p id=\"breadcrumbs\"><span><span><a href=\"https:\/\/www.elephant-vert.com\/en\/\">Home<\/a><\/span><\/span><\/p>\t\t\t\t<\/div>\n\t\t\t\t<\/div>\n\t\t\t\t<div class=\"elementor-element elementor-element-4d7594d elementor-widget elementor-widget-heading\" data-id=\"4d7594d\" data-element_type=\"widget\" data-e-type=\"widget\" data-widget_type=\"heading.default\">\n\t\t\t\t<div class=\"elementor-widget-container\">\n\t\t\t\t\t<h1 class=\"elementor-heading-title elementor-size-default\">TERMS AND CONDITIONS OF USE<\/h1>\t\t\t\t<\/div>\n\t\t\t\t<\/div>\n\t\t\t\t\t<\/div>\n\t\t<\/div>\n\t\t\t\t\t<\/div>\n\t\t<\/section>\n\t\t\t\t<section class=\"elementor-section elementor-top-section elementor-element elementor-element-99b1b81 elementor-section-stretched elementor-section-boxed elementor-section-height-default elementor-section-height-default\" data-id=\"99b1b81\" data-element_type=\"section\" data-e-type=\"section\" data-settings=\"{&quot;stretch_section&quot;:&quot;section-stretched&quot;}\">\n\t\t\t\t\t\t<div class=\"elementor-container elementor-column-gap-no\">\n\t\t\t\t\t<div class=\"elementor-column elementor-col-100 elementor-top-column elementor-element elementor-element-c369d1c\" data-id=\"c369d1c\" data-element_type=\"column\" data-e-type=\"column\" data-settings=\"{&quot;background_background&quot;:&quot;classic&quot;}\">\n\t\t\t<div class=\"elementor-widget-wrap elementor-element-populated\">\n\t\t\t\t\t\t<div class=\"elementor-element elementor-element-4fbcd0c elementor-widget elementor-widget-heading\" data-id=\"4fbcd0c\" data-element_type=\"widget\" data-e-type=\"widget\" data-widget_type=\"heading.default\">\n\t\t\t\t<div class=\"elementor-widget-container\">\n\t\t\t\t\t<h2 class=\"elementor-heading-title elementor-size-default\">PURPOSE OF THE SITE<\/h2>\t\t\t\t<\/div>\n\t\t\t\t<\/div>\n\t\t\t\t<div class=\"elementor-element elementor-element-0a39d12 elementor-widget elementor-widget-text-editor\" data-id=\"0a39d12\" data-element_type=\"widget\" data-e-type=\"widget\" data-widget_type=\"text-editor.default\">\n\t\t\t\t<div class=\"elementor-widget-container\">\n\t\t\t\t\t\t\t\t\t<p>The Internet site accessible <a href=\"https:\/\/www.elephant-vert.com\/en\/\">www.elephant-vert.com<\/a> &nbsp;(\u00ab&nbsp;the Site&nbsp;\u00bb) is the institutional site of the \u00c9L\u00c9PHANT VERT Group, access to which and browsing of which are subject to compliance with the following general conditions of use (\u00ab&nbsp;GTU&nbsp;\u00bb). &nbsp;Its purpose is to present the \u00c9L\u00c9PHANT HANT VERT Group, its products and services.<\/p>\n<p>The Site is published by \u00c9L\u00c9PHANT VERT FRANCE, whose contact details and legal information are provided in the Site&#8217;s Legal Notice alongside those of the Site&#8217;s Host.<\/p>\n<p>Information on the collection and processing of personal data from the Site and on cookies is provided in the Privacy Policy and the Cookies Charter accessible on all pages of the Site.<\/p>\t\t\t\t\t\t\t\t<\/div>\n\t\t\t\t<\/div>\n\t\t\t\t<div class=\"elementor-element elementor-element-acd3b44 elementor-widget elementor-widget-heading\" data-id=\"acd3b44\" data-element_type=\"widget\" data-e-type=\"widget\" data-widget_type=\"heading.default\">\n\t\t\t\t<div class=\"elementor-widget-container\">\n\t\t\t\t\t<h2 class=\"elementor-heading-title elementor-size-default\">Intellectual Property<\/h2>\t\t\t\t<\/div>\n\t\t\t\t<\/div>\n\t\t\t\t<div class=\"elementor-element elementor-element-3ad986c elementor-widget elementor-widget-text-editor\" data-id=\"3ad986c\" data-element_type=\"widget\" data-e-type=\"widget\" data-widget_type=\"text-editor.default\">\n\t\t\t\t<div class=\"elementor-widget-container\">\n\t\t\t\t\t\t\t\t\t<p>ELEPHANT VERT FRANCE reserves the right to claim damages in case of infringement of its intellectual property rights.<strong> <\/strong><\/p>\n<ul>\n<li><strong><u>Site<\/u><\/strong><\/li>\n<\/ul>\n<p>The Site is a multimedia work protected by intellectual property law and any other similar rights. The Site and each of its components (such as, in particular, trademarks, logos, photographs, images, illustrations, texts, videos, etc.) are the exclusive property of \u00c9L\u00c9PHANT VERT FRANCE, its affiliated companies and\/or its partners, who are the only ones authorized to use the intellectual property rights and rights of use of the personality related to it.<\/p>\n<p>Any reproduction and\/or representation, in whole or in part, use, adaptation or modification of the Website or of any of its components on any medium whatsoever, and in any form whatsoever, must be authorized in writing beforehand by \u00c9L\u00c9PHANT VERT FRANCE, its affiliates and\/or its partners.<\/p>\n<p>It is also forbidden (i) to modify all or part of the content of the Site and in particular the software that makes up the Site and\/or (ii) to use modified versions of this software.<\/p>\n<ul>\n<li><u><strong>Brands<\/strong> <\/u><\/li>\n<\/ul>\n<p>The trademarks mentioned on the Site are protected trademarks and are the exclusive property of \u00c9L\u00c9PHANT VERT FRANCE, its affiliates and\/or its partners. Any person making unauthorized use of these trademarks is liable to the penalties provided for in the French Intellectual Property Code.<\/p>\n<ul>\n<li><strong><u>Hyperlinks<\/u><\/strong><\/li>\n<\/ul>\n<p>The creation of hypertext links to the Site can only be done with the prior written authorization of \u00c9L\u00c9PHANT VERT FRANCE. \u00c9L\u00c9PHANT VERT FRANCE cannot be held responsible for the content, advertising, products, services or any other information or data available on or from these external sites or sources.<\/p>\n<p>Furthermore, \u00c9L\u00c9PHANT VERT France cannot be held responsible for any damage or loss, whether proven or alleged, resulting from the use of or reliance on the content, goods or services available on these external sites or sources.<\/p>\n\t\t\t\t\t\t\t\t<\/div>\n\t\t\t\t<\/div>\n\t\t\t\t<div class=\"elementor-element elementor-element-2c9192f elementor-widget elementor-widget-heading\" data-id=\"2c9192f\" data-element_type=\"widget\" data-e-type=\"widget\" data-widget_type=\"heading.default\">\n\t\t\t\t<div class=\"elementor-widget-container\">\n\t\t\t\t\t<h2 class=\"elementor-heading-title elementor-size-default\">Recruitment Area<\/h2>\t\t\t\t<\/div>\n\t\t\t\t<\/div>\n\t\t\t\t<div class=\"elementor-element elementor-element-8bb1e4c elementor-widget elementor-widget-text-editor\" data-id=\"8bb1e4c\" data-element_type=\"widget\" data-e-type=\"widget\" data-widget_type=\"text-editor.default\">\n\t\t\t\t<div class=\"elementor-widget-container\">\n\t\t\t\t\t\t\t\t\t<p>The Recruitment section is managed by the Human Resources Department of the \u00c9L\u00c9PHANT VERT Group. This section allows the User to consult the job offers of the different entities of the \u00c9L\u00c9PHANT VERT Group, in metropolitan France and abroad. to apply for a job and\/or to send an unsolicited application.<\/p>\n<p>Each of the companies of the \u00c9L\u00c9PHANT VERT Group to which the User applies via the Recruitment space is responsible for his application file from its reception, its processing to its archiving.<\/p>\n<p>The Site does not intervene in the description and the contents of the offers put on line by all the entities concerned. It cannot be held responsible in this respect. For any question or request you may have concerning an offer posted on the Site, please contact the \u00c9L\u00c9PHANT VERT entity concerned directly.<\/p>\n<p>Responding to a job offer on the Site does not give the User any guarantee that his\/her application will be accepted, even if the candidate matches the job profile. No contractual relationship will be created between the candidate and one of the entities of the \u00c9L\u00c9PHANT VERT Group by sending an application or, unless otherwise specified, by a subsequent exchange of correspondence by electronic or traditional means. In the event that the candidate accepts a position offered by one of the entities of the \u00c9L\u00c9PHANT VERT Group, the terms and conditions of employment will be described exclusively in an employment contract. The responsibility of one of the entities of the \u00c9L\u00c9PHANT VERT Group will not be engaged in any way whatsoever in the event that the position is no longer available or in the event that the application would not be successful.<\/p>\n\t\t\t\t\t\t\t\t<\/div>\n\t\t\t\t<\/div>\n\t\t\t\t<div class=\"elementor-element elementor-element-baff31d elementor-widget elementor-widget-heading\" data-id=\"baff31d\" data-element_type=\"widget\" data-e-type=\"widget\" data-widget_type=\"heading.default\">\n\t\t\t\t<div class=\"elementor-widget-container\">\n\t\t\t\t\t<h2 class=\"elementor-heading-title elementor-size-default\">Responsability<\/h2>\t\t\t\t<\/div>\n\t\t\t\t<\/div>\n\t\t\t\t<div class=\"elementor-element elementor-element-66b87e9 elementor-widget elementor-widget-text-editor\" data-id=\"66b87e9\" data-element_type=\"widget\" data-e-type=\"widget\" data-widget_type=\"text-editor.default\">\n\t\t\t\t<div class=\"elementor-widget-container\">\n\t\t\t\t\t\t\t\t\t<p>In principle, the Website is accessible 24 hours a day, 7 days a week, except in the event of scheduled or unscheduled interruptions for maintenance purposes or in cases of force majeure. Being subject to an obligation of means, \u00c9L\u00c9PHANT VERT FRANCE cannot be held responsible for any damage, whatever its nature, resulting from the unavailability of the Site.<\/p>\n<p>By accessing the Site, Users guarantee that they have the skills, equipment and software required for its use and, more generally, for use of the Internet. The User knows and assumes in full knowledge of the characteristics of the Internet and its use, in particular the limitations related to technical performance, response times and the risks related to the security of communications.<\/p>\n<p>\u00c9L\u00c9PHANT VERT FRANCE does not guarantee that the Site will be free of anomalies, errors or bugs, nor that the Site will function without breakdown or interruption Likewise, \u00c9L\u00c9PHANT VERT FRANCE cannot be held responsible for any damage resulting from the use of the Internet such as loss of data, intrusion, virus, breakdown of the website service or others.<\/p>\n<p>Users expressly declare that they use the Site at their own risk and under their sole responsibility. In any case, \u00c9L\u00c9PHANT VERT FRANCE shall not be held responsible in any way:<\/p>\n<ul>\n<li>for any direct or indirect damage whatever the causes, origins, natures or consequences, which may result from the use of the Site, on the contrary from the impossibility of its use and\/or from the credit given to any information coming directly or indirectly from the Site;<\/li>\n<li>any direct or indirect damage resulting from fraudulent intrusion by a third party leading to a modification of the information or elements made available on the Site;<\/li>\n<li>for any inaccuracy, imprecision, error or omission concerning the information available on the Site.<\/li>\n<\/ul>\n\t\t\t\t\t\t\t\t<\/div>\n\t\t\t\t<\/div>\n\t\t\t\t<div class=\"elementor-element elementor-element-dda1d7d elementor-widget elementor-widget-heading\" data-id=\"dda1d7d\" data-element_type=\"widget\" data-e-type=\"widget\" data-widget_type=\"heading.default\">\n\t\t\t\t<div class=\"elementor-widget-container\">\n\t\t\t\t\t<h2 class=\"elementor-heading-title elementor-size-default\">General<\/h2>\t\t\t\t<\/div>\n\t\t\t\t<\/div>\n\t\t\t\t<div class=\"elementor-element elementor-element-a385ec6 elementor-widget elementor-widget-text-editor\" data-id=\"a385ec6\" data-element_type=\"widget\" data-e-type=\"widget\" data-widget_type=\"text-editor.default\">\n\t\t\t\t<div class=\"elementor-widget-container\">\n\t\t\t\t\t\t\t\t\t<ul>\n<li><strong><u>Modifications<\/u><\/strong><\/li>\n<\/ul>\n<p>\u00c9L\u00c9PHANT VERT FRANCE reserves the right to modify and update the present GTU at any time without prior notice. The user is invited to consult them regularly. The use of the Site will be subject to the GTU\u2019s in force at the time of use.<\/p>\n<ul>\n<li><strong><u>Integrality<\/u><\/strong><\/li>\n<\/ul>\n<p>In the event that one of the clauses of these GTU\u2019s is invalid due to a change in legislation, regulation or by a court decision, this will not affect the validity and respect of the other clauses of the GTU.<\/p>\n<ul>\n<li><strong><u>Applicable Law<\/u><\/strong><\/li>\n<\/ul>\n<p>The Site and its content are governed by French law, and any dispute relating thereto, which could not be settled amicably, is subject to the exclusive jurisdiction of the court\u2019s ruling in the jurisdiction of the Court of Appeal of Paris (France), even in the event of a warranty claim or multiple claimants.<\/p>\n<ul>\n<li><strong><u>Contact<\/u><\/strong><\/li>\n<\/ul>\n<p>To contact us, we invite the User to go to the &#8220;Contact Us&#8221; tab.<\/p>\n<p>Last update:<br \/>February 2023 \u00a9<br \/>ELEPHANT VERT FRANCE<\/p>\n\t\t\t\t\t\t\t\t<\/div>\n\t\t\t\t<\/div>\n\t\t\t\t\t<\/div>\n\t\t<\/div>\n\t\t\t\t\t<\/div>\n\t\t<\/section>\n\t\t\t\t<\/div>\n\t\t","protected":false},"excerpt":{"rendered":"<p>TERMS AND CONDITIONS OF USE PURPOSE OF THE SITE The Internet site accessible www.elephant-vert.com &nbsp;(\u00ab&nbsp;the Site&nbsp;\u00bb) is the institutional site of the \u00c9L\u00c9PHANT VERT Group, access to which and browsing of which are subject to compliance with the following general conditions of use (\u00ab&nbsp;GTU&nbsp;\u00bb). &nbsp;Its purpose is to present the \u00c9L\u00c9PHANT HANT VERT Group, its &#8230; <a title=\"GTU\" class=\"read-more\" href=\"https:\/\/www.elephant-vert.com\/en\/gtu\/\" aria-label=\"Read more about GTU\">Lire plus<\/a><\/p>\n","protected":false},"author":1,"featured_media":0,"parent":0,"menu_order":0,"comment_status":"closed","ping_status":"closed","template":"elementor_header_footer","meta":{"_acf_changed":false,"inline_featured_image":false,"footnotes":""},"class_list":["post-14109","page","type-page","status-publish"],"acf":[],"yoast_head":"<!-- This site is optimized with the Yoast SEO plugin v27.5 - https:\/\/yoast.com\/product\/yoast-seo-wordpress\/ -->\n<title>GTU - El\u00e9phant Vert<\/title>\n<meta name=\"description\" content=\"The GTU of the \u00c9l\u00e9phant Vert Group (EV) a global player in soil improvers, organic fertilizers, biostimulants and biocontrol.&quot;\" \/>\n<meta name=\"robots\" content=\"index, follow, max-snippet:-1, max-image-preview:large, max-video-preview:-1\" \/>\n<link rel=\"canonical\" href=\"https:\/\/www.elephant-vert.com\/en\/gtu\/\" \/>\n<meta property=\"og:locale\" content=\"en_US\" \/>\n<meta property=\"og:type\" content=\"article\" \/>\n<meta property=\"og:title\" content=\"GTU - El\u00e9phant Vert\" \/>\n<meta property=\"og:description\" content=\"The GTU of the \u00c9l\u00e9phant Vert Group (EV) a global player in soil improvers, organic fertilizers, biostimulants and biocontrol.&quot;\" \/>\n<meta property=\"og:url\" content=\"https:\/\/www.elephant-vert.com\/en\/gtu\/\" \/>\n<meta property=\"og:site_name\" content=\"El\u00e9phant Vert\" \/>\n<meta property=\"article:modified_time\" content=\"2023-04-04T14:58:21+00:00\" \/>\n<meta name=\"twitter:card\" content=\"summary_large_image\" \/>\n<meta name=\"twitter:label1\" content=\"Est. reading time\" \/>\n\t<meta name=\"twitter:data1\" content=\"6 minutes\" \/>\n<script type=\"application\/ld+json\" class=\"yoast-schema-graph\">{\"@context\":\"https:\\\/\\\/schema.org\",\"@graph\":[{\"@type\":\"WebPage\",\"@id\":\"https:\\\/\\\/www.elephant-vert.com\\\/en\\\/gtu\\\/\",\"url\":\"https:\\\/\\\/www.elephant-vert.com\\\/en\\\/gtu\\\/\",\"name\":\"GTU - El\u00e9phant Vert\",\"isPartOf\":{\"@id\":\"https:\\\/\\\/www.elephant-vert.com\\\/en\\\/#website\"},\"datePublished\":\"2023-01-02T16:37:06+00:00\",\"dateModified\":\"2023-04-04T14:58:21+00:00\",\"description\":\"The GTU of the \u00c9l\u00e9phant Vert Group (EV) a global player in soil improvers, organic fertilizers, biostimulants and biocontrol.\\\"\",\"breadcrumb\":{\"@id\":\"https:\\\/\\\/www.elephant-vert.com\\\/en\\\/gtu\\\/#breadcrumb\"},\"inLanguage\":\"en-US\",\"potentialAction\":[{\"@type\":\"ReadAction\",\"target\":[\"https:\\\/\\\/www.elephant-vert.com\\\/en\\\/gtu\\\/\"]}]},{\"@type\":\"BreadcrumbList\",\"@id\":\"https:\\\/\\\/www.elephant-vert.com\\\/en\\\/gtu\\\/#breadcrumb\",\"itemListElement\":[{\"@type\":\"ListItem\",\"position\":1,\"name\":\"Home\",\"item\":\"https:\\\/\\\/www.elephant-vert.com\\\/en\\\/\"},{\"@type\":\"ListItem\",\"position\":2,\"name\":\"GTU\"}]},{\"@type\":\"WebSite\",\"@id\":\"https:\\\/\\\/www.elephant-vert.com\\\/en\\\/#website\",\"url\":\"https:\\\/\\\/www.elephant-vert.com\\\/en\\\/\",\"name\":\"El\u00e9phant Vert\",\"description\":\"Cultivons un avenir fertile\",\"publisher\":{\"@id\":\"https:\\\/\\\/www.elephant-vert.com\\\/en\\\/#organization\"},\"potentialAction\":[{\"@type\":\"SearchAction\",\"target\":{\"@type\":\"EntryPoint\",\"urlTemplate\":\"https:\\\/\\\/www.elephant-vert.com\\\/en\\\/?s={search_term_string}\"},\"query-input\":{\"@type\":\"PropertyValueSpecification\",\"valueRequired\":true,\"valueName\":\"search_term_string\"}}],\"inLanguage\":\"en-US\"},{\"@type\":\"Organization\",\"@id\":\"https:\\\/\\\/www.elephant-vert.com\\\/en\\\/#organization\",\"name\":\"El\u00e9phant Vert\",\"url\":\"https:\\\/\\\/www.elephant-vert.com\\\/en\\\/\",\"logo\":{\"@type\":\"ImageObject\",\"inLanguage\":\"en-US\",\"@id\":\"https:\\\/\\\/www.elephant-vert.com\\\/en\\\/#\\\/schema\\\/logo\\\/image\\\/\",\"url\":\"https:\\\/\\\/www.elephant-vert.com\\\/wp-content\\\/uploads\\\/2022\\\/11\\\/Logo-elephant-vert.svg\",\"contentUrl\":\"https:\\\/\\\/www.elephant-vert.com\\\/wp-content\\\/uploads\\\/2022\\\/11\\\/Logo-elephant-vert.svg\",\"width\":89,\"height\":55,\"caption\":\"El\u00e9phant Vert\"},\"image\":{\"@id\":\"https:\\\/\\\/www.elephant-vert.com\\\/en\\\/#\\\/schema\\\/logo\\\/image\\\/\"}}]}<\/script>\n<!-- \/ Yoast SEO plugin. -->","yoast_head_json":{"title":"GTU - El\u00e9phant Vert","description":"The GTU of the \u00c9l\u00e9phant Vert Group (EV) a global player in soil improvers, organic fertilizers, biostimulants and biocontrol.\"","robots":{"index":"index","follow":"follow","max-snippet":"max-snippet:-1","max-image-preview":"max-image-preview:large","max-video-preview":"max-video-preview:-1"},"canonical":"https:\/\/www.elephant-vert.com\/en\/gtu\/","og_locale":"en_US","og_type":"article","og_title":"GTU - El\u00e9phant Vert","og_description":"The GTU of the \u00c9l\u00e9phant Vert Group (EV) a global player in soil improvers, organic fertilizers, biostimulants and biocontrol.\"","og_url":"https:\/\/www.elephant-vert.com\/en\/gtu\/","og_site_name":"El\u00e9phant Vert","article_modified_time":"2023-04-04T14:58:21+00:00","twitter_card":"summary_large_image","twitter_misc":{"Est. reading time":"6 minutes"},"schema":{"@context":"https:\/\/schema.org","@graph":[{"@type":"WebPage","@id":"https:\/\/www.elephant-vert.com\/en\/gtu\/","url":"https:\/\/www.elephant-vert.com\/en\/gtu\/","name":"GTU - El\u00e9phant Vert","isPartOf":{"@id":"https:\/\/www.elephant-vert.com\/en\/#website"},"datePublished":"2023-01-02T16:37:06+00:00","dateModified":"2023-04-04T14:58:21+00:00","description":"The GTU of the \u00c9l\u00e9phant Vert Group (EV) a global player in soil improvers, organic fertilizers, biostimulants and biocontrol.\"","breadcrumb":{"@id":"https:\/\/www.elephant-vert.com\/en\/gtu\/#breadcrumb"},"inLanguage":"en-US","potentialAction":[{"@type":"ReadAction","target":["https:\/\/www.elephant-vert.com\/en\/gtu\/"]}]},{"@type":"BreadcrumbList","@id":"https:\/\/www.elephant-vert.com\/en\/gtu\/#breadcrumb","itemListElement":[{"@type":"ListItem","position":1,"name":"Home","item":"https:\/\/www.elephant-vert.com\/en\/"},{"@type":"ListItem","position":2,"name":"GTU"}]},{"@type":"WebSite","@id":"https:\/\/www.elephant-vert.com\/en\/#website","url":"https:\/\/www.elephant-vert.com\/en\/","name":"El\u00e9phant Vert","description":"Cultivons un avenir fertile","publisher":{"@id":"https:\/\/www.elephant-vert.com\/en\/#organization"},"potentialAction":[{"@type":"SearchAction","target":{"@type":"EntryPoint","urlTemplate":"https:\/\/www.elephant-vert.com\/en\/?s={search_term_string}"},"query-input":{"@type":"PropertyValueSpecification","valueRequired":true,"valueName":"search_term_string"}}],"inLanguage":"en-US"},{"@type":"Organization","@id":"https:\/\/www.elephant-vert.com\/en\/#organization","name":"El\u00e9phant Vert","url":"https:\/\/www.elephant-vert.com\/en\/","logo":{"@type":"ImageObject","inLanguage":"en-US","@id":"https:\/\/www.elephant-vert.com\/en\/#\/schema\/logo\/image\/","url":"https:\/\/www.elephant-vert.com\/wp-content\/uploads\/2022\/11\/Logo-elephant-vert.svg","contentUrl":"https:\/\/www.elephant-vert.com\/wp-content\/uploads\/2022\/11\/Logo-elephant-vert.svg","width":89,"height":55,"caption":"El\u00e9phant Vert"},"image":{"@id":"https:\/\/www.elephant-vert.com\/en\/#\/schema\/logo\/image\/"}}]}},"_links":{"self":[{"href":"https:\/\/www.elephant-vert.com\/en\/wp-json\/wp\/v2\/pages\/14109","targetHints":{"allow":["GET"]}}],"collection":[{"href":"https:\/\/www.elephant-vert.com\/en\/wp-json\/wp\/v2\/pages"}],"about":[{"href":"https:\/\/www.elephant-vert.com\/en\/wp-json\/wp\/v2\/types\/page"}],"author":[{"embeddable":true,"href":"https:\/\/www.elephant-vert.com\/en\/wp-json\/wp\/v2\/users\/1"}],"replies":[{"embeddable":true,"href":"https:\/\/www.elephant-vert.com\/en\/wp-json\/wp\/v2\/comments?post=14109"}],"version-history":[{"count":0,"href":"https:\/\/www.elephant-vert.com\/en\/wp-json\/wp\/v2\/pages\/14109\/revisions"}],"wp:attachment":[{"href":"https:\/\/www.elephant-vert.com\/en\/wp-json\/wp\/v2\/media?parent=14109"}],"curies":[{"name":"wp","href":"https:\/\/api.w.org\/{rel}","templated":true}]}}