{"id":14330,"date":"2023-01-11T10:09:53","date_gmt":"2023-01-11T09:09:53","guid":{"rendered":"https:\/\/www.elephant-vert.com\/about-us\/careers\/it-jobs\/"},"modified":"2023-04-12T15:23:36","modified_gmt":"2023-04-12T13:23:36","slug":"it-jobs","status":"publish","type":"page","link":"https:\/\/www.elephant-vert.com\/en\/about-us\/careers\/it-jobs\/","title":{"rendered":"IT jobs"},"content":{"rendered":"\t\t<div data-elementor-type=\"wp-page\" data-elementor-id=\"14330\" class=\"elementor elementor-14330 elementor-5493\" data-elementor-post-type=\"page\">\n\t\t\t\t\t\t<section class=\"elementor-section elementor-top-section elementor-element elementor-element-2b22daf elementor-section-height-min-height elementor-section-content-middle elementor-section-stretched elementor-section-items-top bandeau-top-page elementor-section-boxed elementor-section-height-default\" data-id=\"2b22daf\" data-element_type=\"section\" data-e-type=\"section\" data-settings=\"{&quot;stretch_section&quot;:&quot;section-stretched&quot;,&quot;background_background&quot;:&quot;classic&quot;}\">\n\t\t\t\t\t\t\t<div class=\"elementor-background-overlay\"><\/div>\n\t\t\t\t\t\t\t<div class=\"elementor-container elementor-column-gap-no\">\n\t\t\t\t\t<div class=\"elementor-column elementor-col-100 elementor-top-column elementor-element elementor-element-0b7926d\" data-id=\"0b7926d\" data-element_type=\"column\" data-e-type=\"column\">\n\t\t\t<div class=\"elementor-widget-wrap elementor-element-populated\">\n\t\t\t\t\t\t<div class=\"elementor-element elementor-element-79db2d3 elementor-align-left elementor-widget elementor-widget-breadcrumbs\" data-id=\"79db2d3\" data-element_type=\"widget\" data-e-type=\"widget\" data-widget_type=\"breadcrumbs.default\">\n\t\t\t\t<div class=\"elementor-widget-container\">\n\t\t\t\t\t<p id=\"breadcrumbs\"><span><span><a href=\"https:\/\/www.elephant-vert.com\/en\/\">Home<\/a><\/span><\/span><\/p>\t\t\t\t<\/div>\n\t\t\t\t<\/div>\n\t\t\t\t<div class=\"elementor-element elementor-element-13ab725 elementor-widget elementor-widget-heading\" data-id=\"13ab725\" data-element_type=\"widget\" data-e-type=\"widget\" data-widget_type=\"heading.default\">\n\t\t\t\t<div class=\"elementor-widget-container\">\n\t\t\t\t\t<h1 class=\"elementor-heading-title elementor-size-default\">I.T.<\/h1>\t\t\t\t<\/div>\n\t\t\t\t<\/div>\n\t\t\t\t\t<\/div>\n\t\t<\/div>\n\t\t\t\t\t<\/div>\n\t\t<\/section>\n\t\t\t\t<section class=\"elementor-section elementor-top-section elementor-element elementor-element-ca6ade8 elementor-section-content-middle elementor-section-stretched elementor-section-boxed elementor-section-height-default elementor-section-height-default\" data-id=\"ca6ade8\" data-element_type=\"section\" data-e-type=\"section\" data-settings=\"{&quot;stretch_section&quot;:&quot;section-stretched&quot;}\">\n\t\t\t\t\t\t<div class=\"elementor-container elementor-column-gap-no\">\n\t\t\t\t\t<div class=\"elementor-column elementor-col-50 elementor-top-column elementor-element elementor-element-7a13561\" data-id=\"7a13561\" data-element_type=\"column\" data-e-type=\"column\">\n\t\t\t<div class=\"elementor-widget-wrap elementor-element-populated\">\n\t\t\t\t\t\t<div class=\"elementor-element elementor-element-bba41e6 elementor-widget elementor-widget-image\" data-id=\"bba41e6\" data-element_type=\"widget\" data-e-type=\"widget\" data-widget_type=\"image.default\">\n\t\t\t\t<div class=\"elementor-widget-container\">\n\t\t\t\t\t\t\t\t\t\t\t\t\t\t\t<img fetchpriority=\"high\" decoding=\"async\" width=\"815\" height=\"1024\" src=\"https:\/\/www.elephant-vert.com\/wp-content\/uploads\/2023\/01\/metiers-IT-said-ettouil-815x1024.jpg\" class=\"attachment-large size-large wp-image-5074\" alt=\"\" srcset=\"https:\/\/www.elephant-vert.com\/wp-content\/uploads\/2023\/01\/metiers-IT-said-ettouil-815x1024.jpg 815w, https:\/\/www.elephant-vert.com\/wp-content\/uploads\/2023\/01\/metiers-IT-said-ettouil-300x377.jpg 300w, https:\/\/www.elephant-vert.com\/wp-content\/uploads\/2023\/01\/metiers-IT-said-ettouil-600x754.jpg 600w, https:\/\/www.elephant-vert.com\/wp-content\/uploads\/2023\/01\/metiers-IT-said-ettouil-239x300.jpg 239w, https:\/\/www.elephant-vert.com\/wp-content\/uploads\/2023\/01\/metiers-IT-said-ettouil-768x965.jpg 768w, https:\/\/www.elephant-vert.com\/wp-content\/uploads\/2023\/01\/metiers-IT-said-ettouil.jpg 955w\" sizes=\"(max-width: 815px) 100vw, 815px\" \/>\t\t\t\t\t\t\t\t\t\t\t\t\t\t\t<\/div>\n\t\t\t\t<\/div>\n\t\t\t\t\t<\/div>\n\t\t<\/div>\n\t\t\t\t<div class=\"elementor-column elementor-col-50 elementor-top-column elementor-element elementor-element-c58a19b\" data-id=\"c58a19b\" data-element_type=\"column\" data-e-type=\"column\">\n\t\t\t<div class=\"elementor-widget-wrap elementor-element-populated\">\n\t\t\t\t\t\t<section class=\"elementor-section elementor-inner-section elementor-element elementor-element-8ffd888 elementor-section-boxed elementor-section-height-default elementor-section-height-default\" data-id=\"8ffd888\" data-element_type=\"section\" data-e-type=\"section\" data-settings=\"{&quot;background_background&quot;:&quot;classic&quot;}\">\n\t\t\t\t\t\t<div class=\"elementor-container elementor-column-gap-no\">\n\t\t\t\t\t<div class=\"elementor-column elementor-col-100 elementor-inner-column elementor-element elementor-element-8dc2d85\" data-id=\"8dc2d85\" data-element_type=\"column\" data-e-type=\"column\">\n\t\t\t<div class=\"elementor-widget-wrap elementor-element-populated\">\n\t\t\t\t\t\t<div class=\"elementor-element elementor-element-be395ef elementor-widget elementor-widget-heading\" data-id=\"be395ef\" data-element_type=\"widget\" data-e-type=\"widget\" data-widget_type=\"heading.default\">\n\t\t\t\t<div class=\"elementor-widget-container\">\n\t\t\t\t\t<h2 class=\"elementor-heading-title elementor-size-default\">Sa\u00efd<\/h2>\t\t\t\t<\/div>\n\t\t\t\t<\/div>\n\t\t\t\t<div class=\"elementor-element elementor-element-a60eb7c elementor-widget elementor-widget-heading\" data-id=\"a60eb7c\" data-element_type=\"widget\" data-e-type=\"widget\" data-widget_type=\"heading.default\">\n\t\t\t\t<div class=\"elementor-widget-container\">\n\t\t\t\t\t<div class=\"elementor-heading-title elementor-size-default\">Application Manager<\/div>\t\t\t\t<\/div>\n\t\t\t\t<\/div>\n\t\t\t\t<div class=\"elementor-element elementor-element-1a24461 elementor-blockquote--skin-border elementor-widget elementor-widget-blockquote\" data-id=\"1a24461\" data-element_type=\"widget\" data-e-type=\"widget\" data-widget_type=\"blockquote.default\">\n\t\t\t\t<div class=\"elementor-widget-container\">\n\t\t\t\t\t\t\t<blockquote class=\"elementor-blockquote\">\n\t\t\t<p class=\"elementor-blockquote__content\">\n\t\t\t\t\"Building a support service close to the users using modern and evolving tools\u201d\t\t\t<\/p>\n\t\t\t\t\t<\/blockquote>\n\t\t\t\t\t\t<\/div>\n\t\t\t\t<\/div>\n\t\t\t\t<div class=\"elementor-element elementor-element-cc6f079 elementor-widget elementor-widget-text-editor\" data-id=\"cc6f079\" data-element_type=\"widget\" data-e-type=\"widget\" data-widget_type=\"text-editor.default\">\n\t\t\t\t<div class=\"elementor-widget-container\">\n\t\t\t\t\t\t\t\t\t<p>In an ever-changing global context, information technology is becoming a key factor in our ability to adapt and perform better. This is the meaning I give to my job: To accompany EV in its development by being able to respond to the constraints imposed by the market, by creating optimal solutions for business applications; by making relevant data available to help in strategic decision-making. It is these daily challenges, team projects, and permanent questioning that stimulates and nourishes me.<\/p>\n\t\t\t\t\t\t\t\t<\/div>\n\t\t\t\t<\/div>\n\t\t\t\t\t<\/div>\n\t\t<\/div>\n\t\t\t\t\t<\/div>\n\t\t<\/section>\n\t\t\t\t\t<\/div>\n\t\t<\/div>\n\t\t\t\t\t<\/div>\n\t\t<\/section>\n\t\t\t\t<section class=\"elementor-section elementor-top-section elementor-element elementor-element-d776e19 elementor-section-stretched elementor-section-boxed elementor-section-height-default elementor-section-height-default\" data-id=\"d776e19\" data-element_type=\"section\" data-e-type=\"section\" data-settings=\"{&quot;stretch_section&quot;:&quot;section-stretched&quot;}\">\n\t\t\t\t\t\t<div class=\"elementor-container elementor-column-gap-no\">\n\t\t\t\t\t<div class=\"elementor-column elementor-col-100 elementor-top-column elementor-element elementor-element-dbfa9fb\" data-id=\"dbfa9fb\" data-element_type=\"column\" data-e-type=\"column\">\n\t\t\t<div class=\"elementor-widget-wrap elementor-element-populated\">\n\t\t\t\t\t\t<div class=\"elementor-element elementor-element-05a550d elementor-widget elementor-widget-heading\" data-id=\"05a550d\" data-element_type=\"widget\" data-e-type=\"widget\" data-widget_type=\"heading.default\">\n\t\t\t\t<div class=\"elementor-widget-container\">\n\t\t\t\t\t<h3 class=\"elementor-heading-title elementor-size-default\">Our mission:<\/h3>\t\t\t\t<\/div>\n\t\t\t\t<\/div>\n\t\t\t\t<div class=\"elementor-element elementor-element-a1ad5fe elementor-widget elementor-widget-text-editor\" data-id=\"a1ad5fe\" data-element_type=\"widget\" data-e-type=\"widget\" data-widget_type=\"text-editor.default\">\n\t\t\t\t<div class=\"elementor-widget-container\">\n\t\t\t\t\t\t\t\t\t<p>We are committed to implementing an agile and efficient IT policy to support the company&#8217;s growth and to ensure that our information systems evolve in line with the Group&#8217;s.<strong><br \/><\/strong><\/p>\n\t\t\t\t\t\t\t\t<\/div>\n\t\t\t\t<\/div>\n\t\t\t\t<div class=\"elementor-element elementor-element-b09a4ea elementor-widget elementor-widget-heading\" data-id=\"b09a4ea\" data-element_type=\"widget\" data-e-type=\"widget\" data-widget_type=\"heading.default\">\n\t\t\t\t<div class=\"elementor-widget-container\">\n\t\t\t\t\t<h3 class=\"elementor-heading-title elementor-size-default\">Our role is to:<\/h3>\t\t\t\t<\/div>\n\t\t\t\t<\/div>\n\t\t\t\t<div class=\"elementor-element elementor-element-a5a80c2 elementor-widget elementor-widget-text-editor\" data-id=\"a5a80c2\" data-element_type=\"widget\" data-e-type=\"widget\" data-widget_type=\"text-editor.default\">\n\t\t\t\t<div class=\"elementor-widget-container\">\n\t\t\t\t\t\t\t\t\t<ul>\n<li>Define and deploy the IT policy to achieve the company&#8217;s performance objectives.<\/li>\n<li>Define and implement the IT security policy.<\/li>\n<li>Guarantee the operationality and security of the IT system.<\/li>\n<li>Ensure the adequacy between the needs of our internal users, the strategy and necessary tools.<\/li>\n<li>Manage technological developments.<\/li>\n<li>Evaluate and recommend IT investments corresponding to the business needs expressed, taking into account their effectiveness and risk control.<\/li>\n<li>Define and manage the budget.<\/li>\n<li>Design an optimal organization of the company&#8217;s information flows.<\/li>\n<li>Ensure technological monitoring.<\/li>\n<\/ul>\n\t\t\t\t\t\t\t\t<\/div>\n\t\t\t\t<\/div>\n\t\t\t\t<div class=\"elementor-element elementor-element-58d9d32 elementor-widget elementor-widget-heading\" data-id=\"58d9d32\" data-element_type=\"widget\" data-e-type=\"widget\" data-widget_type=\"heading.default\">\n\t\t\t\t<div class=\"elementor-widget-container\">\n\t\t\t\t\t<h3 class=\"elementor-heading-title elementor-size-default\">Do you have these skills?<\/h3>\t\t\t\t<\/div>\n\t\t\t\t<\/div>\n\t\t\t\t<div class=\"elementor-element elementor-element-4eb058b elementor-widget elementor-widget-text-editor\" data-id=\"4eb058b\" data-element_type=\"widget\" data-e-type=\"widget\" data-widget_type=\"text-editor.default\">\n\t\t\t\t<div class=\"elementor-widget-container\">\n\t\t\t\t\t\t\t\t\t<ul>\n<li>Broad knowledge of information systems and their evolution<\/li>\n<li>Knowledge of applications and technologies used in the company (Office, Sage X3&#8230;), of the main computer languages and operating systems<\/li>\n<li>Mastery of security standards and current global security risks<\/li>\n<li>Good knowledge of the subcontracting market: editors, IT services companies, consulting firms etc. as well as management of subcontractor relationships<\/li>\n<li>Basic knowledge of finance and management control, manage the IT budget and promote dialogue with the finance department<\/li>\n<li>Mastery of multi-project management methodologies<\/li>\n<\/ul>\n\t\t\t\t\t\t\t\t<\/div>\n\t\t\t\t<\/div>\n\t\t\t\t<div class=\"elementor-element elementor-element-0df0fa3 elementor-align-left item-cta-orange item-cta-carrieres elementor-widget elementor-widget-button\" data-id=\"0df0fa3\" data-element_type=\"widget\" data-e-type=\"widget\" data-widget_type=\"button.default\">\n\t\t\t\t<div class=\"elementor-widget-container\">\n\t\t\t\t\t\t\t\t\t<div class=\"elementor-button-wrapper\">\n\t\t\t\t\t<a class=\"elementor-button elementor-button-link elementor-size-md\" href=\"https:\/\/www.elephant-vert.com\/en\/about-us\/careers\/\">\n\t\t\t\t\t\t<span class=\"elementor-button-content-wrapper\">\n\t\t\t\t\t\t\t\t\t<span class=\"elementor-button-text\"><div class=\"cta-txt-effect\"><span class=\"txt-cta\">Join us<\/span><span class=\"txt-cta__hover\">Join us<\/span><\/div><\/span>\n\t\t\t\t\t<\/span>\n\t\t\t\t\t<\/a>\n\t\t\t\t<\/div>\n\t\t\t\t\t\t\t\t<\/div>\n\t\t\t\t<\/div>\n\t\t\t\t<div class=\"elementor-element elementor-element-2639837 elementor-widget elementor-widget-heading\" data-id=\"2639837\" data-element_type=\"widget\" data-e-type=\"widget\" data-widget_type=\"heading.default\">\n\t\t\t\t<div class=\"elementor-widget-container\">\n\t\t\t\t\t<h3 class=\"elementor-heading-title elementor-size-default\">Our different job divisions<\/h3>\t\t\t\t<\/div>\n\t\t\t\t<\/div>\n\t\t\t\t<div class=\"elementor-element elementor-element-21e4c76 elementor-widget elementor-widget-text-editor\" data-id=\"21e4c76\" data-element_type=\"widget\" data-e-type=\"widget\" data-widget_type=\"text-editor.default\">\n\t\t\t\t<div class=\"elementor-widget-container\">\n\t\t\t\t\t\t\t\t\t<ul>\n<li>Director of Information Systems<\/li>\n<li>Division Manager (Operations \/ Application)<\/li>\n<li>Developer<\/li>\n<li>IT Project Manager<\/li>\n<li>Support Manager<\/li>\n<li>System and Network Administrator<\/li>\n<\/ul>\t\t\t\t\t\t\t\t<\/div>\n\t\t\t\t<\/div>\n\t\t\t\t\t<\/div>\n\t\t<\/div>\n\t\t\t\t\t<\/div>\n\t\t<\/section>\n\t\t\t\t<\/div>\n\t\t","protected":false},"excerpt":{"rendered":"<p>I.T. Sa\u00efd Application Manager &#8220;Building a support service close to the users using modern and evolving tools\u201d In an ever-changing global context, information technology is becoming a key factor in our ability to adapt and perform better. This is the meaning I give to my job: To accompany EV in its development by being able &#8230; <a title=\"IT jobs\" class=\"read-more\" href=\"https:\/\/www.elephant-vert.com\/en\/about-us\/careers\/it-jobs\/\" aria-label=\"Read more about IT jobs\">Lire plus<\/a><\/p>\n","protected":false},"author":1,"featured_media":0,"parent":14305,"menu_order":0,"comment_status":"closed","ping_status":"closed","template":"elementor_header_footer","meta":{"_acf_changed":false,"inline_featured_image":false,"footnotes":""},"class_list":["post-14330","page","type-page","status-publish"],"acf":[],"yoast_head":"<!-- This site is optimized with the Yoast SEO plugin v27.5 - https:\/\/yoast.com\/product\/yoast-seo-wordpress\/ -->\n<title>IT jobs - El\u00e9phant Vert<\/title>\n<meta name=\"description\" content=\"IT at \u00c9l\u00e9phant Vert (EV) jobs, organization, opportunities within a group committed to agro-ecology.&quot;\" \/>\n<meta name=\"robots\" content=\"index, follow, max-snippet:-1, max-image-preview:large, max-video-preview:-1\" \/>\n<link rel=\"canonical\" href=\"https:\/\/www.elephant-vert.com\/en\/about-us\/careers\/it-jobs\/\" \/>\n<meta property=\"og:locale\" content=\"en_US\" \/>\n<meta property=\"og:type\" content=\"article\" \/>\n<meta property=\"og:title\" content=\"IT jobs - El\u00e9phant Vert\" \/>\n<meta property=\"og:description\" content=\"IT at \u00c9l\u00e9phant Vert (EV) jobs, organization, opportunities within a group committed to agro-ecology.&quot;\" \/>\n<meta property=\"og:url\" content=\"https:\/\/www.elephant-vert.com\/en\/about-us\/careers\/it-jobs\/\" \/>\n<meta property=\"og:site_name\" content=\"El\u00e9phant Vert\" \/>\n<meta property=\"article:modified_time\" content=\"2023-04-12T13:23:36+00:00\" \/>\n<meta property=\"og:image\" content=\"https:\/\/www.elephant-vert.com\/wp-content\/uploads\/2023\/01\/metiers-IT-said-ettouil-815x1024.jpg\" \/>\n<meta name=\"twitter:card\" content=\"summary_large_image\" \/>\n<meta name=\"twitter:label1\" content=\"Est. reading time\" \/>\n\t<meta name=\"twitter:data1\" content=\"2 minutes\" \/>\n<script type=\"application\/ld+json\" class=\"yoast-schema-graph\">{\"@context\":\"https:\\\/\\\/schema.org\",\"@graph\":[{\"@type\":\"WebPage\",\"@id\":\"https:\\\/\\\/www.elephant-vert.com\\\/en\\\/about-us\\\/careers\\\/it-jobs\\\/\",\"url\":\"https:\\\/\\\/www.elephant-vert.com\\\/en\\\/about-us\\\/careers\\\/it-jobs\\\/\",\"name\":\"IT jobs - El\u00e9phant Vert\",\"isPartOf\":{\"@id\":\"https:\\\/\\\/www.elephant-vert.com\\\/en\\\/#website\"},\"primaryImageOfPage\":{\"@id\":\"https:\\\/\\\/www.elephant-vert.com\\\/en\\\/about-us\\\/careers\\\/it-jobs\\\/#primaryimage\"},\"image\":{\"@id\":\"https:\\\/\\\/www.elephant-vert.com\\\/en\\\/about-us\\\/careers\\\/it-jobs\\\/#primaryimage\"},\"thumbnailUrl\":\"https:\\\/\\\/www.elephant-vert.com\\\/wp-content\\\/uploads\\\/2023\\\/01\\\/metiers-IT-said-ettouil-815x1024.jpg\",\"datePublished\":\"2023-01-11T09:09:53+00:00\",\"dateModified\":\"2023-04-12T13:23:36+00:00\",\"description\":\"IT at \u00c9l\u00e9phant Vert (EV) jobs, organization, opportunities within a group committed to agro-ecology.\\\"\",\"breadcrumb\":{\"@id\":\"https:\\\/\\\/www.elephant-vert.com\\\/en\\\/about-us\\\/careers\\\/it-jobs\\\/#breadcrumb\"},\"inLanguage\":\"en-US\",\"potentialAction\":[{\"@type\":\"ReadAction\",\"target\":[\"https:\\\/\\\/www.elephant-vert.com\\\/en\\\/about-us\\\/careers\\\/it-jobs\\\/\"]}]},{\"@type\":\"ImageObject\",\"inLanguage\":\"en-US\",\"@id\":\"https:\\\/\\\/www.elephant-vert.com\\\/en\\\/about-us\\\/careers\\\/it-jobs\\\/#primaryimage\",\"url\":\"https:\\\/\\\/www.elephant-vert.com\\\/wp-content\\\/uploads\\\/2023\\\/01\\\/metiers-IT-said-ettouil-815x1024.jpg\",\"contentUrl\":\"https:\\\/\\\/www.elephant-vert.com\\\/wp-content\\\/uploads\\\/2023\\\/01\\\/metiers-IT-said-ettouil-815x1024.jpg\"},{\"@type\":\"BreadcrumbList\",\"@id\":\"https:\\\/\\\/www.elephant-vert.com\\\/en\\\/about-us\\\/careers\\\/it-jobs\\\/#breadcrumb\",\"itemListElement\":[{\"@type\":\"ListItem\",\"position\":1,\"name\":\"Home\",\"item\":\"https:\\\/\\\/www.elephant-vert.com\\\/en\\\/\"},{\"@type\":\"ListItem\",\"position\":2,\"name\":\"About Us\",\"item\":\"https:\\\/\\\/www.elephant-vert.com\\\/en\\\/about-us\\\/\"},{\"@type\":\"ListItem\",\"position\":3,\"name\":\"Careers\",\"item\":\"https:\\\/\\\/www.elephant-vert.com\\\/en\\\/about-us\\\/careers\\\/\"},{\"@type\":\"ListItem\",\"position\":4,\"name\":\"IT jobs\"}]},{\"@type\":\"WebSite\",\"@id\":\"https:\\\/\\\/www.elephant-vert.com\\\/en\\\/#website\",\"url\":\"https:\\\/\\\/www.elephant-vert.com\\\/en\\\/\",\"name\":\"El\u00e9phant Vert\",\"description\":\"Cultivons un avenir fertile\",\"publisher\":{\"@id\":\"https:\\\/\\\/www.elephant-vert.com\\\/en\\\/#organization\"},\"potentialAction\":[{\"@type\":\"SearchAction\",\"target\":{\"@type\":\"EntryPoint\",\"urlTemplate\":\"https:\\\/\\\/www.elephant-vert.com\\\/en\\\/?s={search_term_string}\"},\"query-input\":{\"@type\":\"PropertyValueSpecification\",\"valueRequired\":true,\"valueName\":\"search_term_string\"}}],\"inLanguage\":\"en-US\"},{\"@type\":\"Organization\",\"@id\":\"https:\\\/\\\/www.elephant-vert.com\\\/en\\\/#organization\",\"name\":\"El\u00e9phant Vert\",\"url\":\"https:\\\/\\\/www.elephant-vert.com\\\/en\\\/\",\"logo\":{\"@type\":\"ImageObject\",\"inLanguage\":\"en-US\",\"@id\":\"https:\\\/\\\/www.elephant-vert.com\\\/en\\\/#\\\/schema\\\/logo\\\/image\\\/\",\"url\":\"https:\\\/\\\/www.elephant-vert.com\\\/wp-content\\\/uploads\\\/2022\\\/11\\\/Logo-elephant-vert.svg\",\"contentUrl\":\"https:\\\/\\\/www.elephant-vert.com\\\/wp-content\\\/uploads\\\/2022\\\/11\\\/Logo-elephant-vert.svg\",\"width\":89,\"height\":55,\"caption\":\"El\u00e9phant Vert\"},\"image\":{\"@id\":\"https:\\\/\\\/www.elephant-vert.com\\\/en\\\/#\\\/schema\\\/logo\\\/image\\\/\"}}]}<\/script>\n<!-- \/ Yoast SEO plugin. -->","yoast_head_json":{"title":"IT jobs - El\u00e9phant Vert","description":"IT at \u00c9l\u00e9phant Vert (EV) jobs, organization, opportunities within a group committed to agro-ecology.\"","robots":{"index":"index","follow":"follow","max-snippet":"max-snippet:-1","max-image-preview":"max-image-preview:large","max-video-preview":"max-video-preview:-1"},"canonical":"https:\/\/www.elephant-vert.com\/en\/about-us\/careers\/it-jobs\/","og_locale":"en_US","og_type":"article","og_title":"IT jobs - El\u00e9phant Vert","og_description":"IT at \u00c9l\u00e9phant Vert (EV) jobs, organization, opportunities within a group committed to agro-ecology.\"","og_url":"https:\/\/www.elephant-vert.com\/en\/about-us\/careers\/it-jobs\/","og_site_name":"El\u00e9phant Vert","article_modified_time":"2023-04-12T13:23:36+00:00","og_image":[{"url":"https:\/\/www.elephant-vert.com\/wp-content\/uploads\/2023\/01\/metiers-IT-said-ettouil-815x1024.jpg","type":"","width":"","height":""}],"twitter_card":"summary_large_image","twitter_misc":{"Est. reading time":"2 minutes"},"schema":{"@context":"https:\/\/schema.org","@graph":[{"@type":"WebPage","@id":"https:\/\/www.elephant-vert.com\/en\/about-us\/careers\/it-jobs\/","url":"https:\/\/www.elephant-vert.com\/en\/about-us\/careers\/it-jobs\/","name":"IT jobs - El\u00e9phant Vert","isPartOf":{"@id":"https:\/\/www.elephant-vert.com\/en\/#website"},"primaryImageOfPage":{"@id":"https:\/\/www.elephant-vert.com\/en\/about-us\/careers\/it-jobs\/#primaryimage"},"image":{"@id":"https:\/\/www.elephant-vert.com\/en\/about-us\/careers\/it-jobs\/#primaryimage"},"thumbnailUrl":"https:\/\/www.elephant-vert.com\/wp-content\/uploads\/2023\/01\/metiers-IT-said-ettouil-815x1024.jpg","datePublished":"2023-01-11T09:09:53+00:00","dateModified":"2023-04-12T13:23:36+00:00","description":"IT at \u00c9l\u00e9phant Vert (EV) jobs, organization, opportunities within a group committed to agro-ecology.\"","breadcrumb":{"@id":"https:\/\/www.elephant-vert.com\/en\/about-us\/careers\/it-jobs\/#breadcrumb"},"inLanguage":"en-US","potentialAction":[{"@type":"ReadAction","target":["https:\/\/www.elephant-vert.com\/en\/about-us\/careers\/it-jobs\/"]}]},{"@type":"ImageObject","inLanguage":"en-US","@id":"https:\/\/www.elephant-vert.com\/en\/about-us\/careers\/it-jobs\/#primaryimage","url":"https:\/\/www.elephant-vert.com\/wp-content\/uploads\/2023\/01\/metiers-IT-said-ettouil-815x1024.jpg","contentUrl":"https:\/\/www.elephant-vert.com\/wp-content\/uploads\/2023\/01\/metiers-IT-said-ettouil-815x1024.jpg"},{"@type":"BreadcrumbList","@id":"https:\/\/www.elephant-vert.com\/en\/about-us\/careers\/it-jobs\/#breadcrumb","itemListElement":[{"@type":"ListItem","position":1,"name":"Home","item":"https:\/\/www.elephant-vert.com\/en\/"},{"@type":"ListItem","position":2,"name":"About Us","item":"https:\/\/www.elephant-vert.com\/en\/about-us\/"},{"@type":"ListItem","position":3,"name":"Careers","item":"https:\/\/www.elephant-vert.com\/en\/about-us\/careers\/"},{"@type":"ListItem","position":4,"name":"IT jobs"}]},{"@type":"WebSite","@id":"https:\/\/www.elephant-vert.com\/en\/#website","url":"https:\/\/www.elephant-vert.com\/en\/","name":"El\u00e9phant Vert","description":"Cultivons un avenir fertile","publisher":{"@id":"https:\/\/www.elephant-vert.com\/en\/#organization"},"potentialAction":[{"@type":"SearchAction","target":{"@type":"EntryPoint","urlTemplate":"https:\/\/www.elephant-vert.com\/en\/?s={search_term_string}"},"query-input":{"@type":"PropertyValueSpecification","valueRequired":true,"valueName":"search_term_string"}}],"inLanguage":"en-US"},{"@type":"Organization","@id":"https:\/\/www.elephant-vert.com\/en\/#organization","name":"El\u00e9phant Vert","url":"https:\/\/www.elephant-vert.com\/en\/","logo":{"@type":"ImageObject","inLanguage":"en-US","@id":"https:\/\/www.elephant-vert.com\/en\/#\/schema\/logo\/image\/","url":"https:\/\/www.elephant-vert.com\/wp-content\/uploads\/2022\/11\/Logo-elephant-vert.svg","contentUrl":"https:\/\/www.elephant-vert.com\/wp-content\/uploads\/2022\/11\/Logo-elephant-vert.svg","width":89,"height":55,"caption":"El\u00e9phant Vert"},"image":{"@id":"https:\/\/www.elephant-vert.com\/en\/#\/schema\/logo\/image\/"}}]}},"_links":{"self":[{"href":"https:\/\/www.elephant-vert.com\/en\/wp-json\/wp\/v2\/pages\/14330","targetHints":{"allow":["GET"]}}],"collection":[{"href":"https:\/\/www.elephant-vert.com\/en\/wp-json\/wp\/v2\/pages"}],"about":[{"href":"https:\/\/www.elephant-vert.com\/en\/wp-json\/wp\/v2\/types\/page"}],"author":[{"embeddable":true,"href":"https:\/\/www.elephant-vert.com\/en\/wp-json\/wp\/v2\/users\/1"}],"replies":[{"embeddable":true,"href":"https:\/\/www.elephant-vert.com\/en\/wp-json\/wp\/v2\/comments?post=14330"}],"version-history":[{"count":0,"href":"https:\/\/www.elephant-vert.com\/en\/wp-json\/wp\/v2\/pages\/14330\/revisions"}],"up":[{"embeddable":true,"href":"https:\/\/www.elephant-vert.com\/en\/wp-json\/wp\/v2\/pages\/14305"}],"wp:attachment":[{"href":"https:\/\/www.elephant-vert.com\/en\/wp-json\/wp\/v2\/media?parent=14330"}],"curies":[{"name":"wp","href":"https:\/\/api.w.org\/{rel}","templated":true}]}}