{"id":14335,"date":"2023-01-11T10:47:55","date_gmt":"2023-01-11T09:47:55","guid":{"rendered":"https:\/\/www.elephant-vert.com\/about-us\/careers\/legal-profession\/"},"modified":"2025-05-26T11:06:25","modified_gmt":"2025-05-26T09:06:25","slug":"legal-profession","status":"publish","type":"page","link":"https:\/\/www.elephant-vert.com\/en\/about-us\/careers\/legal-profession\/","title":{"rendered":"Legal profession"},"content":{"rendered":"\t\t<div data-elementor-type=\"wp-page\" data-elementor-id=\"14335\" class=\"elementor elementor-14335 elementor-5523\" data-elementor-post-type=\"page\">\n\t\t\t\t\t\t<section class=\"elementor-section elementor-top-section elementor-element elementor-element-2b22daf elementor-section-height-min-height elementor-section-content-middle elementor-section-stretched elementor-section-items-top bandeau-top-page elementor-section-boxed elementor-section-height-default\" data-id=\"2b22daf\" data-element_type=\"section\" data-e-type=\"section\" data-settings=\"{&quot;stretch_section&quot;:&quot;section-stretched&quot;,&quot;background_background&quot;:&quot;classic&quot;}\">\n\t\t\t\t\t\t\t<div class=\"elementor-background-overlay\"><\/div>\n\t\t\t\t\t\t\t<div class=\"elementor-container elementor-column-gap-no\">\n\t\t\t\t\t<div class=\"elementor-column elementor-col-100 elementor-top-column elementor-element elementor-element-0b7926d\" data-id=\"0b7926d\" data-element_type=\"column\" data-e-type=\"column\">\n\t\t\t<div class=\"elementor-widget-wrap elementor-element-populated\">\n\t\t\t\t\t\t<div class=\"elementor-element elementor-element-79db2d3 elementor-align-left elementor-widget elementor-widget-breadcrumbs\" data-id=\"79db2d3\" data-element_type=\"widget\" data-e-type=\"widget\" data-widget_type=\"breadcrumbs.default\">\n\t\t\t\t<div class=\"elementor-widget-container\">\n\t\t\t\t\t<p id=\"breadcrumbs\"><span><span><a href=\"https:\/\/www.elephant-vert.com\/en\/\">Home<\/a><\/span><\/span><\/p>\t\t\t\t<\/div>\n\t\t\t\t<\/div>\n\t\t\t\t<div class=\"elementor-element elementor-element-13ab725 elementor-widget elementor-widget-heading\" data-id=\"13ab725\" data-element_type=\"widget\" data-e-type=\"widget\" data-widget_type=\"heading.default\">\n\t\t\t\t<div class=\"elementor-widget-container\">\n\t\t\t\t\t<h1 class=\"elementor-heading-title elementor-size-default\">Legal<\/h1>\t\t\t\t<\/div>\n\t\t\t\t<\/div>\n\t\t\t\t\t<\/div>\n\t\t<\/div>\n\t\t\t\t\t<\/div>\n\t\t<\/section>\n\t\t\t\t<section class=\"elementor-section elementor-top-section elementor-element elementor-element-ca6ade8 elementor-section-content-middle elementor-section-stretched elementor-section-boxed elementor-section-height-default elementor-section-height-default\" data-id=\"ca6ade8\" data-element_type=\"section\" data-e-type=\"section\" data-settings=\"{&quot;stretch_section&quot;:&quot;section-stretched&quot;}\">\n\t\t\t\t\t\t<div class=\"elementor-container elementor-column-gap-no\">\n\t\t\t\t\t<div class=\"elementor-column elementor-col-50 elementor-top-column elementor-element elementor-element-7a13561\" data-id=\"7a13561\" data-element_type=\"column\" data-e-type=\"column\">\n\t\t\t<div class=\"elementor-widget-wrap elementor-element-populated\">\n\t\t\t\t\t\t<div class=\"elementor-element elementor-element-bba41e6 elementor-widget elementor-widget-image\" data-id=\"bba41e6\" data-element_type=\"widget\" data-e-type=\"widget\" data-widget_type=\"image.default\">\n\t\t\t\t<div class=\"elementor-widget-container\">\n\t\t\t\t\t\t\t\t\t\t\t\t\t\t\t<img fetchpriority=\"high\" decoding=\"async\" width=\"766\" height=\"797\" src=\"https:\/\/www.elephant-vert.com\/wp-content\/uploads\/2025\/04\/audrey-e1745505369897.jpeg\" class=\"attachment-large size-large wp-image-28910\" alt=\"\" srcset=\"https:\/\/www.elephant-vert.com\/wp-content\/uploads\/2025\/04\/audrey-e1745505369897.jpeg 766w, https:\/\/www.elephant-vert.com\/wp-content\/uploads\/2025\/04\/audrey-e1745505369897-288x300.jpeg 288w, https:\/\/www.elephant-vert.com\/wp-content\/uploads\/2025\/04\/audrey-e1745505369897-300x312.jpeg 300w, https:\/\/www.elephant-vert.com\/wp-content\/uploads\/2025\/04\/audrey-e1745505369897-600x624.jpeg 600w\" sizes=\"(max-width: 766px) 100vw, 766px\" \/>\t\t\t\t\t\t\t\t\t\t\t\t\t\t\t<\/div>\n\t\t\t\t<\/div>\n\t\t\t\t\t<\/div>\n\t\t<\/div>\n\t\t\t\t<div class=\"elementor-column elementor-col-50 elementor-top-column elementor-element elementor-element-c58a19b\" data-id=\"c58a19b\" data-element_type=\"column\" data-e-type=\"column\">\n\t\t\t<div class=\"elementor-widget-wrap elementor-element-populated\">\n\t\t\t\t\t\t<section class=\"elementor-section elementor-inner-section elementor-element elementor-element-8ffd888 elementor-section-boxed elementor-section-height-default elementor-section-height-default\" data-id=\"8ffd888\" data-element_type=\"section\" data-e-type=\"section\" data-settings=\"{&quot;background_background&quot;:&quot;classic&quot;}\">\n\t\t\t\t\t\t<div class=\"elementor-container elementor-column-gap-no\">\n\t\t\t\t\t<div class=\"elementor-column elementor-col-100 elementor-inner-column elementor-element elementor-element-8dc2d85\" data-id=\"8dc2d85\" data-element_type=\"column\" data-e-type=\"column\">\n\t\t\t<div class=\"elementor-widget-wrap elementor-element-populated\">\n\t\t\t\t\t\t<div class=\"elementor-element elementor-element-be395ef elementor-widget elementor-widget-heading\" data-id=\"be395ef\" data-element_type=\"widget\" data-e-type=\"widget\" data-widget_type=\"heading.default\">\n\t\t\t\t<div class=\"elementor-widget-container\">\n\t\t\t\t\t<h2 class=\"elementor-heading-title elementor-size-default\">Audrey<\/h2>\t\t\t\t<\/div>\n\t\t\t\t<\/div>\n\t\t\t\t<div class=\"elementor-element elementor-element-a60eb7c elementor-widget elementor-widget-heading\" data-id=\"a60eb7c\" data-element_type=\"widget\" data-e-type=\"widget\" data-widget_type=\"heading.default\">\n\t\t\t\t<div class=\"elementor-widget-container\">\n\t\t\t\t\t<div class=\"elementor-heading-title elementor-size-default\">Lawyer<\/div>\t\t\t\t<\/div>\n\t\t\t\t<\/div>\n\t\t\t\t<div class=\"elementor-element elementor-element-1a24461 elementor-blockquote--skin-border elementor-widget elementor-widget-blockquote\" data-id=\"1a24461\" data-element_type=\"widget\" data-e-type=\"widget\" data-widget_type=\"blockquote.default\">\n\t\t\t\t<div class=\"elementor-widget-container\">\n\t\t\t\t\t\t\t<blockquote class=\"elementor-blockquote\">\n\t\t\t<p class=\"elementor-blockquote__content\">\n\t\t\t\t\"Supporting the teams and protecting the interests of Elephant Vert to assist the company in its international development for healthy agriculture.\"\t\t\t<\/p>\n\t\t\t\t\t<\/blockquote>\n\t\t\t\t\t\t<\/div>\n\t\t\t\t<\/div>\n\t\t\t\t<div class=\"elementor-element elementor-element-cc6f079 elementor-widget elementor-widget-text-editor\" data-id=\"cc6f079\" data-element_type=\"widget\" data-e-type=\"widget\" data-widget_type=\"text-editor.default\">\n\t\t\t\t<div class=\"elementor-widget-container\">\n\t\t\t\t\t\t\t\t\t<p>Being a lawyer is a rewarding and dynamic profession where every day brings new challenges. The diversity of tasks and the versatility required to support the various departments of the company are particularly motivating and enriching.<\/p><p>At Elephant Vert, my role is to support the different teams of the company in their daily activities, whether in their contractual negotiations, their R&amp;D projects, personal data protection, etc.<\/p><p>Supporting the teams in their innovative projects allows me to discover new aspects of the profession and the sector every day, while supporting their commitment to healthier and more organic agriculture.<\/p><p>Elephant Vert is committed to creating a better and more sustainable future, and being part of this adventure makes the experience even more enriching.<\/p>\t\t\t\t\t\t\t\t<\/div>\n\t\t\t\t<\/div>\n\t\t\t\t\t<\/div>\n\t\t<\/div>\n\t\t\t\t\t<\/div>\n\t\t<\/section>\n\t\t\t\t\t<\/div>\n\t\t<\/div>\n\t\t\t\t\t<\/div>\n\t\t<\/section>\n\t\t\t\t<section class=\"elementor-section elementor-top-section elementor-element elementor-element-d776e19 elementor-section-stretched elementor-section-boxed elementor-section-height-default elementor-section-height-default\" data-id=\"d776e19\" data-element_type=\"section\" data-e-type=\"section\" data-settings=\"{&quot;stretch_section&quot;:&quot;section-stretched&quot;}\">\n\t\t\t\t\t\t<div class=\"elementor-container elementor-column-gap-no\">\n\t\t\t\t\t<div class=\"elementor-column elementor-col-100 elementor-top-column elementor-element elementor-element-dbfa9fb\" data-id=\"dbfa9fb\" data-element_type=\"column\" data-e-type=\"column\">\n\t\t\t<div class=\"elementor-widget-wrap elementor-element-populated\">\n\t\t\t\t\t\t<div class=\"elementor-element elementor-element-fe5aca5 elementor-widget elementor-widget-heading\" data-id=\"fe5aca5\" data-element_type=\"widget\" data-e-type=\"widget\" data-widget_type=\"heading.default\">\n\t\t\t\t<div class=\"elementor-widget-container\">\n\t\t\t\t\t<h3 class=\"elementor-heading-title elementor-size-default\">Our mission:<\/h3>\t\t\t\t<\/div>\n\t\t\t\t<\/div>\n\t\t\t\t<div class=\"elementor-element elementor-element-a1ad5fe elementor-widget elementor-widget-text-editor\" data-id=\"a1ad5fe\" data-element_type=\"widget\" data-e-type=\"widget\" data-widget_type=\"text-editor.default\">\n\t\t\t\t<div class=\"elementor-widget-container\">\n\t\t\t\t\t\t\t\t\t<p>On a daily basis, we supervise the group&#8217;s legal issues, provide our expertise to the various entities and departments and provide the best insights thanks to regular legal monitoring in order to carry out our projects and make a success of our collaborations in compliance with the various regulations.<\/p>\n\t\t\t\t\t\t\t\t<\/div>\n\t\t\t\t<\/div>\n\t\t\t\t<div class=\"elementor-element elementor-element-b09a4ea elementor-widget elementor-widget-heading\" data-id=\"b09a4ea\" data-element_type=\"widget\" data-e-type=\"widget\" data-widget_type=\"heading.default\">\n\t\t\t\t<div class=\"elementor-widget-container\">\n\t\t\t\t\t<h3 class=\"elementor-heading-title elementor-size-default\">Our role is to:<\/h3>\t\t\t\t<\/div>\n\t\t\t\t<\/div>\n\t\t\t\t<div class=\"elementor-element elementor-element-feb9178 elementor-widget elementor-widget-text-editor\" data-id=\"feb9178\" data-element_type=\"widget\" data-e-type=\"widget\" data-widget_type=\"text-editor.default\">\n\t\t\t\t<div class=\"elementor-widget-container\">\n\t\t\t\t\t\t\t\t\t<ul>\n<li>Define the Group&#8217;s contractual policy and the contracting process<\/li>\n<li>Advise operational staff on issues related to their business and projects (commercial, corporate, competition law, intellectual property)<\/li>\n<li>Assist with or draft contracts, legal memoranda, respond to calls for tenders, general terms and conditions of sale, etc.<\/li>\n<li>Manage the filing and monitoring of intellectual property applications (patents, trademarks, domain names, etc.)<\/li>\n<li>Manage litigation<\/li>\n<li>Establish legal documents<\/li>\n<li>Define and participate in the management of the company&#8217;s insurance policy<\/li>\n<li>Oversee &amp; ensure legal monitoring<\/li>\n<li>Manage legal restructurings in the case of transfers, acquisitions etc.<\/li>\n<\/ul>\n\t\t\t\t\t\t\t\t<\/div>\n\t\t\t\t<\/div>\n\t\t\t\t<div class=\"elementor-element elementor-element-58d9d32 elementor-widget elementor-widget-heading\" data-id=\"58d9d32\" data-element_type=\"widget\" data-e-type=\"widget\" data-widget_type=\"heading.default\">\n\t\t\t\t<div class=\"elementor-widget-container\">\n\t\t\t\t\t<h3 class=\"elementor-heading-title elementor-size-default\">Do you have these skills?<\/h3>\t\t\t\t<\/div>\n\t\t\t\t<\/div>\n\t\t\t\t<div class=\"elementor-element elementor-element-4eb058b elementor-widget elementor-widget-text-editor\" data-id=\"4eb058b\" data-element_type=\"widget\" data-e-type=\"widget\" data-widget_type=\"text-editor.default\">\n\t\t\t\t<div class=\"elementor-widget-container\">\n\t\t\t\t\t\t\t\t\t<ul>\n<li>Expertise in one or more specific areas (business law, corporate law, insurance, litigation): Intellectual property, litigation, intra- and inter-group contracts, corporate, labor, IT, RGPD etc.<\/li>\n<li>Good understanding and ability to correctly interpret legislation, regulations and case law.<\/li>\n<li>Data analysis capabilities<\/li>\n<li>Negotiation skills<\/li>\n<\/ul>\t\t\t\t\t\t\t\t<\/div>\n\t\t\t\t<\/div>\n\t\t\t\t<div class=\"elementor-element elementor-element-0df0fa3 elementor-align-left item-cta-orange item-cta-carrieres elementor-widget elementor-widget-button\" data-id=\"0df0fa3\" data-element_type=\"widget\" data-e-type=\"widget\" data-widget_type=\"button.default\">\n\t\t\t\t<div class=\"elementor-widget-container\">\n\t\t\t\t\t\t\t\t\t<div class=\"elementor-button-wrapper\">\n\t\t\t\t\t<a class=\"elementor-button elementor-button-link elementor-size-md\" href=\"https:\/\/www.elephant-vert.com\/en\/about-us\/careers\/\">\n\t\t\t\t\t\t<span class=\"elementor-button-content-wrapper\">\n\t\t\t\t\t\t\t\t\t<span class=\"elementor-button-text\"><div class=\"cta-txt-effect\"><span class=\"txt-cta\">Join us<\/span><span class=\"txt-cta__hover\">Join us<\/span><\/div><\/span>\n\t\t\t\t\t<\/span>\n\t\t\t\t\t<\/a>\n\t\t\t\t<\/div>\n\t\t\t\t\t\t\t\t<\/div>\n\t\t\t\t<\/div>\n\t\t\t\t<div class=\"elementor-element elementor-element-2639837 elementor-widget elementor-widget-heading\" data-id=\"2639837\" data-element_type=\"widget\" data-e-type=\"widget\" data-widget_type=\"heading.default\">\n\t\t\t\t<div class=\"elementor-widget-container\">\n\t\t\t\t\t<h3 class=\"elementor-heading-title elementor-size-default\">Our different job divisions<\/h3>\t\t\t\t<\/div>\n\t\t\t\t<\/div>\n\t\t\t\t<div class=\"elementor-element elementor-element-21e4c76 elementor-widget elementor-widget-text-editor\" data-id=\"21e4c76\" data-element_type=\"widget\" data-e-type=\"widget\" data-widget_type=\"text-editor.default\">\n\t\t\t\t<div class=\"elementor-widget-container\">\n\t\t\t\t\t\t\t\t\t<ul>\n<li>Legal Director<\/li>\n<li>Lawyer<\/li>\n<li>Legal assistant<\/li>\n<\/ul>\n\t\t\t\t\t\t\t\t<\/div>\n\t\t\t\t<\/div>\n\t\t\t\t\t<\/div>\n\t\t<\/div>\n\t\t\t\t\t<\/div>\n\t\t<\/section>\n\t\t\t\t<\/div>\n\t\t","protected":false},"excerpt":{"rendered":"<p>Legal Audrey Lawyer &#8220;Supporting the teams and protecting the interests of Elephant Vert to assist the company in its international development for healthy agriculture.&#8221; Being a lawyer is a rewarding and dynamic profession where every day brings new challenges. The diversity of tasks and the versatility required to support the various departments of the company &#8230; <a title=\"Legal profession\" class=\"read-more\" href=\"https:\/\/www.elephant-vert.com\/en\/about-us\/careers\/legal-profession\/\" aria-label=\"Read more about Legal profession\">Lire plus<\/a><\/p>\n","protected":false},"author":1,"featured_media":0,"parent":14305,"menu_order":0,"comment_status":"closed","ping_status":"closed","template":"elementor_header_footer","meta":{"_acf_changed":false,"inline_featured_image":false,"footnotes":""},"class_list":["post-14335","page","type-page","status-publish"],"acf":[],"yoast_head":"<!-- This site is optimized with the Yoast SEO plugin v27.5 - https:\/\/yoast.com\/product\/yoast-seo-wordpress\/ -->\n<title>Legal profession - El\u00e9phant Vert<\/title>\n<meta name=\"description\" content=\"Employees tell you about the Legal business at \u00c9l\u00e9phant Vert (EV) and their commitment to sustainable agriculture.\" \/>\n<meta name=\"robots\" content=\"index, follow, max-snippet:-1, max-image-preview:large, max-video-preview:-1\" \/>\n<link rel=\"canonical\" href=\"https:\/\/www.elephant-vert.com\/en\/about-us\/careers\/legal-profession\/\" \/>\n<meta property=\"og:locale\" content=\"en_US\" \/>\n<meta property=\"og:type\" content=\"article\" \/>\n<meta property=\"og:title\" content=\"Legal profession - El\u00e9phant Vert\" \/>\n<meta property=\"og:description\" content=\"Employees tell you about the Legal business at \u00c9l\u00e9phant Vert (EV) and their commitment to sustainable agriculture.\" \/>\n<meta property=\"og:url\" content=\"https:\/\/www.elephant-vert.com\/en\/about-us\/careers\/legal-profession\/\" \/>\n<meta property=\"og:site_name\" content=\"El\u00e9phant Vert\" \/>\n<meta property=\"article:modified_time\" content=\"2025-05-26T09:06:25+00:00\" \/>\n<meta property=\"og:image\" content=\"https:\/\/www.elephant-vert.com\/wp-content\/uploads\/2025\/04\/audrey-e1745505369897.jpeg\" \/>\n\t<meta property=\"og:image:width\" content=\"766\" \/>\n\t<meta property=\"og:image:height\" content=\"797\" \/>\n\t<meta property=\"og:image:type\" content=\"image\/jpeg\" \/>\n<meta name=\"twitter:card\" content=\"summary_large_image\" \/>\n<meta name=\"twitter:label1\" content=\"Est. reading time\" \/>\n\t<meta name=\"twitter:data1\" content=\"2 minutes\" \/>\n<script type=\"application\/ld+json\" class=\"yoast-schema-graph\">{\"@context\":\"https:\\\/\\\/schema.org\",\"@graph\":[{\"@type\":\"WebPage\",\"@id\":\"https:\\\/\\\/www.elephant-vert.com\\\/en\\\/about-us\\\/careers\\\/legal-profession\\\/\",\"url\":\"https:\\\/\\\/www.elephant-vert.com\\\/en\\\/about-us\\\/careers\\\/legal-profession\\\/\",\"name\":\"Legal profession - El\u00e9phant Vert\",\"isPartOf\":{\"@id\":\"https:\\\/\\\/www.elephant-vert.com\\\/en\\\/#website\"},\"primaryImageOfPage\":{\"@id\":\"https:\\\/\\\/www.elephant-vert.com\\\/en\\\/about-us\\\/careers\\\/legal-profession\\\/#primaryimage\"},\"image\":{\"@id\":\"https:\\\/\\\/www.elephant-vert.com\\\/en\\\/about-us\\\/careers\\\/legal-profession\\\/#primaryimage\"},\"thumbnailUrl\":\"https:\\\/\\\/www.elephant-vert.com\\\/wp-content\\\/uploads\\\/2025\\\/04\\\/audrey-e1745505369897.jpeg\",\"datePublished\":\"2023-01-11T09:47:55+00:00\",\"dateModified\":\"2025-05-26T09:06:25+00:00\",\"description\":\"Employees tell you about the Legal business at \u00c9l\u00e9phant Vert (EV) and their commitment to sustainable agriculture.\",\"breadcrumb\":{\"@id\":\"https:\\\/\\\/www.elephant-vert.com\\\/en\\\/about-us\\\/careers\\\/legal-profession\\\/#breadcrumb\"},\"inLanguage\":\"en-US\",\"potentialAction\":[{\"@type\":\"ReadAction\",\"target\":[\"https:\\\/\\\/www.elephant-vert.com\\\/en\\\/about-us\\\/careers\\\/legal-profession\\\/\"]}]},{\"@type\":\"ImageObject\",\"inLanguage\":\"en-US\",\"@id\":\"https:\\\/\\\/www.elephant-vert.com\\\/en\\\/about-us\\\/careers\\\/legal-profession\\\/#primaryimage\",\"url\":\"https:\\\/\\\/www.elephant-vert.com\\\/wp-content\\\/uploads\\\/2025\\\/04\\\/audrey-e1745505369897.jpeg\",\"contentUrl\":\"https:\\\/\\\/www.elephant-vert.com\\\/wp-content\\\/uploads\\\/2025\\\/04\\\/audrey-e1745505369897.jpeg\"},{\"@type\":\"BreadcrumbList\",\"@id\":\"https:\\\/\\\/www.elephant-vert.com\\\/en\\\/about-us\\\/careers\\\/legal-profession\\\/#breadcrumb\",\"itemListElement\":[{\"@type\":\"ListItem\",\"position\":1,\"name\":\"Home\",\"item\":\"https:\\\/\\\/www.elephant-vert.com\\\/en\\\/\"},{\"@type\":\"ListItem\",\"position\":2,\"name\":\"About Us\",\"item\":\"https:\\\/\\\/www.elephant-vert.com\\\/en\\\/about-us\\\/\"},{\"@type\":\"ListItem\",\"position\":3,\"name\":\"Careers\",\"item\":\"https:\\\/\\\/www.elephant-vert.com\\\/en\\\/about-us\\\/careers\\\/\"},{\"@type\":\"ListItem\",\"position\":4,\"name\":\"Legal profession\"}]},{\"@type\":\"WebSite\",\"@id\":\"https:\\\/\\\/www.elephant-vert.com\\\/en\\\/#website\",\"url\":\"https:\\\/\\\/www.elephant-vert.com\\\/en\\\/\",\"name\":\"El\u00e9phant Vert\",\"description\":\"Cultivons un avenir fertile\",\"publisher\":{\"@id\":\"https:\\\/\\\/www.elephant-vert.com\\\/en\\\/#organization\"},\"potentialAction\":[{\"@type\":\"SearchAction\",\"target\":{\"@type\":\"EntryPoint\",\"urlTemplate\":\"https:\\\/\\\/www.elephant-vert.com\\\/en\\\/?s={search_term_string}\"},\"query-input\":{\"@type\":\"PropertyValueSpecification\",\"valueRequired\":true,\"valueName\":\"search_term_string\"}}],\"inLanguage\":\"en-US\"},{\"@type\":\"Organization\",\"@id\":\"https:\\\/\\\/www.elephant-vert.com\\\/en\\\/#organization\",\"name\":\"El\u00e9phant Vert\",\"url\":\"https:\\\/\\\/www.elephant-vert.com\\\/en\\\/\",\"logo\":{\"@type\":\"ImageObject\",\"inLanguage\":\"en-US\",\"@id\":\"https:\\\/\\\/www.elephant-vert.com\\\/en\\\/#\\\/schema\\\/logo\\\/image\\\/\",\"url\":\"https:\\\/\\\/www.elephant-vert.com\\\/wp-content\\\/uploads\\\/2022\\\/11\\\/Logo-elephant-vert.svg\",\"contentUrl\":\"https:\\\/\\\/www.elephant-vert.com\\\/wp-content\\\/uploads\\\/2022\\\/11\\\/Logo-elephant-vert.svg\",\"width\":89,\"height\":55,\"caption\":\"El\u00e9phant Vert\"},\"image\":{\"@id\":\"https:\\\/\\\/www.elephant-vert.com\\\/en\\\/#\\\/schema\\\/logo\\\/image\\\/\"}}]}<\/script>\n<!-- \/ Yoast SEO plugin. -->","yoast_head_json":{"title":"Legal profession - El\u00e9phant Vert","description":"Employees tell you about the Legal business at \u00c9l\u00e9phant Vert (EV) and their commitment to sustainable agriculture.","robots":{"index":"index","follow":"follow","max-snippet":"max-snippet:-1","max-image-preview":"max-image-preview:large","max-video-preview":"max-video-preview:-1"},"canonical":"https:\/\/www.elephant-vert.com\/en\/about-us\/careers\/legal-profession\/","og_locale":"en_US","og_type":"article","og_title":"Legal profession - El\u00e9phant Vert","og_description":"Employees tell you about the Legal business at \u00c9l\u00e9phant Vert (EV) and their commitment to sustainable agriculture.","og_url":"https:\/\/www.elephant-vert.com\/en\/about-us\/careers\/legal-profession\/","og_site_name":"El\u00e9phant Vert","article_modified_time":"2025-05-26T09:06:25+00:00","og_image":[{"width":766,"height":797,"url":"https:\/\/www.elephant-vert.com\/wp-content\/uploads\/2025\/04\/audrey-e1745505369897.jpeg","type":"image\/jpeg"}],"twitter_card":"summary_large_image","twitter_misc":{"Est. reading time":"2 minutes"},"schema":{"@context":"https:\/\/schema.org","@graph":[{"@type":"WebPage","@id":"https:\/\/www.elephant-vert.com\/en\/about-us\/careers\/legal-profession\/","url":"https:\/\/www.elephant-vert.com\/en\/about-us\/careers\/legal-profession\/","name":"Legal profession - El\u00e9phant Vert","isPartOf":{"@id":"https:\/\/www.elephant-vert.com\/en\/#website"},"primaryImageOfPage":{"@id":"https:\/\/www.elephant-vert.com\/en\/about-us\/careers\/legal-profession\/#primaryimage"},"image":{"@id":"https:\/\/www.elephant-vert.com\/en\/about-us\/careers\/legal-profession\/#primaryimage"},"thumbnailUrl":"https:\/\/www.elephant-vert.com\/wp-content\/uploads\/2025\/04\/audrey-e1745505369897.jpeg","datePublished":"2023-01-11T09:47:55+00:00","dateModified":"2025-05-26T09:06:25+00:00","description":"Employees tell you about the Legal business at \u00c9l\u00e9phant Vert (EV) and their commitment to sustainable agriculture.","breadcrumb":{"@id":"https:\/\/www.elephant-vert.com\/en\/about-us\/careers\/legal-profession\/#breadcrumb"},"inLanguage":"en-US","potentialAction":[{"@type":"ReadAction","target":["https:\/\/www.elephant-vert.com\/en\/about-us\/careers\/legal-profession\/"]}]},{"@type":"ImageObject","inLanguage":"en-US","@id":"https:\/\/www.elephant-vert.com\/en\/about-us\/careers\/legal-profession\/#primaryimage","url":"https:\/\/www.elephant-vert.com\/wp-content\/uploads\/2025\/04\/audrey-e1745505369897.jpeg","contentUrl":"https:\/\/www.elephant-vert.com\/wp-content\/uploads\/2025\/04\/audrey-e1745505369897.jpeg"},{"@type":"BreadcrumbList","@id":"https:\/\/www.elephant-vert.com\/en\/about-us\/careers\/legal-profession\/#breadcrumb","itemListElement":[{"@type":"ListItem","position":1,"name":"Home","item":"https:\/\/www.elephant-vert.com\/en\/"},{"@type":"ListItem","position":2,"name":"About Us","item":"https:\/\/www.elephant-vert.com\/en\/about-us\/"},{"@type":"ListItem","position":3,"name":"Careers","item":"https:\/\/www.elephant-vert.com\/en\/about-us\/careers\/"},{"@type":"ListItem","position":4,"name":"Legal profession"}]},{"@type":"WebSite","@id":"https:\/\/www.elephant-vert.com\/en\/#website","url":"https:\/\/www.elephant-vert.com\/en\/","name":"El\u00e9phant Vert","description":"Cultivons un avenir fertile","publisher":{"@id":"https:\/\/www.elephant-vert.com\/en\/#organization"},"potentialAction":[{"@type":"SearchAction","target":{"@type":"EntryPoint","urlTemplate":"https:\/\/www.elephant-vert.com\/en\/?s={search_term_string}"},"query-input":{"@type":"PropertyValueSpecification","valueRequired":true,"valueName":"search_term_string"}}],"inLanguage":"en-US"},{"@type":"Organization","@id":"https:\/\/www.elephant-vert.com\/en\/#organization","name":"El\u00e9phant Vert","url":"https:\/\/www.elephant-vert.com\/en\/","logo":{"@type":"ImageObject","inLanguage":"en-US","@id":"https:\/\/www.elephant-vert.com\/en\/#\/schema\/logo\/image\/","url":"https:\/\/www.elephant-vert.com\/wp-content\/uploads\/2022\/11\/Logo-elephant-vert.svg","contentUrl":"https:\/\/www.elephant-vert.com\/wp-content\/uploads\/2022\/11\/Logo-elephant-vert.svg","width":89,"height":55,"caption":"El\u00e9phant Vert"},"image":{"@id":"https:\/\/www.elephant-vert.com\/en\/#\/schema\/logo\/image\/"}}]}},"_links":{"self":[{"href":"https:\/\/www.elephant-vert.com\/en\/wp-json\/wp\/v2\/pages\/14335","targetHints":{"allow":["GET"]}}],"collection":[{"href":"https:\/\/www.elephant-vert.com\/en\/wp-json\/wp\/v2\/pages"}],"about":[{"href":"https:\/\/www.elephant-vert.com\/en\/wp-json\/wp\/v2\/types\/page"}],"author":[{"embeddable":true,"href":"https:\/\/www.elephant-vert.com\/en\/wp-json\/wp\/v2\/users\/1"}],"replies":[{"embeddable":true,"href":"https:\/\/www.elephant-vert.com\/en\/wp-json\/wp\/v2\/comments?post=14335"}],"version-history":[{"count":0,"href":"https:\/\/www.elephant-vert.com\/en\/wp-json\/wp\/v2\/pages\/14335\/revisions"}],"up":[{"embeddable":true,"href":"https:\/\/www.elephant-vert.com\/en\/wp-json\/wp\/v2\/pages\/14305"}],"wp:attachment":[{"href":"https:\/\/www.elephant-vert.com\/en\/wp-json\/wp\/v2\/media?parent=14335"}],"curies":[{"name":"wp","href":"https:\/\/api.w.org\/{rel}","templated":true}]}}