{"id":14348,"date":"2023-01-11T11:18:39","date_gmt":"2023-01-11T10:18:39","guid":{"rendered":"https:\/\/www.elephant-vert.com\/about-us\/careers\/production\/"},"modified":"2024-06-03T14:35:39","modified_gmt":"2024-06-03T12:35:39","slug":"production","status":"publish","type":"page","link":"https:\/\/www.elephant-vert.com\/en\/about-us\/careers\/production\/","title":{"rendered":"Production"},"content":{"rendered":"\t\t<div data-elementor-type=\"wp-page\" data-elementor-id=\"14348\" class=\"elementor elementor-14348 elementor-5543\" data-elementor-post-type=\"page\">\n\t\t\t\t\t\t<section class=\"elementor-section elementor-top-section elementor-element elementor-element-2b22daf elementor-section-height-min-height elementor-section-content-middle elementor-section-stretched elementor-section-items-top bandeau-top-page elementor-section-boxed elementor-section-height-default\" data-id=\"2b22daf\" data-element_type=\"section\" data-e-type=\"section\" data-settings=\"{&quot;stretch_section&quot;:&quot;section-stretched&quot;,&quot;background_background&quot;:&quot;classic&quot;}\">\n\t\t\t\t\t\t\t<div class=\"elementor-background-overlay\"><\/div>\n\t\t\t\t\t\t\t<div class=\"elementor-container elementor-column-gap-no\">\n\t\t\t\t\t<div class=\"elementor-column elementor-col-100 elementor-top-column elementor-element elementor-element-0b7926d\" data-id=\"0b7926d\" data-element_type=\"column\" data-e-type=\"column\">\n\t\t\t<div class=\"elementor-widget-wrap elementor-element-populated\">\n\t\t\t\t\t\t<div class=\"elementor-element elementor-element-79db2d3 elementor-align-left elementor-widget elementor-widget-breadcrumbs\" data-id=\"79db2d3\" data-element_type=\"widget\" data-e-type=\"widget\" data-widget_type=\"breadcrumbs.default\">\n\t\t\t\t<div class=\"elementor-widget-container\">\n\t\t\t\t\t<p id=\"breadcrumbs\"><span><span><a href=\"https:\/\/www.elephant-vert.com\/en\/\">Home<\/a><\/span><\/span><\/p>\t\t\t\t<\/div>\n\t\t\t\t<\/div>\n\t\t\t\t<div class=\"elementor-element elementor-element-13ab725 elementor-widget elementor-widget-heading\" data-id=\"13ab725\" data-element_type=\"widget\" data-e-type=\"widget\" data-widget_type=\"heading.default\">\n\t\t\t\t<div class=\"elementor-widget-container\">\n\t\t\t\t\t<h1 class=\"elementor-heading-title elementor-size-default\">Production<\/h1>\t\t\t\t<\/div>\n\t\t\t\t<\/div>\n\t\t\t\t\t<\/div>\n\t\t<\/div>\n\t\t\t\t\t<\/div>\n\t\t<\/section>\n\t\t\t\t<section class=\"elementor-section elementor-top-section elementor-element elementor-element-ca6ade8 elementor-section-content-middle elementor-section-stretched elementor-section-boxed elementor-section-height-default elementor-section-height-default\" data-id=\"ca6ade8\" data-element_type=\"section\" data-e-type=\"section\" data-settings=\"{&quot;stretch_section&quot;:&quot;section-stretched&quot;}\">\n\t\t\t\t\t\t<div class=\"elementor-container elementor-column-gap-no\">\n\t\t\t\t\t<div class=\"elementor-column elementor-col-50 elementor-top-column elementor-element elementor-element-7a13561\" data-id=\"7a13561\" data-element_type=\"column\" data-e-type=\"column\">\n\t\t\t<div class=\"elementor-widget-wrap elementor-element-populated\">\n\t\t\t\t\t\t<div class=\"elementor-element elementor-element-bba41e6 elementor-widget elementor-widget-image\" data-id=\"bba41e6\" data-element_type=\"widget\" data-e-type=\"widget\" data-widget_type=\"image.default\">\n\t\t\t\t<div class=\"elementor-widget-container\">\n\t\t\t\t\t\t\t\t\t\t\t\t\t\t\t<img fetchpriority=\"high\" decoding=\"async\" width=\"1000\" height=\"1000\" src=\"https:\/\/www.elephant-vert.com\/wp-content\/uploads\/2023\/10\/photo-olivier-potin.png\" class=\"attachment-large size-large wp-image-22809\" alt=\"\" srcset=\"https:\/\/www.elephant-vert.com\/wp-content\/uploads\/2023\/10\/photo-olivier-potin.png 1000w, https:\/\/www.elephant-vert.com\/wp-content\/uploads\/2023\/10\/photo-olivier-potin-300x300.png 300w, https:\/\/www.elephant-vert.com\/wp-content\/uploads\/2023\/10\/photo-olivier-potin-150x150.png 150w, https:\/\/www.elephant-vert.com\/wp-content\/uploads\/2023\/10\/photo-olivier-potin-768x768.png 768w, https:\/\/www.elephant-vert.com\/wp-content\/uploads\/2023\/10\/photo-olivier-potin-600x600.png 600w, https:\/\/www.elephant-vert.com\/wp-content\/uploads\/2023\/10\/photo-olivier-potin-100x100.png 100w\" sizes=\"(max-width: 1000px) 100vw, 1000px\" \/>\t\t\t\t\t\t\t\t\t\t\t\t\t\t\t<\/div>\n\t\t\t\t<\/div>\n\t\t\t\t\t<\/div>\n\t\t<\/div>\n\t\t\t\t<div class=\"elementor-column elementor-col-50 elementor-top-column elementor-element elementor-element-c58a19b\" data-id=\"c58a19b\" data-element_type=\"column\" data-e-type=\"column\">\n\t\t\t<div class=\"elementor-widget-wrap elementor-element-populated\">\n\t\t\t\t\t\t<section class=\"elementor-section elementor-inner-section elementor-element elementor-element-8ffd888 elementor-section-boxed elementor-section-height-default elementor-section-height-default\" data-id=\"8ffd888\" data-element_type=\"section\" data-e-type=\"section\" data-settings=\"{&quot;background_background&quot;:&quot;classic&quot;}\">\n\t\t\t\t\t\t<div class=\"elementor-container elementor-column-gap-no\">\n\t\t\t\t\t<div class=\"elementor-column elementor-col-100 elementor-inner-column elementor-element elementor-element-8dc2d85\" data-id=\"8dc2d85\" data-element_type=\"column\" data-e-type=\"column\">\n\t\t\t<div class=\"elementor-widget-wrap elementor-element-populated\">\n\t\t\t\t\t\t<div class=\"elementor-element elementor-element-be395ef elementor-widget elementor-widget-heading\" data-id=\"be395ef\" data-element_type=\"widget\" data-e-type=\"widget\" data-widget_type=\"heading.default\">\n\t\t\t\t<div class=\"elementor-widget-container\">\n\t\t\t\t\t<h2 class=\"elementor-heading-title elementor-size-default\">Olivier<\/h2>\t\t\t\t<\/div>\n\t\t\t\t<\/div>\n\t\t\t\t<div class=\"elementor-element elementor-element-a60eb7c elementor-widget elementor-widget-heading\" data-id=\"a60eb7c\" data-element_type=\"widget\" data-e-type=\"widget\" data-widget_type=\"heading.default\">\n\t\t\t\t<div class=\"elementor-widget-container\">\n\t\t\t\t\t<div class=\"elementor-heading-title elementor-size-default\">Industrial Director<\/div>\t\t\t\t<\/div>\n\t\t\t\t<\/div>\n\t\t\t\t<div class=\"elementor-element elementor-element-1a24461 elementor-blockquote--skin-border elementor-widget elementor-widget-blockquote\" data-id=\"1a24461\" data-element_type=\"widget\" data-e-type=\"widget\" data-widget_type=\"blockquote.default\">\n\t\t\t\t<div class=\"elementor-widget-container\">\n\t\t\t\t\t\t\t<blockquote class=\"elementor-blockquote\">\n\t\t\t<p class=\"elementor-blockquote__content\">\n\t\t\t\t\"Constantly optimize our processes in order to provide our customers with high quality products in the shortest possible time.\u201d\t\t\t<\/p>\n\t\t\t\t\t<\/blockquote>\n\t\t\t\t\t\t<\/div>\n\t\t\t\t<\/div>\n\t\t\t\t<div class=\"elementor-element elementor-element-cc6f079 elementor-widget elementor-widget-text-editor\" data-id=\"cc6f079\" data-element_type=\"widget\" data-e-type=\"widget\" data-widget_type=\"text-editor.default\">\n\t\t\t\t<div class=\"elementor-widget-container\">\n\t\t\t\t\t\t\t\t\t<p>For me, working at EV means taking up the challenge and demonstrating that new agro-industrial and sustainable solutions are possible, in particular through the development of agricultural biosolutions that are alternative or complementary to conventional products.<\/p>\n<p>It also means defining and implementing an industrial strategy to ensure the availability of products in compliance with regulations, quality, costs and deadlines. It is the diversity and richness of the missions and responsibilities that are assigned to me that I particularly like.<\/p>\n<p><br><\/p>\t\t\t\t\t\t\t\t<\/div>\n\t\t\t\t<\/div>\n\t\t\t\t\t<\/div>\n\t\t<\/div>\n\t\t\t\t\t<\/div>\n\t\t<\/section>\n\t\t\t\t\t<\/div>\n\t\t<\/div>\n\t\t\t\t\t<\/div>\n\t\t<\/section>\n\t\t\t\t<section class=\"elementor-section elementor-top-section elementor-element elementor-element-d776e19 elementor-section-stretched elementor-section-boxed elementor-section-height-default elementor-section-height-default\" data-id=\"d776e19\" data-element_type=\"section\" data-e-type=\"section\" data-settings=\"{&quot;stretch_section&quot;:&quot;section-stretched&quot;}\">\n\t\t\t\t\t\t<div class=\"elementor-container elementor-column-gap-no\">\n\t\t\t\t\t<div class=\"elementor-column elementor-col-100 elementor-top-column elementor-element elementor-element-dbfa9fb\" data-id=\"dbfa9fb\" data-element_type=\"column\" data-e-type=\"column\">\n\t\t\t<div class=\"elementor-widget-wrap elementor-element-populated\">\n\t\t\t\t\t\t<div class=\"elementor-element elementor-element-c3d1ba9 elementor-widget elementor-widget-heading\" data-id=\"c3d1ba9\" data-element_type=\"widget\" data-e-type=\"widget\" data-widget_type=\"heading.default\">\n\t\t\t\t<div class=\"elementor-widget-container\">\n\t\t\t\t\t<h3 class=\"elementor-heading-title elementor-size-default\">Our mission: <\/h3>\t\t\t\t<\/div>\n\t\t\t\t<\/div>\n\t\t\t\t<div class=\"elementor-element elementor-element-a1ad5fe elementor-widget elementor-widget-text-editor\" data-id=\"a1ad5fe\" data-element_type=\"widget\" data-e-type=\"widget\" data-widget_type=\"text-editor.default\">\n\t\t\t\t<div class=\"elementor-widget-container\">\n\t\t\t\t\t\t\t\t\t<p>We make sure that we are at the forefront of different technologies, processes and organization to accompany the development of EV&#8217;s markets in compliance with the norms and quality standards specific to our industry, thanks to flexible, multi-skilled and regularly trained teams on our sites and quality control laboratories.<\/p>\n\t\t\t\t\t\t\t\t<\/div>\n\t\t\t\t<\/div>\n\t\t\t\t<div class=\"elementor-element elementor-element-b09a4ea elementor-widget elementor-widget-heading\" data-id=\"b09a4ea\" data-element_type=\"widget\" data-e-type=\"widget\" data-widget_type=\"heading.default\">\n\t\t\t\t<div class=\"elementor-widget-container\">\n\t\t\t\t\t<h3 class=\"elementor-heading-title elementor-size-default\">Our role is to:<\/h3>\t\t\t\t<\/div>\n\t\t\t\t<\/div>\n\t\t\t\t<div class=\"elementor-element elementor-element-feb9178 elementor-widget elementor-widget-text-editor\" data-id=\"feb9178\" data-element_type=\"widget\" data-e-type=\"widget\" data-widget_type=\"text-editor.default\">\n\t\t\t\t<div class=\"elementor-widget-container\">\n\t\t\t\t\t\t\t\t\t<ul>\n<li>Define and implement the Group&#8217;s industrial strategy.<\/li>\n<li>Manage and administer production sites and their organization.<\/li>\n<li>Organize the means of the site (human, financial, technical).<\/li>\n<li>To manage the purchasing policy.<\/li>\n<li>Guarantee the performance, safety and compliance of production sites on a daily basis.<\/li>\n<li>Guarantee the manufacture of products in compliance with quality specifications and sales representatives&#8217; requests.<\/li>\n<li>Manage and measure activity results (economic and qualitative productivity).<\/li>\n<li>Implement processes for continuous improvement of production practices.<\/li>\n<\/ul>\t\t\t\t\t\t\t\t<\/div>\n\t\t\t\t<\/div>\n\t\t\t\t<div class=\"elementor-element elementor-element-58d9d32 elementor-widget elementor-widget-heading\" data-id=\"58d9d32\" data-element_type=\"widget\" data-e-type=\"widget\" data-widget_type=\"heading.default\">\n\t\t\t\t<div class=\"elementor-widget-container\">\n\t\t\t\t\t<h3 class=\"elementor-heading-title elementor-size-default\">Do you have these skills?<\/h3>\t\t\t\t<\/div>\n\t\t\t\t<\/div>\n\t\t\t\t<div class=\"elementor-element elementor-element-4eb058b elementor-widget elementor-widget-text-editor\" data-id=\"4eb058b\" data-element_type=\"widget\" data-e-type=\"widget\" data-widget_type=\"text-editor.default\">\n\t\t\t\t<div class=\"elementor-widget-container\">\n\t\t\t\t\t\t\t\t\t<ul>\n<li>Management<\/li>\n<li>Administration<\/li>\n<li>Knowledge of related industrial tools<\/li>\n<li>Industrial maintenance and repair techniques<\/li>\n<li>Industrial equipment optimization software<\/li>\n<li>Process qualities<\/li>\n<\/ul>\n\t\t\t\t\t\t\t\t<\/div>\n\t\t\t\t<\/div>\n\t\t\t\t<div class=\"elementor-element elementor-element-0df0fa3 elementor-align-left item-cta-orange item-cta-carrieres elementor-widget elementor-widget-button\" data-id=\"0df0fa3\" data-element_type=\"widget\" data-e-type=\"widget\" data-widget_type=\"button.default\">\n\t\t\t\t<div class=\"elementor-widget-container\">\n\t\t\t\t\t\t\t\t\t<div class=\"elementor-button-wrapper\">\n\t\t\t\t\t<a class=\"elementor-button elementor-button-link elementor-size-md\" href=\"https:\/\/www.elephant-vert.com\/en\/about-us\/careers\/\">\n\t\t\t\t\t\t<span class=\"elementor-button-content-wrapper\">\n\t\t\t\t\t\t\t\t\t<span class=\"elementor-button-text\"><div class=\"cta-txt-effect\"><span class=\"txt-cta\">Join us<\/span><span class=\"txt-cta__hover\">Join us<\/span><\/div><\/span>\n\t\t\t\t\t<\/span>\n\t\t\t\t\t<\/a>\n\t\t\t\t<\/div>\n\t\t\t\t\t\t\t\t<\/div>\n\t\t\t\t<\/div>\n\t\t\t\t<div class=\"elementor-element elementor-element-2639837 elementor-widget elementor-widget-heading\" data-id=\"2639837\" data-element_type=\"widget\" data-e-type=\"widget\" data-widget_type=\"heading.default\">\n\t\t\t\t<div class=\"elementor-widget-container\">\n\t\t\t\t\t<h3 class=\"elementor-heading-title elementor-size-default\">Our different job divisions<\/h3>\t\t\t\t<\/div>\n\t\t\t\t<\/div>\n\t\t\t\t<div class=\"elementor-element elementor-element-21e4c76 elementor-widget elementor-widget-text-editor\" data-id=\"21e4c76\" data-element_type=\"widget\" data-e-type=\"widget\" data-widget_type=\"text-editor.default\">\n\t\t\t\t<div class=\"elementor-widget-container\">\n\t\t\t\t\t\t\t\t\t<ul>\n<li>Industrial Manager<\/li>\n<li>Site manager<\/li>\n<li>Production Supervisor<\/li>\n<li>Team Leader<\/li>\n<li>Multi-skilled technician<\/li>\n<li>Maintenance technician<\/li>\n<li>Multi-skilled operator<\/li>\n<li>Quality control technician<\/li>\n<li>Storekeeper<\/li>\n<li>QC Laboratory Manager<\/li>\n<li>QC Laboratory Operator<\/li>\n<li>Industrial Buyer<\/li>\n<li>Manager<\/li>\n<\/ul>\n\t\t\t\t\t\t\t\t<\/div>\n\t\t\t\t<\/div>\n\t\t\t\t\t<\/div>\n\t\t<\/div>\n\t\t\t\t\t<\/div>\n\t\t<\/section>\n\t\t\t\t<\/div>\n\t\t","protected":false},"excerpt":{"rendered":"<p>Production Olivier Industrial Director &#8220;Constantly optimize our processes in order to provide our customers with high quality products in the shortest possible time.\u201d For me, working at EV means taking up the challenge and demonstrating that new agro-industrial and sustainable solutions are possible, in particular through the development of agricultural biosolutions that are alternative or &#8230; <a title=\"Production\" class=\"read-more\" href=\"https:\/\/www.elephant-vert.com\/en\/about-us\/careers\/production\/\" aria-label=\"Read more about Production\">Lire plus<\/a><\/p>\n","protected":false},"author":1,"featured_media":0,"parent":14305,"menu_order":0,"comment_status":"closed","ping_status":"closed","template":"elementor_header_footer","meta":{"_acf_changed":false,"inline_featured_image":false,"footnotes":""},"class_list":["post-14348","page","type-page","status-publish"],"acf":[],"yoast_head":"<!-- This site is optimized with the Yoast SEO plugin v27.5 - https:\/\/yoast.com\/product\/yoast-seo-wordpress\/ -->\n<title>Production - El\u00e9phant Vert<\/title>\n<meta name=\"description\" content=\"Discover the jobs at the heart of the production of \u00c9l\u00e9phant Vert&#039;s biosolutions and join a group committed to organic agriculture.\" \/>\n<meta name=\"robots\" content=\"index, follow, max-snippet:-1, max-image-preview:large, max-video-preview:-1\" \/>\n<link rel=\"canonical\" href=\"https:\/\/www.elephant-vert.com\/en\/about-us\/careers\/production\/\" \/>\n<meta property=\"og:locale\" content=\"en_US\" \/>\n<meta property=\"og:type\" content=\"article\" \/>\n<meta property=\"og:title\" content=\"Production - El\u00e9phant Vert\" \/>\n<meta property=\"og:description\" content=\"Discover the jobs at the heart of the production of \u00c9l\u00e9phant Vert&#039;s biosolutions and join a group committed to organic agriculture.\" \/>\n<meta property=\"og:url\" content=\"https:\/\/www.elephant-vert.com\/en\/about-us\/careers\/production\/\" \/>\n<meta property=\"og:site_name\" content=\"El\u00e9phant Vert\" \/>\n<meta property=\"article:modified_time\" content=\"2024-06-03T12:35:39+00:00\" \/>\n<meta property=\"og:image\" content=\"https:\/\/www.elephant-vert.com\/wp-content\/uploads\/2023\/10\/photo-olivier-potin.png\" \/>\n<meta name=\"twitter:card\" content=\"summary_large_image\" \/>\n<meta name=\"twitter:label1\" content=\"Est. reading time\" \/>\n\t<meta name=\"twitter:data1\" content=\"2 minutes\" \/>\n<script type=\"application\/ld+json\" class=\"yoast-schema-graph\">{\"@context\":\"https:\\\/\\\/schema.org\",\"@graph\":[{\"@type\":\"WebPage\",\"@id\":\"https:\\\/\\\/www.elephant-vert.com\\\/en\\\/about-us\\\/careers\\\/production\\\/\",\"url\":\"https:\\\/\\\/www.elephant-vert.com\\\/en\\\/about-us\\\/careers\\\/production\\\/\",\"name\":\"Production - El\u00e9phant Vert\",\"isPartOf\":{\"@id\":\"https:\\\/\\\/www.elephant-vert.com\\\/en\\\/#website\"},\"primaryImageOfPage\":{\"@id\":\"https:\\\/\\\/www.elephant-vert.com\\\/en\\\/about-us\\\/careers\\\/production\\\/#primaryimage\"},\"image\":{\"@id\":\"https:\\\/\\\/www.elephant-vert.com\\\/en\\\/about-us\\\/careers\\\/production\\\/#primaryimage\"},\"thumbnailUrl\":\"https:\\\/\\\/www.elephant-vert.com\\\/wp-content\\\/uploads\\\/2023\\\/10\\\/photo-olivier-potin.png\",\"datePublished\":\"2023-01-11T10:18:39+00:00\",\"dateModified\":\"2024-06-03T12:35:39+00:00\",\"description\":\"Discover the jobs at the heart of the production of \u00c9l\u00e9phant Vert's biosolutions and join a group committed to organic agriculture.\",\"breadcrumb\":{\"@id\":\"https:\\\/\\\/www.elephant-vert.com\\\/en\\\/about-us\\\/careers\\\/production\\\/#breadcrumb\"},\"inLanguage\":\"en-US\",\"potentialAction\":[{\"@type\":\"ReadAction\",\"target\":[\"https:\\\/\\\/www.elephant-vert.com\\\/en\\\/about-us\\\/careers\\\/production\\\/\"]}]},{\"@type\":\"ImageObject\",\"inLanguage\":\"en-US\",\"@id\":\"https:\\\/\\\/www.elephant-vert.com\\\/en\\\/about-us\\\/careers\\\/production\\\/#primaryimage\",\"url\":\"https:\\\/\\\/www.elephant-vert.com\\\/wp-content\\\/uploads\\\/2023\\\/10\\\/photo-olivier-potin.png\",\"contentUrl\":\"https:\\\/\\\/www.elephant-vert.com\\\/wp-content\\\/uploads\\\/2023\\\/10\\\/photo-olivier-potin.png\"},{\"@type\":\"BreadcrumbList\",\"@id\":\"https:\\\/\\\/www.elephant-vert.com\\\/en\\\/about-us\\\/careers\\\/production\\\/#breadcrumb\",\"itemListElement\":[{\"@type\":\"ListItem\",\"position\":1,\"name\":\"Home\",\"item\":\"https:\\\/\\\/www.elephant-vert.com\\\/en\\\/\"},{\"@type\":\"ListItem\",\"position\":2,\"name\":\"About Us\",\"item\":\"https:\\\/\\\/www.elephant-vert.com\\\/en\\\/about-us\\\/\"},{\"@type\":\"ListItem\",\"position\":3,\"name\":\"Careers\",\"item\":\"https:\\\/\\\/www.elephant-vert.com\\\/en\\\/about-us\\\/careers\\\/\"},{\"@type\":\"ListItem\",\"position\":4,\"name\":\"Production\"}]},{\"@type\":\"WebSite\",\"@id\":\"https:\\\/\\\/www.elephant-vert.com\\\/en\\\/#website\",\"url\":\"https:\\\/\\\/www.elephant-vert.com\\\/en\\\/\",\"name\":\"El\u00e9phant Vert\",\"description\":\"Cultivons un avenir fertile\",\"publisher\":{\"@id\":\"https:\\\/\\\/www.elephant-vert.com\\\/en\\\/#organization\"},\"potentialAction\":[{\"@type\":\"SearchAction\",\"target\":{\"@type\":\"EntryPoint\",\"urlTemplate\":\"https:\\\/\\\/www.elephant-vert.com\\\/en\\\/?s={search_term_string}\"},\"query-input\":{\"@type\":\"PropertyValueSpecification\",\"valueRequired\":true,\"valueName\":\"search_term_string\"}}],\"inLanguage\":\"en-US\"},{\"@type\":\"Organization\",\"@id\":\"https:\\\/\\\/www.elephant-vert.com\\\/en\\\/#organization\",\"name\":\"El\u00e9phant Vert\",\"url\":\"https:\\\/\\\/www.elephant-vert.com\\\/en\\\/\",\"logo\":{\"@type\":\"ImageObject\",\"inLanguage\":\"en-US\",\"@id\":\"https:\\\/\\\/www.elephant-vert.com\\\/en\\\/#\\\/schema\\\/logo\\\/image\\\/\",\"url\":\"https:\\\/\\\/www.elephant-vert.com\\\/wp-content\\\/uploads\\\/2022\\\/11\\\/Logo-elephant-vert.svg\",\"contentUrl\":\"https:\\\/\\\/www.elephant-vert.com\\\/wp-content\\\/uploads\\\/2022\\\/11\\\/Logo-elephant-vert.svg\",\"width\":89,\"height\":55,\"caption\":\"El\u00e9phant Vert\"},\"image\":{\"@id\":\"https:\\\/\\\/www.elephant-vert.com\\\/en\\\/#\\\/schema\\\/logo\\\/image\\\/\"}}]}<\/script>\n<!-- \/ Yoast SEO plugin. -->","yoast_head_json":{"title":"Production - El\u00e9phant Vert","description":"Discover the jobs at the heart of the production of \u00c9l\u00e9phant Vert's biosolutions and join a group committed to organic agriculture.","robots":{"index":"index","follow":"follow","max-snippet":"max-snippet:-1","max-image-preview":"max-image-preview:large","max-video-preview":"max-video-preview:-1"},"canonical":"https:\/\/www.elephant-vert.com\/en\/about-us\/careers\/production\/","og_locale":"en_US","og_type":"article","og_title":"Production - El\u00e9phant Vert","og_description":"Discover the jobs at the heart of the production of \u00c9l\u00e9phant Vert's biosolutions and join a group committed to organic agriculture.","og_url":"https:\/\/www.elephant-vert.com\/en\/about-us\/careers\/production\/","og_site_name":"El\u00e9phant Vert","article_modified_time":"2024-06-03T12:35:39+00:00","og_image":[{"url":"https:\/\/www.elephant-vert.com\/wp-content\/uploads\/2023\/10\/photo-olivier-potin.png","type":"","width":"","height":""}],"twitter_card":"summary_large_image","twitter_misc":{"Est. reading time":"2 minutes"},"schema":{"@context":"https:\/\/schema.org","@graph":[{"@type":"WebPage","@id":"https:\/\/www.elephant-vert.com\/en\/about-us\/careers\/production\/","url":"https:\/\/www.elephant-vert.com\/en\/about-us\/careers\/production\/","name":"Production - El\u00e9phant Vert","isPartOf":{"@id":"https:\/\/www.elephant-vert.com\/en\/#website"},"primaryImageOfPage":{"@id":"https:\/\/www.elephant-vert.com\/en\/about-us\/careers\/production\/#primaryimage"},"image":{"@id":"https:\/\/www.elephant-vert.com\/en\/about-us\/careers\/production\/#primaryimage"},"thumbnailUrl":"https:\/\/www.elephant-vert.com\/wp-content\/uploads\/2023\/10\/photo-olivier-potin.png","datePublished":"2023-01-11T10:18:39+00:00","dateModified":"2024-06-03T12:35:39+00:00","description":"Discover the jobs at the heart of the production of \u00c9l\u00e9phant Vert's biosolutions and join a group committed to organic agriculture.","breadcrumb":{"@id":"https:\/\/www.elephant-vert.com\/en\/about-us\/careers\/production\/#breadcrumb"},"inLanguage":"en-US","potentialAction":[{"@type":"ReadAction","target":["https:\/\/www.elephant-vert.com\/en\/about-us\/careers\/production\/"]}]},{"@type":"ImageObject","inLanguage":"en-US","@id":"https:\/\/www.elephant-vert.com\/en\/about-us\/careers\/production\/#primaryimage","url":"https:\/\/www.elephant-vert.com\/wp-content\/uploads\/2023\/10\/photo-olivier-potin.png","contentUrl":"https:\/\/www.elephant-vert.com\/wp-content\/uploads\/2023\/10\/photo-olivier-potin.png"},{"@type":"BreadcrumbList","@id":"https:\/\/www.elephant-vert.com\/en\/about-us\/careers\/production\/#breadcrumb","itemListElement":[{"@type":"ListItem","position":1,"name":"Home","item":"https:\/\/www.elephant-vert.com\/en\/"},{"@type":"ListItem","position":2,"name":"About Us","item":"https:\/\/www.elephant-vert.com\/en\/about-us\/"},{"@type":"ListItem","position":3,"name":"Careers","item":"https:\/\/www.elephant-vert.com\/en\/about-us\/careers\/"},{"@type":"ListItem","position":4,"name":"Production"}]},{"@type":"WebSite","@id":"https:\/\/www.elephant-vert.com\/en\/#website","url":"https:\/\/www.elephant-vert.com\/en\/","name":"El\u00e9phant Vert","description":"Cultivons un avenir fertile","publisher":{"@id":"https:\/\/www.elephant-vert.com\/en\/#organization"},"potentialAction":[{"@type":"SearchAction","target":{"@type":"EntryPoint","urlTemplate":"https:\/\/www.elephant-vert.com\/en\/?s={search_term_string}"},"query-input":{"@type":"PropertyValueSpecification","valueRequired":true,"valueName":"search_term_string"}}],"inLanguage":"en-US"},{"@type":"Organization","@id":"https:\/\/www.elephant-vert.com\/en\/#organization","name":"El\u00e9phant Vert","url":"https:\/\/www.elephant-vert.com\/en\/","logo":{"@type":"ImageObject","inLanguage":"en-US","@id":"https:\/\/www.elephant-vert.com\/en\/#\/schema\/logo\/image\/","url":"https:\/\/www.elephant-vert.com\/wp-content\/uploads\/2022\/11\/Logo-elephant-vert.svg","contentUrl":"https:\/\/www.elephant-vert.com\/wp-content\/uploads\/2022\/11\/Logo-elephant-vert.svg","width":89,"height":55,"caption":"El\u00e9phant Vert"},"image":{"@id":"https:\/\/www.elephant-vert.com\/en\/#\/schema\/logo\/image\/"}}]}},"_links":{"self":[{"href":"https:\/\/www.elephant-vert.com\/en\/wp-json\/wp\/v2\/pages\/14348","targetHints":{"allow":["GET"]}}],"collection":[{"href":"https:\/\/www.elephant-vert.com\/en\/wp-json\/wp\/v2\/pages"}],"about":[{"href":"https:\/\/www.elephant-vert.com\/en\/wp-json\/wp\/v2\/types\/page"}],"author":[{"embeddable":true,"href":"https:\/\/www.elephant-vert.com\/en\/wp-json\/wp\/v2\/users\/1"}],"replies":[{"embeddable":true,"href":"https:\/\/www.elephant-vert.com\/en\/wp-json\/wp\/v2\/comments?post=14348"}],"version-history":[{"count":0,"href":"https:\/\/www.elephant-vert.com\/en\/wp-json\/wp\/v2\/pages\/14348\/revisions"}],"up":[{"embeddable":true,"href":"https:\/\/www.elephant-vert.com\/en\/wp-json\/wp\/v2\/pages\/14305"}],"wp:attachment":[{"href":"https:\/\/www.elephant-vert.com\/en\/wp-json\/wp\/v2\/media?parent=14348"}],"curies":[{"name":"wp","href":"https:\/\/api.w.org\/{rel}","templated":true}]}}