{"id":14355,"date":"2023-01-11T11:32:40","date_gmt":"2023-01-11T10:32:40","guid":{"rendered":"https:\/\/www.elephant-vert.com\/about-us\/careers\/supply-chain-profession\/"},"modified":"2023-04-05T16:03:39","modified_gmt":"2023-04-05T14:03:39","slug":"supply-chain-profession","status":"publish","type":"page","link":"https:\/\/www.elephant-vert.com\/en\/about-us\/careers\/supply-chain-profession\/","title":{"rendered":"Supply Chain Profession"},"content":{"rendered":"\t\t<div data-elementor-type=\"wp-page\" data-elementor-id=\"14355\" class=\"elementor elementor-14355 elementor-5552\" data-elementor-post-type=\"page\">\n\t\t\t\t\t\t<section class=\"elementor-section elementor-top-section elementor-element elementor-element-2b22daf elementor-section-height-min-height elementor-section-content-middle elementor-section-stretched elementor-section-items-top bandeau-top-page elementor-section-boxed elementor-section-height-default\" data-id=\"2b22daf\" data-element_type=\"section\" data-e-type=\"section\" data-settings=\"{&quot;stretch_section&quot;:&quot;section-stretched&quot;,&quot;background_background&quot;:&quot;classic&quot;}\">\n\t\t\t\t\t\t\t<div class=\"elementor-background-overlay\"><\/div>\n\t\t\t\t\t\t\t<div class=\"elementor-container elementor-column-gap-no\">\n\t\t\t\t\t<div class=\"elementor-column elementor-col-100 elementor-top-column elementor-element elementor-element-0b7926d\" data-id=\"0b7926d\" data-element_type=\"column\" data-e-type=\"column\">\n\t\t\t<div class=\"elementor-widget-wrap elementor-element-populated\">\n\t\t\t\t\t\t<div class=\"elementor-element elementor-element-79db2d3 elementor-align-left elementor-widget elementor-widget-breadcrumbs\" data-id=\"79db2d3\" data-element_type=\"widget\" data-e-type=\"widget\" data-widget_type=\"breadcrumbs.default\">\n\t\t\t\t<div class=\"elementor-widget-container\">\n\t\t\t\t\t<p id=\"breadcrumbs\"><span><span><a href=\"https:\/\/www.elephant-vert.com\/en\/\">Home<\/a><\/span><\/span><\/p>\t\t\t\t<\/div>\n\t\t\t\t<\/div>\n\t\t\t\t<div class=\"elementor-element elementor-element-13ab725 elementor-widget elementor-widget-heading\" data-id=\"13ab725\" data-element_type=\"widget\" data-e-type=\"widget\" data-widget_type=\"heading.default\">\n\t\t\t\t<div class=\"elementor-widget-container\">\n\t\t\t\t\t<h1 class=\"elementor-heading-title elementor-size-default\">Supply Chain<\/h1>\t\t\t\t<\/div>\n\t\t\t\t<\/div>\n\t\t\t\t\t<\/div>\n\t\t<\/div>\n\t\t\t\t\t<\/div>\n\t\t<\/section>\n\t\t\t\t<section class=\"elementor-section elementor-top-section elementor-element elementor-element-ca6ade8 elementor-section-content-middle elementor-section-stretched elementor-section-boxed elementor-section-height-default elementor-section-height-default\" data-id=\"ca6ade8\" data-element_type=\"section\" data-e-type=\"section\" data-settings=\"{&quot;stretch_section&quot;:&quot;section-stretched&quot;}\">\n\t\t\t\t\t\t<div class=\"elementor-container elementor-column-gap-no\">\n\t\t\t\t\t<div class=\"elementor-column elementor-col-50 elementor-top-column elementor-element elementor-element-7a13561\" data-id=\"7a13561\" data-element_type=\"column\" data-e-type=\"column\">\n\t\t\t<div class=\"elementor-widget-wrap elementor-element-populated\">\n\t\t\t\t\t\t<div class=\"elementor-element elementor-element-bba41e6 elementor-widget elementor-widget-image\" data-id=\"bba41e6\" data-element_type=\"widget\" data-e-type=\"widget\" data-widget_type=\"image.default\">\n\t\t\t\t<div class=\"elementor-widget-container\">\n\t\t\t\t\t\t\t\t\t\t\t\t\t\t\t<img fetchpriority=\"high\" decoding=\"async\" width=\"775\" height=\"1024\" src=\"https:\/\/www.elephant-vert.com\/wp-content\/uploads\/2023\/01\/metiers-supply-chain-pedro-duarte-775x1024.jpg\" class=\"attachment-large size-large wp-image-5068\" alt=\"\" srcset=\"https:\/\/www.elephant-vert.com\/wp-content\/uploads\/2023\/01\/metiers-supply-chain-pedro-duarte-775x1024.jpg 775w, https:\/\/www.elephant-vert.com\/wp-content\/uploads\/2023\/01\/metiers-supply-chain-pedro-duarte-300x396.jpg 300w, https:\/\/www.elephant-vert.com\/wp-content\/uploads\/2023\/01\/metiers-supply-chain-pedro-duarte-600x793.jpg 600w, https:\/\/www.elephant-vert.com\/wp-content\/uploads\/2023\/01\/metiers-supply-chain-pedro-duarte-227x300.jpg 227w, https:\/\/www.elephant-vert.com\/wp-content\/uploads\/2023\/01\/metiers-supply-chain-pedro-duarte-768x1015.jpg 768w, https:\/\/www.elephant-vert.com\/wp-content\/uploads\/2023\/01\/metiers-supply-chain-pedro-duarte.jpg 908w\" sizes=\"(max-width: 775px) 100vw, 775px\" \/>\t\t\t\t\t\t\t\t\t\t\t\t\t\t\t<\/div>\n\t\t\t\t<\/div>\n\t\t\t\t\t<\/div>\n\t\t<\/div>\n\t\t\t\t<div class=\"elementor-column elementor-col-50 elementor-top-column elementor-element elementor-element-c58a19b\" data-id=\"c58a19b\" data-element_type=\"column\" data-e-type=\"column\">\n\t\t\t<div class=\"elementor-widget-wrap elementor-element-populated\">\n\t\t\t\t\t\t<section class=\"elementor-section elementor-inner-section elementor-element elementor-element-8ffd888 elementor-section-boxed elementor-section-height-default elementor-section-height-default\" data-id=\"8ffd888\" data-element_type=\"section\" data-e-type=\"section\" data-settings=\"{&quot;background_background&quot;:&quot;classic&quot;}\">\n\t\t\t\t\t\t<div class=\"elementor-container elementor-column-gap-no\">\n\t\t\t\t\t<div class=\"elementor-column elementor-col-100 elementor-inner-column elementor-element elementor-element-8dc2d85\" data-id=\"8dc2d85\" data-element_type=\"column\" data-e-type=\"column\">\n\t\t\t<div class=\"elementor-widget-wrap elementor-element-populated\">\n\t\t\t\t\t\t<div class=\"elementor-element elementor-element-be395ef elementor-widget elementor-widget-heading\" data-id=\"be395ef\" data-element_type=\"widget\" data-e-type=\"widget\" data-widget_type=\"heading.default\">\n\t\t\t\t<div class=\"elementor-widget-container\">\n\t\t\t\t\t<h2 class=\"elementor-heading-title elementor-size-default\">Pedro<\/h2>\t\t\t\t<\/div>\n\t\t\t\t<\/div>\n\t\t\t\t<div class=\"elementor-element elementor-element-a60eb7c elementor-widget elementor-widget-heading\" data-id=\"a60eb7c\" data-element_type=\"widget\" data-e-type=\"widget\" data-widget_type=\"heading.default\">\n\t\t\t\t<div class=\"elementor-widget-container\">\n\t\t\t\t\t<div class=\"elementor-heading-title elementor-size-default\">Dr. Supply chain<\/div>\t\t\t\t<\/div>\n\t\t\t\t<\/div>\n\t\t\t\t<div class=\"elementor-element elementor-element-1a24461 elementor-blockquote--skin-border elementor-widget elementor-widget-blockquote\" data-id=\"1a24461\" data-element_type=\"widget\" data-e-type=\"widget\" data-widget_type=\"blockquote.default\">\n\t\t\t\t<div class=\"elementor-widget-container\">\n\t\t\t\t\t\t\t<blockquote class=\"elementor-blockquote\">\n\t\t\t<p class=\"elementor-blockquote__content\">\n\t\t\t\t\"Delivering the highest rate of service in order to maximize the satisfaction of our internal and external customers.\"\t\t\t<\/p>\n\t\t\t\t\t<\/blockquote>\n\t\t\t\t\t\t<\/div>\n\t\t\t\t<\/div>\n\t\t\t\t<div class=\"elementor-element elementor-element-cc6f079 elementor-widget elementor-widget-text-editor\" data-id=\"cc6f079\" data-element_type=\"widget\" data-e-type=\"widget\" data-widget_type=\"text-editor.default\">\n\t\t\t\t<div class=\"elementor-widget-container\">\n\t\t\t\t\t\t\t\t\t<p>What is particularly stimulating at EV is seeking and implementing logistical solutions to bring our product offer closer to our customers, while balancing environmental impact, customer satisfaction and company profitability. This is done in a multicultural environment which, in addition to being personally enriching, contributes to the emergence of real creative and innovative solutions.<\/p>\n<p>I am lucky to be able to give meaning to my job, to feel a commitment to a positive approach in the improvement of life together on the planet.<\/p>\n\t\t\t\t\t\t\t\t<\/div>\n\t\t\t\t<\/div>\n\t\t\t\t\t<\/div>\n\t\t<\/div>\n\t\t\t\t\t<\/div>\n\t\t<\/section>\n\t\t\t\t\t<\/div>\n\t\t<\/div>\n\t\t\t\t\t<\/div>\n\t\t<\/section>\n\t\t\t\t<section class=\"elementor-section elementor-top-section elementor-element elementor-element-d776e19 elementor-section-stretched elementor-section-boxed elementor-section-height-default elementor-section-height-default\" data-id=\"d776e19\" data-element_type=\"section\" data-e-type=\"section\" data-settings=\"{&quot;stretch_section&quot;:&quot;section-stretched&quot;}\">\n\t\t\t\t\t\t<div class=\"elementor-container elementor-column-gap-no\">\n\t\t\t\t\t<div class=\"elementor-column elementor-col-100 elementor-top-column elementor-element elementor-element-dbfa9fb\" data-id=\"dbfa9fb\" data-element_type=\"column\" data-e-type=\"column\">\n\t\t\t<div class=\"elementor-widget-wrap elementor-element-populated\">\n\t\t\t\t\t\t<div class=\"elementor-element elementor-element-9eb9000 elementor-widget elementor-widget-heading\" data-id=\"9eb9000\" data-element_type=\"widget\" data-e-type=\"widget\" data-widget_type=\"heading.default\">\n\t\t\t\t<div class=\"elementor-widget-container\">\n\t\t\t\t\t<h3 class=\"elementor-heading-title elementor-size-default\">Our mission:<\/h3>\t\t\t\t<\/div>\n\t\t\t\t<\/div>\n\t\t\t\t<div class=\"elementor-element elementor-element-a1ad5fe elementor-widget elementor-widget-text-editor\" data-id=\"a1ad5fe\" data-element_type=\"widget\" data-e-type=\"widget\" data-widget_type=\"text-editor.default\">\n\t\t\t\t<div class=\"elementor-widget-container\">\n\t\t\t\t\t\t\t\t\t<p>We strive to put in place the best processes to get the best out of each employee at all levels of the chain, both internally and with our partners, in order to optimize the management of daily flows and to contribute to reducing the carbon impact as part of EV&#8217;s CSR policy.<\/p>\n\t\t\t\t\t\t\t\t<\/div>\n\t\t\t\t<\/div>\n\t\t\t\t<div class=\"elementor-element elementor-element-b09a4ea elementor-widget elementor-widget-heading\" data-id=\"b09a4ea\" data-element_type=\"widget\" data-e-type=\"widget\" data-widget_type=\"heading.default\">\n\t\t\t\t<div class=\"elementor-widget-container\">\n\t\t\t\t\t<h3 class=\"elementor-heading-title elementor-size-default\">Our role is to:<\/h3>\t\t\t\t<\/div>\n\t\t\t\t<\/div>\n\t\t\t\t<div class=\"elementor-element elementor-element-feb9178 elementor-widget elementor-widget-text-editor\" data-id=\"feb9178\" data-element_type=\"widget\" data-e-type=\"widget\" data-widget_type=\"text-editor.default\">\n\t\t\t\t<div class=\"elementor-widget-container\">\n\t\t\t\t\t\t\t\t\t<ul>\n<li>Implement and monitor tools and processes to optimize flow operation.<\/li>\n<li>Ensure the interface between the Supply Chain, IT, Business, Marketing, Finance departments etc.<\/li>\n<li>Coordinate practices in the procurement, transportation\/logistics, planning &amp; sales departments.<\/li>\n<li>Set up and monitor performance indicators for the Supply Chain business.<\/li>\n<li>Allow the routing of raw materials necessary for production.<\/li>\n<li>Optimize delivery conditions locally and for export.<\/li>\n<\/ul>\n\t\t\t\t\t\t\t\t<\/div>\n\t\t\t\t<\/div>\n\t\t\t\t<div class=\"elementor-element elementor-element-58d9d32 elementor-widget elementor-widget-heading\" data-id=\"58d9d32\" data-element_type=\"widget\" data-e-type=\"widget\" data-widget_type=\"heading.default\">\n\t\t\t\t<div class=\"elementor-widget-container\">\n\t\t\t\t\t<h3 class=\"elementor-heading-title elementor-size-default\">Do you have these skills?<\/h3>\t\t\t\t<\/div>\n\t\t\t\t<\/div>\n\t\t\t\t<div class=\"elementor-element elementor-element-4eb058b elementor-widget elementor-widget-text-editor\" data-id=\"4eb058b\" data-element_type=\"widget\" data-e-type=\"widget\" data-widget_type=\"text-editor.default\">\n\t\t\t\t<div class=\"elementor-widget-container\">\n\t\t\t\t\t\t\t\t\t<ul>\n<li>Analytical skills<\/li>\n<li>Customer Relationship<\/li>\n<li>Administration<\/li>\n<li>Management Mastery of logistics processes<\/li>\n<li>Use of management software<\/li>\n<li>Project management<\/li>\n<li>Management skills and team management skills<\/li>\n<\/ul>\n\t\t\t\t\t\t\t\t<\/div>\n\t\t\t\t<\/div>\n\t\t\t\t<div class=\"elementor-element elementor-element-0df0fa3 elementor-align-left item-cta-orange item-cta-carrieres elementor-widget elementor-widget-button\" data-id=\"0df0fa3\" data-element_type=\"widget\" data-e-type=\"widget\" data-widget_type=\"button.default\">\n\t\t\t\t<div class=\"elementor-widget-container\">\n\t\t\t\t\t\t\t\t\t<div class=\"elementor-button-wrapper\">\n\t\t\t\t\t<a class=\"elementor-button elementor-button-link elementor-size-md\" href=\"https:\/\/www.elephant-vert.com\/en\/about-us\/careers\/\">\n\t\t\t\t\t\t<span class=\"elementor-button-content-wrapper\">\n\t\t\t\t\t\t\t\t\t<span class=\"elementor-button-text\"><div class=\"cta-txt-effect\"><span class=\"txt-cta\">Join us<\/span><span class=\"txt-cta__hover\">Join us<\/span><\/div><\/span>\n\t\t\t\t\t<\/span>\n\t\t\t\t\t<\/a>\n\t\t\t\t<\/div>\n\t\t\t\t\t\t\t\t<\/div>\n\t\t\t\t<\/div>\n\t\t\t\t<div class=\"elementor-element elementor-element-2639837 elementor-widget elementor-widget-heading\" data-id=\"2639837\" data-element_type=\"widget\" data-e-type=\"widget\" data-widget_type=\"heading.default\">\n\t\t\t\t<div class=\"elementor-widget-container\">\n\t\t\t\t\t<h3 class=\"elementor-heading-title elementor-size-default\">Our different job divisions<\/h3>\t\t\t\t<\/div>\n\t\t\t\t<\/div>\n\t\t\t\t<div class=\"elementor-element elementor-element-21e4c76 elementor-widget elementor-widget-text-editor\" data-id=\"21e4c76\" data-element_type=\"widget\" data-e-type=\"widget\" data-widget_type=\"text-editor.default\">\n\t\t\t\t<div class=\"elementor-widget-container\">\n\t\t\t\t\t\t\t\t\t<ul>\n<li>Logistics<\/li>\n<li>Transport<\/li>\n<li>Import \/ Export<\/li>\n<li>S&amp;OP demand planning<\/li>\n<li>Warehouse Manager<\/li>\n<li>Material handler, warehouse, processor<\/li>\n<\/ul>\n\t\t\t\t\t\t\t\t<\/div>\n\t\t\t\t<\/div>\n\t\t\t\t\t<\/div>\n\t\t<\/div>\n\t\t\t\t\t<\/div>\n\t\t<\/section>\n\t\t\t\t<\/div>\n\t\t","protected":false},"excerpt":{"rendered":"<p>Supply Chain Pedro Dr. Supply chain &#8220;Delivering the highest rate of service in order to maximize the satisfaction of our internal and external customers.&#8221; What is particularly stimulating at EV is seeking and implementing logistical solutions to bring our product offer closer to our customers, while balancing environmental impact, customer satisfaction and company profitability. This &#8230; <a title=\"Supply Chain Profession\" class=\"read-more\" href=\"https:\/\/www.elephant-vert.com\/en\/about-us\/careers\/supply-chain-profession\/\" aria-label=\"Read more about Supply Chain Profession\">Lire plus<\/a><\/p>\n","protected":false},"author":1,"featured_media":0,"parent":14305,"menu_order":0,"comment_status":"closed","ping_status":"closed","template":"elementor_header_footer","meta":{"_acf_changed":false,"inline_featured_image":false,"footnotes":""},"class_list":["post-14355","page","type-page","status-publish"],"acf":[],"yoast_head":"<!-- This site is optimized with the Yoast SEO plugin v27.5 - https:\/\/yoast.com\/product\/yoast-seo-wordpress\/ -->\n<title>Supply Chain Profession - El\u00e9phant Vert<\/title>\n<meta name=\"description\" content=\"Supply Chain jobs at \u00c9l\u00e9phant Vert (EV), players at the heart of the diffusion of biosolutions for global agriculture.\" \/>\n<meta name=\"robots\" content=\"index, follow, max-snippet:-1, max-image-preview:large, max-video-preview:-1\" \/>\n<link rel=\"canonical\" href=\"https:\/\/www.elephant-vert.com\/en\/about-us\/careers\/supply-chain-profession\/\" \/>\n<meta property=\"og:locale\" content=\"en_US\" \/>\n<meta property=\"og:type\" content=\"article\" \/>\n<meta property=\"og:title\" content=\"Supply Chain Profession - El\u00e9phant Vert\" \/>\n<meta property=\"og:description\" content=\"Supply Chain jobs at \u00c9l\u00e9phant Vert (EV), players at the heart of the diffusion of biosolutions for global agriculture.\" \/>\n<meta property=\"og:url\" content=\"https:\/\/www.elephant-vert.com\/en\/about-us\/careers\/supply-chain-profession\/\" \/>\n<meta property=\"og:site_name\" content=\"El\u00e9phant Vert\" \/>\n<meta property=\"article:modified_time\" content=\"2023-04-05T14:03:39+00:00\" \/>\n<meta property=\"og:image\" content=\"https:\/\/www.elephant-vert.com\/wp-content\/uploads\/2023\/01\/metiers-supply-chain-pedro-duarte-775x1024.jpg\" \/>\n<meta name=\"twitter:card\" content=\"summary_large_image\" \/>\n<meta name=\"twitter:label1\" content=\"Est. reading time\" \/>\n\t<meta name=\"twitter:data1\" content=\"1 minute\" \/>\n<script type=\"application\/ld+json\" class=\"yoast-schema-graph\">{\"@context\":\"https:\\\/\\\/schema.org\",\"@graph\":[{\"@type\":\"WebPage\",\"@id\":\"https:\\\/\\\/www.elephant-vert.com\\\/en\\\/about-us\\\/careers\\\/supply-chain-profession\\\/\",\"url\":\"https:\\\/\\\/www.elephant-vert.com\\\/en\\\/about-us\\\/careers\\\/supply-chain-profession\\\/\",\"name\":\"Supply Chain Profession - El\u00e9phant Vert\",\"isPartOf\":{\"@id\":\"https:\\\/\\\/www.elephant-vert.com\\\/en\\\/#website\"},\"primaryImageOfPage\":{\"@id\":\"https:\\\/\\\/www.elephant-vert.com\\\/en\\\/about-us\\\/careers\\\/supply-chain-profession\\\/#primaryimage\"},\"image\":{\"@id\":\"https:\\\/\\\/www.elephant-vert.com\\\/en\\\/about-us\\\/careers\\\/supply-chain-profession\\\/#primaryimage\"},\"thumbnailUrl\":\"https:\\\/\\\/www.elephant-vert.com\\\/wp-content\\\/uploads\\\/2023\\\/01\\\/metiers-supply-chain-pedro-duarte-775x1024.jpg\",\"datePublished\":\"2023-01-11T10:32:40+00:00\",\"dateModified\":\"2023-04-05T14:03:39+00:00\",\"description\":\"Supply Chain jobs at \u00c9l\u00e9phant Vert (EV), players at the heart of the diffusion of biosolutions for global agriculture.\",\"breadcrumb\":{\"@id\":\"https:\\\/\\\/www.elephant-vert.com\\\/en\\\/about-us\\\/careers\\\/supply-chain-profession\\\/#breadcrumb\"},\"inLanguage\":\"en-US\",\"potentialAction\":[{\"@type\":\"ReadAction\",\"target\":[\"https:\\\/\\\/www.elephant-vert.com\\\/en\\\/about-us\\\/careers\\\/supply-chain-profession\\\/\"]}]},{\"@type\":\"ImageObject\",\"inLanguage\":\"en-US\",\"@id\":\"https:\\\/\\\/www.elephant-vert.com\\\/en\\\/about-us\\\/careers\\\/supply-chain-profession\\\/#primaryimage\",\"url\":\"https:\\\/\\\/www.elephant-vert.com\\\/wp-content\\\/uploads\\\/2023\\\/01\\\/metiers-supply-chain-pedro-duarte-775x1024.jpg\",\"contentUrl\":\"https:\\\/\\\/www.elephant-vert.com\\\/wp-content\\\/uploads\\\/2023\\\/01\\\/metiers-supply-chain-pedro-duarte-775x1024.jpg\"},{\"@type\":\"BreadcrumbList\",\"@id\":\"https:\\\/\\\/www.elephant-vert.com\\\/en\\\/about-us\\\/careers\\\/supply-chain-profession\\\/#breadcrumb\",\"itemListElement\":[{\"@type\":\"ListItem\",\"position\":1,\"name\":\"Home\",\"item\":\"https:\\\/\\\/www.elephant-vert.com\\\/en\\\/\"},{\"@type\":\"ListItem\",\"position\":2,\"name\":\"About Us\",\"item\":\"https:\\\/\\\/www.elephant-vert.com\\\/en\\\/about-us\\\/\"},{\"@type\":\"ListItem\",\"position\":3,\"name\":\"Careers\",\"item\":\"https:\\\/\\\/www.elephant-vert.com\\\/en\\\/about-us\\\/careers\\\/\"},{\"@type\":\"ListItem\",\"position\":4,\"name\":\"Supply Chain Profession\"}]},{\"@type\":\"WebSite\",\"@id\":\"https:\\\/\\\/www.elephant-vert.com\\\/en\\\/#website\",\"url\":\"https:\\\/\\\/www.elephant-vert.com\\\/en\\\/\",\"name\":\"El\u00e9phant Vert\",\"description\":\"Cultivons un avenir fertile\",\"publisher\":{\"@id\":\"https:\\\/\\\/www.elephant-vert.com\\\/en\\\/#organization\"},\"potentialAction\":[{\"@type\":\"SearchAction\",\"target\":{\"@type\":\"EntryPoint\",\"urlTemplate\":\"https:\\\/\\\/www.elephant-vert.com\\\/en\\\/?s={search_term_string}\"},\"query-input\":{\"@type\":\"PropertyValueSpecification\",\"valueRequired\":true,\"valueName\":\"search_term_string\"}}],\"inLanguage\":\"en-US\"},{\"@type\":\"Organization\",\"@id\":\"https:\\\/\\\/www.elephant-vert.com\\\/en\\\/#organization\",\"name\":\"El\u00e9phant Vert\",\"url\":\"https:\\\/\\\/www.elephant-vert.com\\\/en\\\/\",\"logo\":{\"@type\":\"ImageObject\",\"inLanguage\":\"en-US\",\"@id\":\"https:\\\/\\\/www.elephant-vert.com\\\/en\\\/#\\\/schema\\\/logo\\\/image\\\/\",\"url\":\"https:\\\/\\\/www.elephant-vert.com\\\/wp-content\\\/uploads\\\/2022\\\/11\\\/Logo-elephant-vert.svg\",\"contentUrl\":\"https:\\\/\\\/www.elephant-vert.com\\\/wp-content\\\/uploads\\\/2022\\\/11\\\/Logo-elephant-vert.svg\",\"width\":89,\"height\":55,\"caption\":\"El\u00e9phant Vert\"},\"image\":{\"@id\":\"https:\\\/\\\/www.elephant-vert.com\\\/en\\\/#\\\/schema\\\/logo\\\/image\\\/\"}}]}<\/script>\n<!-- \/ Yoast SEO plugin. -->","yoast_head_json":{"title":"Supply Chain Profession - El\u00e9phant Vert","description":"Supply Chain jobs at \u00c9l\u00e9phant Vert (EV), players at the heart of the diffusion of biosolutions for global agriculture.","robots":{"index":"index","follow":"follow","max-snippet":"max-snippet:-1","max-image-preview":"max-image-preview:large","max-video-preview":"max-video-preview:-1"},"canonical":"https:\/\/www.elephant-vert.com\/en\/about-us\/careers\/supply-chain-profession\/","og_locale":"en_US","og_type":"article","og_title":"Supply Chain Profession - El\u00e9phant Vert","og_description":"Supply Chain jobs at \u00c9l\u00e9phant Vert (EV), players at the heart of the diffusion of biosolutions for global agriculture.","og_url":"https:\/\/www.elephant-vert.com\/en\/about-us\/careers\/supply-chain-profession\/","og_site_name":"El\u00e9phant Vert","article_modified_time":"2023-04-05T14:03:39+00:00","og_image":[{"url":"https:\/\/www.elephant-vert.com\/wp-content\/uploads\/2023\/01\/metiers-supply-chain-pedro-duarte-775x1024.jpg","type":"","width":"","height":""}],"twitter_card":"summary_large_image","twitter_misc":{"Est. reading time":"1 minute"},"schema":{"@context":"https:\/\/schema.org","@graph":[{"@type":"WebPage","@id":"https:\/\/www.elephant-vert.com\/en\/about-us\/careers\/supply-chain-profession\/","url":"https:\/\/www.elephant-vert.com\/en\/about-us\/careers\/supply-chain-profession\/","name":"Supply Chain Profession - El\u00e9phant Vert","isPartOf":{"@id":"https:\/\/www.elephant-vert.com\/en\/#website"},"primaryImageOfPage":{"@id":"https:\/\/www.elephant-vert.com\/en\/about-us\/careers\/supply-chain-profession\/#primaryimage"},"image":{"@id":"https:\/\/www.elephant-vert.com\/en\/about-us\/careers\/supply-chain-profession\/#primaryimage"},"thumbnailUrl":"https:\/\/www.elephant-vert.com\/wp-content\/uploads\/2023\/01\/metiers-supply-chain-pedro-duarte-775x1024.jpg","datePublished":"2023-01-11T10:32:40+00:00","dateModified":"2023-04-05T14:03:39+00:00","description":"Supply Chain jobs at \u00c9l\u00e9phant Vert (EV), players at the heart of the diffusion of biosolutions for global agriculture.","breadcrumb":{"@id":"https:\/\/www.elephant-vert.com\/en\/about-us\/careers\/supply-chain-profession\/#breadcrumb"},"inLanguage":"en-US","potentialAction":[{"@type":"ReadAction","target":["https:\/\/www.elephant-vert.com\/en\/about-us\/careers\/supply-chain-profession\/"]}]},{"@type":"ImageObject","inLanguage":"en-US","@id":"https:\/\/www.elephant-vert.com\/en\/about-us\/careers\/supply-chain-profession\/#primaryimage","url":"https:\/\/www.elephant-vert.com\/wp-content\/uploads\/2023\/01\/metiers-supply-chain-pedro-duarte-775x1024.jpg","contentUrl":"https:\/\/www.elephant-vert.com\/wp-content\/uploads\/2023\/01\/metiers-supply-chain-pedro-duarte-775x1024.jpg"},{"@type":"BreadcrumbList","@id":"https:\/\/www.elephant-vert.com\/en\/about-us\/careers\/supply-chain-profession\/#breadcrumb","itemListElement":[{"@type":"ListItem","position":1,"name":"Home","item":"https:\/\/www.elephant-vert.com\/en\/"},{"@type":"ListItem","position":2,"name":"About Us","item":"https:\/\/www.elephant-vert.com\/en\/about-us\/"},{"@type":"ListItem","position":3,"name":"Careers","item":"https:\/\/www.elephant-vert.com\/en\/about-us\/careers\/"},{"@type":"ListItem","position":4,"name":"Supply Chain Profession"}]},{"@type":"WebSite","@id":"https:\/\/www.elephant-vert.com\/en\/#website","url":"https:\/\/www.elephant-vert.com\/en\/","name":"El\u00e9phant Vert","description":"Cultivons un avenir fertile","publisher":{"@id":"https:\/\/www.elephant-vert.com\/en\/#organization"},"potentialAction":[{"@type":"SearchAction","target":{"@type":"EntryPoint","urlTemplate":"https:\/\/www.elephant-vert.com\/en\/?s={search_term_string}"},"query-input":{"@type":"PropertyValueSpecification","valueRequired":true,"valueName":"search_term_string"}}],"inLanguage":"en-US"},{"@type":"Organization","@id":"https:\/\/www.elephant-vert.com\/en\/#organization","name":"El\u00e9phant Vert","url":"https:\/\/www.elephant-vert.com\/en\/","logo":{"@type":"ImageObject","inLanguage":"en-US","@id":"https:\/\/www.elephant-vert.com\/en\/#\/schema\/logo\/image\/","url":"https:\/\/www.elephant-vert.com\/wp-content\/uploads\/2022\/11\/Logo-elephant-vert.svg","contentUrl":"https:\/\/www.elephant-vert.com\/wp-content\/uploads\/2022\/11\/Logo-elephant-vert.svg","width":89,"height":55,"caption":"El\u00e9phant Vert"},"image":{"@id":"https:\/\/www.elephant-vert.com\/en\/#\/schema\/logo\/image\/"}}]}},"_links":{"self":[{"href":"https:\/\/www.elephant-vert.com\/en\/wp-json\/wp\/v2\/pages\/14355","targetHints":{"allow":["GET"]}}],"collection":[{"href":"https:\/\/www.elephant-vert.com\/en\/wp-json\/wp\/v2\/pages"}],"about":[{"href":"https:\/\/www.elephant-vert.com\/en\/wp-json\/wp\/v2\/types\/page"}],"author":[{"embeddable":true,"href":"https:\/\/www.elephant-vert.com\/en\/wp-json\/wp\/v2\/users\/1"}],"replies":[{"embeddable":true,"href":"https:\/\/www.elephant-vert.com\/en\/wp-json\/wp\/v2\/comments?post=14355"}],"version-history":[{"count":0,"href":"https:\/\/www.elephant-vert.com\/en\/wp-json\/wp\/v2\/pages\/14355\/revisions"}],"up":[{"embeddable":true,"href":"https:\/\/www.elephant-vert.com\/en\/wp-json\/wp\/v2\/pages\/14305"}],"wp:attachment":[{"href":"https:\/\/www.elephant-vert.com\/en\/wp-json\/wp\/v2\/media?parent=14355"}],"curies":[{"name":"wp","href":"https:\/\/api.w.org\/{rel}","templated":true}]}}