{"id":15203,"date":"2023-01-02T17:25:14","date_gmt":"2023-01-02T16:25:14","guid":{"rendered":"https:\/\/www.elephant-vert.com\/legal-notice\/"},"modified":"2025-07-31T13:32:15","modified_gmt":"2025-07-31T11:32:15","slug":"legal-notice","status":"publish","type":"page","link":"https:\/\/www.elephant-vert.com\/en\/legal-notice\/","title":{"rendered":"Legal Notice"},"content":{"rendered":"\t\t<div data-elementor-type=\"wp-page\" data-elementor-id=\"15203\" class=\"elementor elementor-15203 elementor-3511\" data-elementor-post-type=\"page\">\n\t\t\t\t\t\t<section class=\"elementor-section elementor-top-section elementor-element elementor-element-46c2df2 elementor-section-height-min-height elementor-section-content-middle elementor-section-stretched elementor-section-items-top bandeau-top-page elementor-section-boxed elementor-section-height-default\" data-id=\"46c2df2\" data-element_type=\"section\" data-e-type=\"section\" data-settings=\"{&quot;stretch_section&quot;:&quot;section-stretched&quot;,&quot;background_background&quot;:&quot;classic&quot;}\">\n\t\t\t\t\t\t\t<div class=\"elementor-background-overlay\"><\/div>\n\t\t\t\t\t\t\t<div class=\"elementor-container elementor-column-gap-no\">\n\t\t\t\t\t<div class=\"elementor-column elementor-col-100 elementor-top-column elementor-element elementor-element-a560afe\" data-id=\"a560afe\" data-element_type=\"column\" data-e-type=\"column\">\n\t\t\t<div class=\"elementor-widget-wrap elementor-element-populated\">\n\t\t\t\t\t\t<div class=\"elementor-element elementor-element-3d9a0e9 elementor-align-left elementor-widget elementor-widget-breadcrumbs\" data-id=\"3d9a0e9\" data-element_type=\"widget\" data-e-type=\"widget\" data-widget_type=\"breadcrumbs.default\">\n\t\t\t\t<div class=\"elementor-widget-container\">\n\t\t\t\t\t<p id=\"breadcrumbs\"><span><span><a href=\"https:\/\/www.elephant-vert.com\/en\/\">Home<\/a><\/span><\/span><\/p>\t\t\t\t<\/div>\n\t\t\t\t<\/div>\n\t\t\t\t<div class=\"elementor-element elementor-element-4d7594d elementor-widget elementor-widget-heading\" data-id=\"4d7594d\" data-element_type=\"widget\" data-e-type=\"widget\" data-widget_type=\"heading.default\">\n\t\t\t\t<div class=\"elementor-widget-container\">\n\t\t\t\t\t<h1 class=\"elementor-heading-title elementor-size-default\">Legal Notice<\/h1>\t\t\t\t<\/div>\n\t\t\t\t<\/div>\n\t\t\t\t\t<\/div>\n\t\t<\/div>\n\t\t\t\t\t<\/div>\n\t\t<\/section>\n\t\t\t\t<section class=\"elementor-section elementor-top-section elementor-element elementor-element-99b1b81 elementor-section-stretched elementor-section-boxed elementor-section-height-default elementor-section-height-default\" data-id=\"99b1b81\" data-element_type=\"section\" data-e-type=\"section\" data-settings=\"{&quot;stretch_section&quot;:&quot;section-stretched&quot;}\">\n\t\t\t\t\t\t<div class=\"elementor-container elementor-column-gap-no\">\n\t\t\t\t\t<div class=\"elementor-column elementor-col-100 elementor-top-column elementor-element elementor-element-c369d1c\" data-id=\"c369d1c\" data-element_type=\"column\" data-e-type=\"column\" data-settings=\"{&quot;background_background&quot;:&quot;classic&quot;}\">\n\t\t\t<div class=\"elementor-widget-wrap elementor-element-populated\">\n\t\t\t\t\t\t<div class=\"elementor-element elementor-element-4fbcd0c elementor-widget elementor-widget-heading\" data-id=\"4fbcd0c\" data-element_type=\"widget\" data-e-type=\"widget\" data-widget_type=\"heading.default\">\n\t\t\t\t<div class=\"elementor-widget-container\">\n\t\t\t\t\t<h2 class=\"elementor-heading-title elementor-size-default\">Publisher<\/h2>\t\t\t\t<\/div>\n\t\t\t\t<\/div>\n\t\t\t\t<div class=\"elementor-element elementor-element-0a39d12 elementor-widget elementor-widget-text-editor\" data-id=\"0a39d12\" data-element_type=\"widget\" data-e-type=\"widget\" data-widget_type=\"text-editor.default\">\n\t\t\t\t<div class=\"elementor-widget-container\">\n\t\t\t\t\t\t\t\t\t<p>The website www.elephant-vert.com (&#8220;the Website&#8221;) is published by \u00c9L\u00c9PHANT VERT FRANCE, a limited liability company with a capital of \u20ac12,000,000 regularly registered in the Meaux Trade and Companies Register under number 808 276 315 and whose registered office is located at 5, Cours du Danube 77 700 Serris. (France).<\/p><p>Phone number : +33 (0)1 86 04 06 07<\/p><p>Email : <a href=\"mailto:infofrance@elephant-vert.com\">infofrance@elephant-vert.com<\/a><\/p><p>Intracommunity VAT number : FR65808276315<\/p><p>Director of the publication : Peter Br\u00e4ndle, General Manager of \u00c9L\u00c9PHANT VERT\u00a0<\/p>\t\t\t\t\t\t\t\t<\/div>\n\t\t\t\t<\/div>\n\t\t\t\t<div class=\"elementor-element elementor-element-acd3b44 elementor-widget elementor-widget-heading\" data-id=\"acd3b44\" data-element_type=\"widget\" data-e-type=\"widget\" data-widget_type=\"heading.default\">\n\t\t\t\t<div class=\"elementor-widget-container\">\n\t\t\t\t\t<h2 class=\"elementor-heading-title elementor-size-default\">Embedders<\/h2>\t\t\t\t<\/div>\n\t\t\t\t<\/div>\n\t\t\t\t<div class=\"elementor-element elementor-element-3ad986c elementor-widget elementor-widget-text-editor\" data-id=\"3ad986c\" data-element_type=\"widget\" data-e-type=\"widget\" data-widget_type=\"text-editor.default\">\n\t\t\t\t<div class=\"elementor-widget-container\">\n\t\t\t\t\t\t\t\t\t<p>The www.elephant-vert.com website is hosted by Infomaniak Network SA, whose registered office is :<\/p><p>Rue Eug\u00e8ne Marziano 25 &#8211; 1227 Les Acacias (GE) &#8211; Switzerland<\/p>\t\t\t\t\t\t\t\t<\/div>\n\t\t\t\t<\/div>\n\t\t\t\t<div class=\"elementor-element elementor-element-2c9192f elementor-widget elementor-widget-heading\" data-id=\"2c9192f\" data-element_type=\"widget\" data-e-type=\"widget\" data-widget_type=\"heading.default\">\n\t\t\t\t<div class=\"elementor-widget-container\">\n\t\t\t\t\t<h2 class=\"elementor-heading-title elementor-size-default\">Photo Creditting<\/h2>\t\t\t\t<\/div>\n\t\t\t\t<\/div>\n\t\t\t\t<div class=\"elementor-element elementor-element-8bb1e4c elementor-widget elementor-widget-text-editor\" data-id=\"8bb1e4c\" data-element_type=\"widget\" data-e-type=\"widget\" data-widget_type=\"text-editor.default\">\n\t\t\t\t<div class=\"elementor-widget-container\">\n\t\t\t\t\t\t\t\t\t<p>The media (video, photo, music etc) present on the Site come from different sources, some of them are owned by \u00c9L\u00c9PHANT VERT FRANCE or the latter is duly authorized by the owners to use them on the Site, others are purchased from image banks.<\/p>\n<table width=\"897\">\n<colgroup>\n<col width=\"160\">\n<col width=\"737\"><\/colgroup>\n<tbody>\n<tr>\n<td width=\"160\" height=\"19\">Page<\/td>\n<td width=\"737\">Quote photo credit<\/td>\n<\/tr>\n<tr>\n<td height=\"19\">Tropical crops<\/td>\n<td>Whitney Cranshaw, Colorado State University, Bugwood.org <\/td>\n<\/tr>\n<tr>\n<td height=\"19\">Tropical crops<\/td>\n<td>John D. Byrd, Mississippi State University, Bugwood.org <\/td>\n<\/tr>\n<tr>\n<td height=\"19\">Tropical crops<\/td>\n<td>James Smith, Mississippi State University, Bugwood.org <\/td>\n<\/tr>\n<tr>\n<td height=\"19\">Tropical crops<\/td>\n<td>Clemson University &#8211; USDA Cooperative Extension Slide Series , Bugwood.org <\/td>\n<\/tr>\n<tr>\n<td height=\"19\">Arboriculture<\/td>\n<td><a href=\"http:\/\/4.bp.blogspot.com\/-PreOIsJ4LCQ\/T_gfWUTUudI\/AAAAAAAAAPE\/NMPALRpcuI0\/s1600\/Ceratitis-capitata.jpg\" target=\"_blank\" rel=\"noopener\" data-saferedirecturl=\"https:\/\/www.google.com\/url?q=http:\/\/4.bp.blogspot.com\/-PreOIsJ4LCQ\/T_gfWUTUudI\/AAAAAAAAAPE\/NMPALRpcuI0\/s1600\/Ceratitis-capitata.jpg&amp;source=gmail&amp;ust=1677163702832000&amp;usg=AOvVaw1X5PXclL6bNzOlRu821vpc\">Ceratitis-capitata.jpg (700\u00d7520) (bp.blogspot.com)<\/a><\/td>\n<\/tr>\n<tr>\n<td height=\"19\">Arboriculture<\/td>\n<td><a href=\"http:\/\/suburbantomato.com\/wp-content\/uploads\/2012\/07\/2012-June-057.jpg\" target=\"_blank\" rel=\"noopener\" data-saferedirecturl=\"https:\/\/www.google.com\/url?q=http:\/\/suburbantomato.com\/wp-content\/uploads\/2012\/07\/2012-June-057.jpg&amp;source=gmail&amp;ust=1677163702832000&amp;usg=AOvVaw1Zgw5IQXO_uW_C4Ovm5xSh\">2012-June-057.jpg (2644\u00d71773) (suburbantomato.com)<\/a><\/td>\n<\/tr>\n<tr>\n<td height=\"19\">Arboriculture<\/td>\n<td><a href=\"https:\/\/profert.dz\/fr\/wp-content\/uploads\/2018\/05\/La-gommose-parasitaire-.jpg\" target=\"_blank\" rel=\"noopener\" data-saferedirecturl=\"https:\/\/www.google.com\/url?q=https:\/\/profert.dz\/fr\/wp-content\/uploads\/2018\/05\/La-gommose-parasitaire-.jpg&amp;source=gmail&amp;ust=1677163702832000&amp;usg=AOvVaw3eIDTrKrJzBVTlZUn0plt3\">La-gommose-parasitaire-.jpg (1200\u00d7900) (profert.dz)<\/a><\/td>\n<\/tr>\n<tr>\n<td height=\"19\">Arboriculture<\/td>\n<td><a href=\"https:\/\/plantix.net\/fr\/library\/plant-diseases\/600158\/black-parlatoria-scale\" target=\"_blank\" rel=\"noopener\" data-saferedirecturl=\"https:\/\/www.google.com\/url?q=https:\/\/plantix.net\/fr\/library\/plant-diseases\/600158\/black-parlatoria-scale&amp;source=gmail&amp;ust=1677163702833000&amp;usg=AOvVaw1MvXNJ4Y_0dvQIAtF9XYXo\">Cochenille Noire des Agrumes | Ravageurs &amp; Maladies (plantix.net)<\/a><\/td>\n<\/tr>\n<tr>\n<td height=\"19\">Vigne<\/td>\n<td><a href=\"https:\/\/fr.wikipedia.org\/wiki\/Eud%C3%A9mis_de_la_vigne#\/media\/Fichier:European_Vine_Moth.Lobesia_botrana.Tortricidae_-_Flickr_-_gailhampshire.jpg\" target=\"_blank\" rel=\"noopener\" data-saferedirecturl=\"https:\/\/www.google.com\/url?q=https:\/\/fr.wikipedia.org\/wiki\/Eud%25C3%25A9mis_de_la_vigne%23\/media\/Fichier:European_Vine_Moth.Lobesia_botrana.Tortricidae_-_Flickr_-_gailhampshire.jpg&amp;source=gmail&amp;ust=1677163702833000&amp;usg=AOvVaw1k9gvcLtWdgooCzSRd6Mrd\">Eud\u00e9mis de la vigne \u2014 Wikip\u00e9dia (wikipedia.org)<\/a><\/td>\n<\/tr>\n<tr>\n<td height=\"19\">Vigne<\/td>\n<td><a href=\"https:\/\/lahuertinadetoni.es\/wp-content\/uploads\/2014\/08\/mildiu-de-la-vid-2.jpg\" target=\"_blank\" rel=\"noopener\" data-saferedirecturl=\"https:\/\/www.google.com\/url?q=https:\/\/lahuertinadetoni.es\/wp-content\/uploads\/2014\/08\/mildiu-de-la-vid-2.jpg&amp;source=gmail&amp;ust=1677163702833000&amp;usg=AOvVaw0j0pqe1dRd9Msf9IYQ-5eP\">mildiu-de-la-vid-2.jpg (1600\u00d71197) (lahuertinadetoni.es)<\/a><\/td>\n<\/tr>\n<tr>\n<td height=\"19\">Market gardening<\/td>\n<td>SANDEEPKUMAR JALAPATHI, Tamil Nadu Agricultural University, Bugwood.org <\/td>\n<\/tr>\n<tr>\n<td height=\"19\">Market gardening<\/td>\n<td>Gerald Holmes, Strawberry Center, Cal Poly San Luis Obispo, Bugwood.org <\/td>\n<\/tr>\n<tr>\n<td height=\"19\">Market gardening<\/td>\n<td>SANDEEPKUMAR JALAPATHI, Tamil Nadu Agricultural University, Bugwood.org <\/td>\n<\/tr>\n<tr>\n<td height=\"19\">Field crops<\/td>\n<td>Frank Peairs, Colorado State University, Bugwood.org <\/td>\n<\/tr>\n<tr>\n<td height=\"19\">Field crops<\/td>\n<td>Jan Samanek, Phytosanitary Administration, Bugwood.org <\/td>\n<\/tr>\n<tr>\n<td height=\"19\">Field crops<\/td>\n<td>Mary Burrows, Montana State University, Bugwood.org <\/td>\n<\/tr>\n<tr>\n<td height=\"19\">Field crops<\/td>\n<td>Gerald Holmes, Strawberry Center, Cal Poly San Luis Obispo, Bugwood.org <\/td>\n<\/tr>\n<tr>\n<td height=\"19\">Flowers<\/td>\n<td>Florida Division of Plant Industry , Florida Department of Agriculture and Consumer Services, Bugwood.org <\/td>\n<\/tr>\n<tr>\n<td height=\"19\">Flowers<\/td>\n<td>Jeffrey W. Lotz, Florida Department of Agriculture and Consumer Services, Bugwood.org <\/td>\n<\/tr>\n<tr>\n<td height=\"19\">Flowers<\/td>\n<td>Clemson University &#8211; USDA Cooperative Extension Slide Series , Bugwood.org <\/td>\n<\/tr>\n<tr>\n<td height=\"19\">Flowers<\/td>\n<td>Lesley Ingram, Bugwood.org <\/td>\n<\/tr>\n<\/tbody>\n<\/table>\n<p>Last update:<br \/>March 2023\u00a9<br \/>\u00c9L\u00c9PHANT VERT FRANCE<\/p>\n\t\t\t\t\t\t\t\t<\/div>\n\t\t\t\t<\/div>\n\t\t\t\t\t<\/div>\n\t\t<\/div>\n\t\t\t\t\t<\/div>\n\t\t<\/section>\n\t\t\t\t<\/div>\n\t\t","protected":false},"excerpt":{"rendered":"<p>Legal Notice Publisher The website www.elephant-vert.com (&#8220;the Website&#8221;) is published by \u00c9L\u00c9PHANT VERT FRANCE, a limited liability company with a capital of \u20ac12,000,000 regularly registered in the Meaux Trade and Companies Register under number 808 276 315 and whose registered office is located at 5, Cours du Danube 77 700 Serris. (France). Phone number : &#8230; <a title=\"Legal Notice\" class=\"read-more\" href=\"https:\/\/www.elephant-vert.com\/en\/legal-notice\/\" aria-label=\"Read more about Legal Notice\">Lire plus<\/a><\/p>\n","protected":false},"author":1,"featured_media":0,"parent":0,"menu_order":0,"comment_status":"closed","ping_status":"closed","template":"elementor_header_footer","meta":{"_acf_changed":false,"inline_featured_image":false,"footnotes":""},"class_list":["post-15203","page","type-page","status-publish"],"acf":[],"yoast_head":"<!-- This site is optimized with the Yoast SEO plugin v27.5 - https:\/\/yoast.com\/product\/yoast-seo-wordpress\/ -->\n<title>Legal Notice - El\u00e9phant Vert<\/title>\n<meta name=\"description\" content=\"Legal notice of the website El\u00e9phant Vert (EV) pioneer of biostimulation and biocontrol for sustainable agriculture.\" \/>\n<meta name=\"robots\" content=\"index, follow, max-snippet:-1, max-image-preview:large, max-video-preview:-1\" \/>\n<link rel=\"canonical\" href=\"https:\/\/www.elephant-vert.com\/en\/legal-notice\/\" \/>\n<meta property=\"og:locale\" content=\"en_US\" \/>\n<meta property=\"og:type\" content=\"article\" \/>\n<meta property=\"og:title\" content=\"Legal Notice - El\u00e9phant Vert\" \/>\n<meta property=\"og:description\" content=\"Legal notice of the website El\u00e9phant Vert (EV) pioneer of biostimulation and biocontrol for sustainable agriculture.\" \/>\n<meta property=\"og:url\" content=\"https:\/\/www.elephant-vert.com\/en\/legal-notice\/\" \/>\n<meta property=\"og:site_name\" content=\"El\u00e9phant Vert\" \/>\n<meta property=\"article:modified_time\" content=\"2025-07-31T11:32:15+00:00\" \/>\n<meta name=\"twitter:card\" content=\"summary_large_image\" \/>\n<meta name=\"twitter:label1\" content=\"Est. reading time\" \/>\n\t<meta name=\"twitter:data1\" content=\"2 minutes\" \/>\n<script type=\"application\/ld+json\" class=\"yoast-schema-graph\">{\"@context\":\"https:\\\/\\\/schema.org\",\"@graph\":[{\"@type\":\"WebPage\",\"@id\":\"https:\\\/\\\/www.elephant-vert.com\\\/en\\\/legal-notice\\\/\",\"url\":\"https:\\\/\\\/www.elephant-vert.com\\\/en\\\/legal-notice\\\/\",\"name\":\"Legal Notice - El\u00e9phant Vert\",\"isPartOf\":{\"@id\":\"https:\\\/\\\/www.elephant-vert.com\\\/en\\\/#website\"},\"datePublished\":\"2023-01-02T16:25:14+00:00\",\"dateModified\":\"2025-07-31T11:32:15+00:00\",\"description\":\"Legal notice of the website El\u00e9phant Vert (EV) pioneer of biostimulation and biocontrol for sustainable agriculture.\",\"breadcrumb\":{\"@id\":\"https:\\\/\\\/www.elephant-vert.com\\\/en\\\/legal-notice\\\/#breadcrumb\"},\"inLanguage\":\"en-US\",\"potentialAction\":[{\"@type\":\"ReadAction\",\"target\":[\"https:\\\/\\\/www.elephant-vert.com\\\/en\\\/legal-notice\\\/\"]}]},{\"@type\":\"BreadcrumbList\",\"@id\":\"https:\\\/\\\/www.elephant-vert.com\\\/en\\\/legal-notice\\\/#breadcrumb\",\"itemListElement\":[{\"@type\":\"ListItem\",\"position\":1,\"name\":\"Home\",\"item\":\"https:\\\/\\\/www.elephant-vert.com\\\/en\\\/\"},{\"@type\":\"ListItem\",\"position\":2,\"name\":\"Legal Notice\"}]},{\"@type\":\"WebSite\",\"@id\":\"https:\\\/\\\/www.elephant-vert.com\\\/en\\\/#website\",\"url\":\"https:\\\/\\\/www.elephant-vert.com\\\/en\\\/\",\"name\":\"El\u00e9phant Vert\",\"description\":\"Cultivons un avenir fertile\",\"publisher\":{\"@id\":\"https:\\\/\\\/www.elephant-vert.com\\\/en\\\/#organization\"},\"potentialAction\":[{\"@type\":\"SearchAction\",\"target\":{\"@type\":\"EntryPoint\",\"urlTemplate\":\"https:\\\/\\\/www.elephant-vert.com\\\/en\\\/?s={search_term_string}\"},\"query-input\":{\"@type\":\"PropertyValueSpecification\",\"valueRequired\":true,\"valueName\":\"search_term_string\"}}],\"inLanguage\":\"en-US\"},{\"@type\":\"Organization\",\"@id\":\"https:\\\/\\\/www.elephant-vert.com\\\/en\\\/#organization\",\"name\":\"El\u00e9phant Vert\",\"url\":\"https:\\\/\\\/www.elephant-vert.com\\\/en\\\/\",\"logo\":{\"@type\":\"ImageObject\",\"inLanguage\":\"en-US\",\"@id\":\"https:\\\/\\\/www.elephant-vert.com\\\/en\\\/#\\\/schema\\\/logo\\\/image\\\/\",\"url\":\"https:\\\/\\\/www.elephant-vert.com\\\/wp-content\\\/uploads\\\/2022\\\/11\\\/Logo-elephant-vert.svg\",\"contentUrl\":\"https:\\\/\\\/www.elephant-vert.com\\\/wp-content\\\/uploads\\\/2022\\\/11\\\/Logo-elephant-vert.svg\",\"width\":89,\"height\":55,\"caption\":\"El\u00e9phant Vert\"},\"image\":{\"@id\":\"https:\\\/\\\/www.elephant-vert.com\\\/en\\\/#\\\/schema\\\/logo\\\/image\\\/\"}}]}<\/script>\n<!-- \/ Yoast SEO plugin. -->","yoast_head_json":{"title":"Legal Notice - El\u00e9phant Vert","description":"Legal notice of the website El\u00e9phant Vert (EV) pioneer of biostimulation and biocontrol for sustainable agriculture.","robots":{"index":"index","follow":"follow","max-snippet":"max-snippet:-1","max-image-preview":"max-image-preview:large","max-video-preview":"max-video-preview:-1"},"canonical":"https:\/\/www.elephant-vert.com\/en\/legal-notice\/","og_locale":"en_US","og_type":"article","og_title":"Legal Notice - El\u00e9phant Vert","og_description":"Legal notice of the website El\u00e9phant Vert (EV) pioneer of biostimulation and biocontrol for sustainable agriculture.","og_url":"https:\/\/www.elephant-vert.com\/en\/legal-notice\/","og_site_name":"El\u00e9phant Vert","article_modified_time":"2025-07-31T11:32:15+00:00","twitter_card":"summary_large_image","twitter_misc":{"Est. reading time":"2 minutes"},"schema":{"@context":"https:\/\/schema.org","@graph":[{"@type":"WebPage","@id":"https:\/\/www.elephant-vert.com\/en\/legal-notice\/","url":"https:\/\/www.elephant-vert.com\/en\/legal-notice\/","name":"Legal Notice - El\u00e9phant Vert","isPartOf":{"@id":"https:\/\/www.elephant-vert.com\/en\/#website"},"datePublished":"2023-01-02T16:25:14+00:00","dateModified":"2025-07-31T11:32:15+00:00","description":"Legal notice of the website El\u00e9phant Vert (EV) pioneer of biostimulation and biocontrol for sustainable agriculture.","breadcrumb":{"@id":"https:\/\/www.elephant-vert.com\/en\/legal-notice\/#breadcrumb"},"inLanguage":"en-US","potentialAction":[{"@type":"ReadAction","target":["https:\/\/www.elephant-vert.com\/en\/legal-notice\/"]}]},{"@type":"BreadcrumbList","@id":"https:\/\/www.elephant-vert.com\/en\/legal-notice\/#breadcrumb","itemListElement":[{"@type":"ListItem","position":1,"name":"Home","item":"https:\/\/www.elephant-vert.com\/en\/"},{"@type":"ListItem","position":2,"name":"Legal Notice"}]},{"@type":"WebSite","@id":"https:\/\/www.elephant-vert.com\/en\/#website","url":"https:\/\/www.elephant-vert.com\/en\/","name":"El\u00e9phant Vert","description":"Cultivons un avenir fertile","publisher":{"@id":"https:\/\/www.elephant-vert.com\/en\/#organization"},"potentialAction":[{"@type":"SearchAction","target":{"@type":"EntryPoint","urlTemplate":"https:\/\/www.elephant-vert.com\/en\/?s={search_term_string}"},"query-input":{"@type":"PropertyValueSpecification","valueRequired":true,"valueName":"search_term_string"}}],"inLanguage":"en-US"},{"@type":"Organization","@id":"https:\/\/www.elephant-vert.com\/en\/#organization","name":"El\u00e9phant Vert","url":"https:\/\/www.elephant-vert.com\/en\/","logo":{"@type":"ImageObject","inLanguage":"en-US","@id":"https:\/\/www.elephant-vert.com\/en\/#\/schema\/logo\/image\/","url":"https:\/\/www.elephant-vert.com\/wp-content\/uploads\/2022\/11\/Logo-elephant-vert.svg","contentUrl":"https:\/\/www.elephant-vert.com\/wp-content\/uploads\/2022\/11\/Logo-elephant-vert.svg","width":89,"height":55,"caption":"El\u00e9phant Vert"},"image":{"@id":"https:\/\/www.elephant-vert.com\/en\/#\/schema\/logo\/image\/"}}]}},"_links":{"self":[{"href":"https:\/\/www.elephant-vert.com\/en\/wp-json\/wp\/v2\/pages\/15203","targetHints":{"allow":["GET"]}}],"collection":[{"href":"https:\/\/www.elephant-vert.com\/en\/wp-json\/wp\/v2\/pages"}],"about":[{"href":"https:\/\/www.elephant-vert.com\/en\/wp-json\/wp\/v2\/types\/page"}],"author":[{"embeddable":true,"href":"https:\/\/www.elephant-vert.com\/en\/wp-json\/wp\/v2\/users\/1"}],"replies":[{"embeddable":true,"href":"https:\/\/www.elephant-vert.com\/en\/wp-json\/wp\/v2\/comments?post=15203"}],"version-history":[{"count":0,"href":"https:\/\/www.elephant-vert.com\/en\/wp-json\/wp\/v2\/pages\/15203\/revisions"}],"wp:attachment":[{"href":"https:\/\/www.elephant-vert.com\/en\/wp-json\/wp\/v2\/media?parent=15203"}],"curies":[{"name":"wp","href":"https:\/\/api.w.org\/{rel}","templated":true}]}}