{"id":20533,"date":"2023-07-19T17:02:12","date_gmt":"2023-07-19T15:02:12","guid":{"rendered":"https:\/\/www.elephant-vert.com\/news\/mediatheque\/"},"modified":"2023-08-02T16:18:44","modified_gmt":"2023-08-02T14:18:44","slug":"media-library","status":"publish","type":"page","link":"https:\/\/www.elephant-vert.com\/en\/news\/media-library\/","title":{"rendered":"M\u00e9dia library"},"content":{"rendered":"\t\t<div data-elementor-type=\"wp-page\" data-elementor-id=\"20533\" class=\"elementor elementor-20533 elementor-20497\" data-elementor-post-type=\"page\">\n\t\t\t\t\t\t<section class=\"elementor-section elementor-top-section elementor-element elementor-element-a315ce7 elementor-section-height-min-height elementor-section-content-middle elementor-section-stretched elementor-section-items-top bandeau-top-page elementor-section-boxed elementor-section-height-default\" data-id=\"a315ce7\" data-element_type=\"section\" data-e-type=\"section\" data-settings=\"{&quot;stretch_section&quot;:&quot;section-stretched&quot;,&quot;background_background&quot;:&quot;classic&quot;}\">\n\t\t\t\t\t\t<div class=\"elementor-container elementor-column-gap-no\">\n\t\t\t\t\t<div class=\"elementor-column elementor-col-100 elementor-top-column elementor-element elementor-element-5953631\" data-id=\"5953631\" data-element_type=\"column\" data-e-type=\"column\" id=\"press_header\">\n\t\t\t<div class=\"elementor-widget-wrap elementor-element-populated\">\n\t\t\t\t\t\t<div class=\"elementor-element elementor-element-f5eacce elementor-align-left elementor-widget elementor-widget-breadcrumbs\" data-id=\"f5eacce\" data-element_type=\"widget\" data-e-type=\"widget\" data-widget_type=\"breadcrumbs.default\">\n\t\t\t\t<div class=\"elementor-widget-container\">\n\t\t\t\t\t<p id=\"breadcrumbs\"><span><span><a href=\"https:\/\/www.elephant-vert.com\/en\/\">Home<\/a><\/span><\/span><\/p>\t\t\t\t<\/div>\n\t\t\t\t<\/div>\n\t\t\t\t<div class=\"elementor-element elementor-element-0e1a660 elementor-widget elementor-widget-heading\" data-id=\"0e1a660\" data-element_type=\"widget\" data-e-type=\"widget\" data-widget_type=\"heading.default\">\n\t\t\t\t<div class=\"elementor-widget-container\">\n\t\t\t\t\t<h1 class=\"elementor-heading-title elementor-size-default\">M\u00e9dia library<\/h1>\t\t\t\t<\/div>\n\t\t\t\t<\/div>\n\t\t\t\t\t<\/div>\n\t\t<\/div>\n\t\t\t\t\t<\/div>\n\t\t<\/section>\n\t\t\t\t<section class=\"elementor-section elementor-top-section elementor-element elementor-element-c56df22 elementor-section-boxed elementor-section-height-default elementor-section-height-default\" data-id=\"c56df22\" data-element_type=\"section\" data-e-type=\"section\">\n\t\t\t\t\t\t<div class=\"elementor-container elementor-column-gap-default\">\n\t\t\t\t\t<div class=\"elementor-column elementor-col-100 elementor-top-column elementor-element elementor-element-f02dfc4\" data-id=\"f02dfc4\" data-element_type=\"column\" data-e-type=\"column\">\n\t\t\t<div class=\"elementor-widget-wrap elementor-element-populated\">\n\t\t\t\t\t\t<div class=\"elementor-element elementor-element-58b10b2 elementor-widget elementor-widget-text-editor\" data-id=\"58b10b2\" data-element_type=\"widget\" data-e-type=\"widget\" data-widget_type=\"text-editor.default\">\n\t\t\t\t<div class=\"elementor-widget-container\">\n\t\t\t\t\t\t\t\t\t<p>This space is reserved for communications professionals who wish to highlight El\u00e9phant Vert on their media. (journalists, influencers, partners&#8230;).<\/p><p>Use of ELEPHANT VERT photos and media must be requested by e-mail to the communication department.<\/p><p>Any observation of use without authorization will at least be the subject of a request for the immediate deletion of the published content.<\/p>\t\t\t\t\t\t\t\t<\/div>\n\t\t\t\t<\/div>\n\t\t\t\t<div class=\"elementor-element elementor-element-ed44b4c elementor-widget elementor-widget-shortcode\" data-id=\"ed44b4c\" data-element_type=\"widget\" data-e-type=\"widget\" data-widget_type=\"shortcode.default\">\n\t\t\t\t<div class=\"elementor-widget-container\">\n\t\t\t\t\t\t\t<div class=\"elementor-shortcode\"><div class=\"recherche-ressource\">\n\n    <p>Search<\/p>\n\n    <div class=\"d-flex\">\n\n        <input type=\"text\" name=\"doc_keyword\" id=\"doc_keyword\" placeholder=\"Name of media..\">\n\n        <div class=\"search-icon\"><\/div>\n\n    <\/div>\n\n<\/div>\n\n\n\n<div class=\"docs\">\n\n\n\n<\/div>\n\n\n<div class='bloc_askformail'>\n    <div class='bg_askformail'><\/div>\n    <div class='popin_askformail'>\n        <p><b>Pour voir le m\u00e9dia, merci d'indiquer votre adresse email ci-dessous :<\/b><\/p>\n        <form class='form_askformail'>\n            <input type='email' name='mail_askformail' id='mail_askformail' placeholder='Email' required>\n            <div>\n                <input name='checkbox_askformail' id='checkbox_askformail' type='checkbox' value='1' required>\n                <label for='checkbox_askformail'>En cochant cette case, je reconnais avoir lu et accept\u00e9 l'ensemble des <a href='\/cgu\/'><b>CGU<\/b><\/a> et la <a href='\/politique-de-confidentialite\/'><b>politique de confidentialit\u00e9<\/b><\/a>.<\/label>\n            <\/div>\n            <input type='submit' class='button_askformail' value='VALIDER'>\n        <\/form>\n    <\/div>\n<\/div>\n\n\n<script>\n\n    jQuery(document).ready(function($) {\n\n        let ajaxurl = 'https:\/\/www.elephant-vert.com\/wp-admin\/admin-ajax.php';\n\n\n        $(document).on('click', '.accordion-button', function() {\n\n            let bs_target = $(this).attr('data-bs-target');\n\n            if ($(this).hasClass('collapsed')) {\n\n                $(this).removeClass('collapsed');\n\n\n\n                let height = $(bs_target).height();\n\n                $(bs_target).removeClass('collapse');\n\n                $(bs_target).addClass('collapsing');\n\n                setTimeout(function() {\n\n                    $(bs_target).css('height', height + 'px');\n\n                }, 10);\n\n\n\n                setTimeout(function() {\n\n                    $(bs_target).removeClass('collapsing');\n\n                    $(bs_target).css('height', '');\n\n                    $(bs_target).addClass('show');\n\n                    $(bs_target).addClass('collapse');\n\n                }, 300);\n\n            } else {\n\n                let height = $(bs_target).height();\n\n                $(bs_target).css('height', height + 'px');\n\n                $(this).addClass('collapsed');\n\n                setTimeout(function() {\n\n                    $(bs_target).css('height', '');\n\n                }, 10);\n\n\n\n                $(bs_target).addClass('collapsing');\n\n                $(bs_target).removeClass('collapse');\n\n                $(bs_target).removeClass('show');\n\n                setTimeout(function() {\n\n                    $(bs_target).removeClass('collapsing');\n\n                    $(bs_target).addClass('collapse');\n\n                }, 300);\n\n            }\n\n        });\n\n\n\n        \/\/get docs\n\n        let doc_input = $('#doc_keyword');\n\n        let doc_input_submit = $('.recherche-ressource .search-icon');\n\n        doc_input_submit.addClass('loading');\n\n        doc_input.attr('disabled', true);\n\n        doc_input_submit.addClass('disabled');\n\n        $.ajax({\n\n            url: ajaxurl,\n\n            type: \"POST\",\n\n            dataType: \"html\", \/\/ add data type\n\n            data: {\n\n                'action': 'get_medias',\n\n                'search': null\n\n            }\n\n        }).done(function(response) {\n\n            doc_input_submit.removeClass('loading');\n\n            doc_input.attr('disabled', false);\n\n            doc_input_submit.removeClass('disabled');\n\n            $('.docs').html(response); \/\/ Afficher l'HTML\n\n            $('.docs .show_document_button').off().click(askForMail);\n            $('.docs .dl_document_button').off().click(askForMail);\n\n            \n\n        });\n\n\n\n\n\n        \/\/search script\n\n        doc_input_submit.click(function() {\n\n            let val = $(\"#doc_keyword\").val();\n\n\n\n            doc_input_submit.addClass('loading');\n\n            doc_input.attr('disabled', true);\n\n            doc_input_submit.addClass('disabled');\n\n            $.ajax({\n\n                url: ajaxurl,\n\n                type: \"POST\",\n\n                dataType: \"html\", \/\/ add data type\n\n                data: {\n\n                    'action': 'get_medias',\n\n                    'search': val\n\n                }\n\n            }).done(function(response) {\n\n                doc_input_submit.removeClass('loading');\n\n                doc_input.attr('disabled', false);\n\n                doc_input_submit.removeClass('disabled');\n\n                $('.docs').html(response); \/\/ Afficher l'HTML\n\n                $('.accordion-button').removeClass('collapsed');\n\n                $('.accordion-collapse').addClass('show');\n\n                $('.docs .show_document_button').off().click(askForMail);\n                $('.docs .dl_document_button').off().click(askForMail);\n\n            });\n\n        })\n\n\n\n        doc_input.keyup(function(e) {\n\n            e.preventDefault();\n\n            if (e.keyCode == 13) {\n\n                let val = $(\"#doc_keyword\").val();\n\n\n\n                doc_input_submit.addClass('loading');\n\n                doc_input.attr('disabled', true);\n\n                doc_input_submit.addClass('disabled');\n\n                $.ajax({\n\n                    url: ajaxurl,\n\n                    type: \"POST\",\n\n                    dataType: \"html\", \/\/ add data type\n\n                    data: {\n\n                        'action': 'get_medias',\n\n                        'search': val\n\n                    }\n\n                }).done(function(response) {\n\n                    doc_input_submit.removeClass('loading');\n\n                    doc_input.attr('disabled', false);\n\n                    doc_input_submit.removeClass('disabled');\n\n                    $('.docs').html(response); \/\/ Afficher l'HTML\n\n                    $('.accordion-button').removeClass('collapsed');\n\n                    $('.accordion-collapse').addClass('show');\n\n                    $('.docs .show_document_button').off().click(askForMail);\n                    $('.docs .dl_document_button').off().click(askForMail);\n\n                });\n\n            }\n\n        });\n\n        function askForMail(e)\n        {\n            $('.bloc_askformail').css(\"display\", \"flex\").hide().fadeIn();\n\n            $(\"body .bg_askformail\").off().click(function(e){\n                $(\"body .bloc_askformail\").fadeOut();\n            });\n\n            var idMedia = $(this).data(\"id\");\n            var urlMedia = $(this).data(\"url\");\n            var btSource = $(this).attr(\"class\");\n\n            console.log(btSource);\n\n            $(\"body .form_askformail\").off().submit(function(e)\n            {\n                $(\".button_askformail\").prop(\"disabled\", true);\n                $(\".button_askformail\").css(\"opacity\", \"0.2\");\n                $(\".popin_askformail .reponse\").remove();\n\n                $(\"body .bg_askformail\").off();\n\n                e.preventDefault();\n                var mailToSend = $(\"#mail_askformail\").val();\n\n                $(\".popin_askformail\").append(\"<p class='reponse'>Veuillez patienter...<\/p>\");\n\n                $.ajax({\n\n                    url: ajaxurl,\n\n                    type: \"POST\",\n\n                    dataType: \"json\",\n\n                    data: {\n\n                        'action': 'send_mail_for_media',\n\n                        'mail': mailToSend,\n                        'media_id': idMedia,\n                        'media_url': urlMedia,\n\n                    }\n\n                }).done(function(response) {\n                    \n                    if (response.success)\n                    {\n                        $(\".button_askformail\").prop(\"disabled\", false);\n                        $(\".button_askformail\").css(\"opacity\", \"1\");\n\n                        $(\".popin_askformail .reponse\").html(\"<b>Merci, vous allez acc\u00e9der au fichier dans quelques instants...<\/b>\");\n\n                        $('.bloc_askformail').delay(2000).fadeOut();\n\n                        setTimeout(function(){\n\n                            if (btSource == \"dl_document_button\")\n                            {\n                                $(\"<a download>\").prop({\n                                    target: \"_blank\",\n                                    href: urlMedia\n                                })[0].click();\n                            }\n                            else (btSource == \"show_document_button\")\n                            {\n                                $(\"<a>\").prop({\n                                    target: \"_blank\",\n                                    href: urlMedia\n                                })[0].click();\n                            }\n\n                            $(\".popin_askformail .reponse\").remove();\n\n                        }, 2500);\n\n                    }\n                    else\n                    {\n                        $(\".button_askformail\").prop(\"disabled\", false);\n                        $(\".button_askformail\").css(\"opacity\", \"1\");\n\n                        $(\".popin_askformail .reponse\").html(\"Merci d'indiquer une adresse email valide.\");\n\n                        $(\"body .bg_askformail\").off().click(function(e){\n                            $(\"body .bloc_askformail\").fadeOut();\n                        });\n                    }\n\n                }).fail(function(response) {\n\n                    $(\".button_askformail\").prop(\"disabled\", false);\n                    $(\".button_askformail\").css(\"opacity\", \"1\");\n\n                    $(\".popin_askformail .reponse\").html(\"Une erreur s'est produite, veuillez r\u00e9essayer plus tard.\");\n\n                    $(\"body .bg_askformail\").off().click(function(e){\n                        $(\"body .bloc_askformail\").fadeOut();\n                    });\n\n                });\n            })\n        }\n\n    });\n\n    \n\n<\/script>\n\n<\/div>\n\t\t\t\t\t\t<\/div>\n\t\t\t\t<\/div>\n\t\t\t\t\t<\/div>\n\t\t<\/div>\n\t\t\t\t\t<\/div>\n\t\t<\/section>\n\t\t\t\t<\/div>\n\t\t","protected":false},"excerpt":{"rendered":"<p>This space is reserved for communications professionals who wish to highlight El\u00e9phant Vert on their media. (journalists, influencers, partners&#8230;). Use of ELEPHANT VERT photos and media must be requested by e-mail to the communication department. Any observation of use without authorization will at least be the subject of a request for the immediate deletion of &#8230; <a title=\"M\u00e9dia library\" class=\"read-more\" href=\"https:\/\/www.elephant-vert.com\/en\/news\/media-library\/\" aria-label=\"Read more about M\u00e9dia library\">Lire plus<\/a><\/p>\n","protected":false},"author":1,"featured_media":0,"parent":14801,"menu_order":0,"comment_status":"closed","ping_status":"closed","template":"elementor_header_footer","meta":{"_acf_changed":false,"inline_featured_image":false,"footnotes":""},"class_list":["post-20533","page","type-page","status-publish"],"acf":[],"yoast_head":"<!-- This site is optimized with the Yoast SEO plugin v27.2 - https:\/\/yoast.com\/product\/yoast-seo-wordpress\/ -->\n<title>M\u00e9dia library - El\u00e9phant Vert<\/title>\n<meta name=\"description\" content=\"Toutes les ressources m\u00e9dia du groupe El\u00e9phant Vert (EV) pour communiquer sur nos biostimulants, fertilisants organiques et biocontr\u00f4le.\" \/>\n<meta name=\"robots\" content=\"index, follow, max-snippet:-1, max-image-preview:large, max-video-preview:-1\" \/>\n<link rel=\"canonical\" href=\"https:\/\/www.elephant-vert.com\/en\/news\/media-library\/\" \/>\n<meta property=\"og:locale\" content=\"en_US\" \/>\n<meta property=\"og:type\" content=\"article\" \/>\n<meta property=\"og:title\" content=\"M\u00e9dia library - El\u00e9phant Vert\" \/>\n<meta property=\"og:description\" content=\"Toutes les ressources m\u00e9dia du groupe El\u00e9phant Vert (EV) pour communiquer sur nos biostimulants, fertilisants organiques et biocontr\u00f4le.\" \/>\n<meta property=\"og:url\" content=\"https:\/\/www.elephant-vert.com\/en\/news\/media-library\/\" \/>\n<meta property=\"og:site_name\" content=\"El\u00e9phant Vert\" \/>\n<meta property=\"article:modified_time\" content=\"2023-08-02T14:18:44+00:00\" \/>\n<meta name=\"twitter:card\" content=\"summary_large_image\" \/>\n<meta name=\"twitter:label1\" content=\"Est. reading time\" \/>\n\t<meta name=\"twitter:data1\" content=\"20 minutes\" \/>\n<script type=\"application\/ld+json\" class=\"yoast-schema-graph\">{\"@context\":\"https:\/\/schema.org\",\"@graph\":[{\"@type\":\"WebPage\",\"@id\":\"https:\/\/www.elephant-vert.com\/en\/news\/media-library\/\",\"url\":\"https:\/\/www.elephant-vert.com\/en\/news\/media-library\/\",\"name\":\"M\u00e9dia library - El\u00e9phant Vert\",\"isPartOf\":{\"@id\":\"https:\/\/www.elephant-vert.com\/en\/#website\"},\"datePublished\":\"2023-07-19T15:02:12+00:00\",\"dateModified\":\"2023-08-02T14:18:44+00:00\",\"description\":\"Toutes les ressources m\u00e9dia du groupe El\u00e9phant Vert (EV) pour communiquer sur nos biostimulants, fertilisants organiques et biocontr\u00f4le.\",\"breadcrumb\":{\"@id\":\"https:\/\/www.elephant-vert.com\/en\/news\/media-library\/#breadcrumb\"},\"inLanguage\":\"en-US\",\"potentialAction\":[{\"@type\":\"ReadAction\",\"target\":[\"https:\/\/www.elephant-vert.com\/en\/news\/media-library\/\"]}]},{\"@type\":\"BreadcrumbList\",\"@id\":\"https:\/\/www.elephant-vert.com\/en\/news\/media-library\/#breadcrumb\",\"itemListElement\":[{\"@type\":\"ListItem\",\"position\":1,\"name\":\"Home\",\"item\":\"https:\/\/www.elephant-vert.com\/en\/\"},{\"@type\":\"ListItem\",\"position\":2,\"name\":\"News\",\"item\":\"https:\/\/www.elephant-vert.com\/en\/news\/\"},{\"@type\":\"ListItem\",\"position\":3,\"name\":\"M\u00e9dia library\"}]},{\"@type\":\"WebSite\",\"@id\":\"https:\/\/www.elephant-vert.com\/en\/#website\",\"url\":\"https:\/\/www.elephant-vert.com\/en\/\",\"name\":\"El\u00e9phant Vert\",\"description\":\"Cultivons un avenir fertile\",\"publisher\":{\"@id\":\"https:\/\/www.elephant-vert.com\/en\/#organization\"},\"potentialAction\":[{\"@type\":\"SearchAction\",\"target\":{\"@type\":\"EntryPoint\",\"urlTemplate\":\"https:\/\/www.elephant-vert.com\/en\/?s={search_term_string}\"},\"query-input\":{\"@type\":\"PropertyValueSpecification\",\"valueRequired\":true,\"valueName\":\"search_term_string\"}}],\"inLanguage\":\"en-US\"},{\"@type\":\"Organization\",\"@id\":\"https:\/\/www.elephant-vert.com\/en\/#organization\",\"name\":\"El\u00e9phant Vert\",\"url\":\"https:\/\/www.elephant-vert.com\/en\/\",\"logo\":{\"@type\":\"ImageObject\",\"inLanguage\":\"en-US\",\"@id\":\"https:\/\/www.elephant-vert.com\/en\/#\/schema\/logo\/image\/\",\"url\":\"https:\/\/www.elephant-vert.com\/wp-content\/uploads\/2022\/11\/Logo-elephant-vert.svg\",\"contentUrl\":\"https:\/\/www.elephant-vert.com\/wp-content\/uploads\/2022\/11\/Logo-elephant-vert.svg\",\"width\":89,\"height\":55,\"caption\":\"El\u00e9phant Vert\"},\"image\":{\"@id\":\"https:\/\/www.elephant-vert.com\/en\/#\/schema\/logo\/image\/\"}}]}<\/script>\n<!-- \/ Yoast SEO plugin. -->","yoast_head_json":{"title":"M\u00e9dia library - El\u00e9phant Vert","description":"Toutes les ressources m\u00e9dia du groupe El\u00e9phant Vert (EV) pour communiquer sur nos biostimulants, fertilisants organiques et biocontr\u00f4le.","robots":{"index":"index","follow":"follow","max-snippet":"max-snippet:-1","max-image-preview":"max-image-preview:large","max-video-preview":"max-video-preview:-1"},"canonical":"https:\/\/www.elephant-vert.com\/en\/news\/media-library\/","og_locale":"en_US","og_type":"article","og_title":"M\u00e9dia library - El\u00e9phant Vert","og_description":"Toutes les ressources m\u00e9dia du groupe El\u00e9phant Vert (EV) pour communiquer sur nos biostimulants, fertilisants organiques et biocontr\u00f4le.","og_url":"https:\/\/www.elephant-vert.com\/en\/news\/media-library\/","og_site_name":"El\u00e9phant Vert","article_modified_time":"2023-08-02T14:18:44+00:00","twitter_card":"summary_large_image","twitter_misc":{"Est. reading time":"20 minutes"},"schema":{"@context":"https:\/\/schema.org","@graph":[{"@type":"WebPage","@id":"https:\/\/www.elephant-vert.com\/en\/news\/media-library\/","url":"https:\/\/www.elephant-vert.com\/en\/news\/media-library\/","name":"M\u00e9dia library - El\u00e9phant Vert","isPartOf":{"@id":"https:\/\/www.elephant-vert.com\/en\/#website"},"datePublished":"2023-07-19T15:02:12+00:00","dateModified":"2023-08-02T14:18:44+00:00","description":"Toutes les ressources m\u00e9dia du groupe El\u00e9phant Vert (EV) pour communiquer sur nos biostimulants, fertilisants organiques et biocontr\u00f4le.","breadcrumb":{"@id":"https:\/\/www.elephant-vert.com\/en\/news\/media-library\/#breadcrumb"},"inLanguage":"en-US","potentialAction":[{"@type":"ReadAction","target":["https:\/\/www.elephant-vert.com\/en\/news\/media-library\/"]}]},{"@type":"BreadcrumbList","@id":"https:\/\/www.elephant-vert.com\/en\/news\/media-library\/#breadcrumb","itemListElement":[{"@type":"ListItem","position":1,"name":"Home","item":"https:\/\/www.elephant-vert.com\/en\/"},{"@type":"ListItem","position":2,"name":"News","item":"https:\/\/www.elephant-vert.com\/en\/news\/"},{"@type":"ListItem","position":3,"name":"M\u00e9dia library"}]},{"@type":"WebSite","@id":"https:\/\/www.elephant-vert.com\/en\/#website","url":"https:\/\/www.elephant-vert.com\/en\/","name":"El\u00e9phant Vert","description":"Cultivons un avenir fertile","publisher":{"@id":"https:\/\/www.elephant-vert.com\/en\/#organization"},"potentialAction":[{"@type":"SearchAction","target":{"@type":"EntryPoint","urlTemplate":"https:\/\/www.elephant-vert.com\/en\/?s={search_term_string}"},"query-input":{"@type":"PropertyValueSpecification","valueRequired":true,"valueName":"search_term_string"}}],"inLanguage":"en-US"},{"@type":"Organization","@id":"https:\/\/www.elephant-vert.com\/en\/#organization","name":"El\u00e9phant Vert","url":"https:\/\/www.elephant-vert.com\/en\/","logo":{"@type":"ImageObject","inLanguage":"en-US","@id":"https:\/\/www.elephant-vert.com\/en\/#\/schema\/logo\/image\/","url":"https:\/\/www.elephant-vert.com\/wp-content\/uploads\/2022\/11\/Logo-elephant-vert.svg","contentUrl":"https:\/\/www.elephant-vert.com\/wp-content\/uploads\/2022\/11\/Logo-elephant-vert.svg","width":89,"height":55,"caption":"El\u00e9phant Vert"},"image":{"@id":"https:\/\/www.elephant-vert.com\/en\/#\/schema\/logo\/image\/"}}]}},"_links":{"self":[{"href":"https:\/\/www.elephant-vert.com\/en\/wp-json\/wp\/v2\/pages\/20533","targetHints":{"allow":["GET"]}}],"collection":[{"href":"https:\/\/www.elephant-vert.com\/en\/wp-json\/wp\/v2\/pages"}],"about":[{"href":"https:\/\/www.elephant-vert.com\/en\/wp-json\/wp\/v2\/types\/page"}],"author":[{"embeddable":true,"href":"https:\/\/www.elephant-vert.com\/en\/wp-json\/wp\/v2\/users\/1"}],"replies":[{"embeddable":true,"href":"https:\/\/www.elephant-vert.com\/en\/wp-json\/wp\/v2\/comments?post=20533"}],"version-history":[{"count":0,"href":"https:\/\/www.elephant-vert.com\/en\/wp-json\/wp\/v2\/pages\/20533\/revisions"}],"up":[{"embeddable":true,"href":"https:\/\/www.elephant-vert.com\/en\/wp-json\/wp\/v2\/pages\/14801"}],"wp:attachment":[{"href":"https:\/\/www.elephant-vert.com\/en\/wp-json\/wp\/v2\/media?parent=20533"}],"curies":[{"name":"wp","href":"https:\/\/api.w.org\/{rel}","templated":true}]}}